{"id":518444,"date":"2026-04-04T07:40:04","date_gmt":"2026-04-04T05:40:04","guid":{"rendered":"https:\/\/interiorposter.com\/product\/obraz-na-plotnie-subtelne-liscie-w-stylu-vintage\/"},"modified":"2026-05-10T23:13:45","modified_gmt":"2026-05-10T21:13:45","slug":"obraz-na-plotnie-subtelne-liscie-w-stylu-vintage","status":"publish","type":"product","link":"https:\/\/interiorposter.com\/cs\/product\/obraz-na-plotnie-subtelne-liscie-w-stylu-vintage\/","title":{"rendered":"Obraz na pl\u00e1tn\u011b jemn\u00e9 listy ve vintage stylu"},"content":{"rendered":"<p>Obraz na pl\u00e1tn\u011b s jemn\u00fdmi listy ve vintage stylu okouzl\u00ed klidem, lehkost\u00ed a p\u0159irozenou eleganc\u00ed. Pr\u016fsvitn\u00e9 tvary, m\u011bkk\u00e9 t\u00f3nov\u00e9 p\u0159echody a patinovan\u00e9 pozad\u00ed vytv\u00e1\u0159ej\u00ed subtiln\u00ed, dekorativn\u00ed a velmi stylovou kompozici. Je to kr\u00e1sn\u00fd obraz na st\u011bnu do ob\u00fdvac\u00edho pokoje, lo\u017enice, kancel\u00e1\u0159e, hotelu nebo p\u0159eds\u00edn\u011b, zejm\u00e9na do minimalistick\u00fdch, skandin\u00e1vsk\u00fdch, modern\u00edch a p\u0159\u00edrodou inspirovan\u00fdch interi\u00e9r\u016f. Tato dekorace vnese do prostoru harmonii, teplo a uklid\u0148uj\u00edc\u00ed atmosf\u00e9ru. Barevn\u00e9 lad\u011bn\u00ed je sv\u011btl\u00e9 a \u0161ed\u00e9, s akcenty b\u00e9\u017eov\u00e9, hn\u011bd\u00e9, grafitov\u00e9 a lomen\u00e9 b\u00edl\u00e9.<\/p>\n","protected":false},"excerpt":{"rendered":"<p>Subtiln\u00ed obraz na pl\u00e1tn\u011b s pr\u016fsvitn\u00fdmi listy ve vintage stylu. Elegantn\u00ed dekorace do ob\u00fdvac\u00edho pokoje, lo\u017enice, kancel\u00e1\u0159e nebo hotelu.<\/p>\n","protected":false},"featured_media":435196,"comment_status":"closed","ping_status":"closed","template":"","meta":[],"product_brand":[],"product_cat":[74,289,86,68,102,105,83,71,123,111],"product_tag":[702,698,180],"class_list":{"0":"post-518444","1":"product","2":"type-product","3":"status-publish","4":"has-post-thumbnail","6":"product_cat-hotel-cs","7":"product_cat-ilustrace","8":"product_cat-kancelar","9":"product_cat-loznice","10":"product_cat-minimalisticky","11":"product_cat-moderni","12":"product_cat-obyvaci-pokoj","13":"product_cat-predsin","14":"product_cat-rostliny-a-kvetiny","15":"product_cat-skandinavsky","16":"product_tag-horizontalni","17":"product_tag-moderni-obrazy","18":"product_tag-seda","19":"pa_size-finishing-30x20-standard-cs","20":"pa_size-finishing-30x20-na-italskem-platne","21":"pa_size-finishing-30x20-premium-print-cs","22":"pa_size-finishing-30x20-akusticky","23":"pa_size-finishing-60x40-standard-cs","24":"pa_size-finishing-60x40-na-italskem-platne","25":"pa_size-finishing-60x40-premium-print-cs","26":"pa_size-finishing-60x40-akusticky","27":"pa_size-finishing-60x40-v-prirodnim-drevenem-ramu","28":"pa_size-finishing-60x40-v-cernem-drevenem-ramu","29":"pa_size-finishing-90x60-standard-cs","30":"pa_size-finishing-90x60-na-italskem-platne","31":"pa_size-finishing-90x60-premium-print-cs","32":"pa_size-finishing-90x60-akusticky","33":"pa_size-finishing-90x60-v-prirodnim-drevenem-ramu","34":"pa_size-finishing-90x60-v-cernem-drevenem-ramu","35":"pa_size-finishing-120x80-standard-cs","36":"pa_size-finishing-120x80-na-italskem-platne","37":"pa_size-finishing-120x80-premium-print-cs","38":"pa_size-finishing-120x80-akusticky","39":"pa_size-finishing-120x80-v-prirodnim-drevenem-ramu","40":"pa_size-finishing-120x80-v-cernem-drevenem-ramu","42":"first","43":"instock","44":"purchasable","45":"product-type-variable","46":"has-default-attributes"},"aioseo_notices":[],"_links":{"self":[{"href":"https:\/\/interiorposter.com\/cs\/wp-json\/wp\/v2\/product\/518444","targetHints":{"allow":["GET"]}}],"collection":[{"href":"https:\/\/interiorposter.com\/cs\/wp-json\/wp\/v2\/product"}],"about":[{"href":"https:\/\/interiorposter.com\/cs\/wp-json\/wp\/v2\/types\/product"}],"replies":[{"embeddable":true,"href":"https:\/\/interiorposter.com\/cs\/wp-json\/wp\/v2\/comments?post=518444"}],"wp:featuredmedia":[{"embeddable":true,"href":"https:\/\/interiorposter.com\/cs\/wp-json\/wp\/v2\/media\/435196"}],"wp:attachment":[{"href":"https:\/\/interiorposter.com\/cs\/wp-json\/wp\/v2\/media?parent=518444"}],"wp:term":[{"taxonomy":"product_brand","embeddable":true,"href":"https:\/\/interiorposter.com\/cs\/wp-json\/wp\/v2\/product_brand?post=518444"},{"taxonomy":"product_cat","embeddable":true,"href":"https:\/\/interiorposter.com\/cs\/wp-json\/wp\/v2\/product_cat?post=518444"},{"taxonomy":"product_tag","embeddable":true,"href":"https:\/\/interiorposter.com\/cs\/wp-json\/wp\/v2\/product_tag?post=518444"}],"curies":[{"name":"wp","href":"https:\/\/api.w.org\/{rel}","templated":true}]}}