{"id":518362,"date":"2026-04-04T07:00:03","date_gmt":"2026-04-04T05:00:03","guid":{"rendered":"https:\/\/interiorposter.com\/product\/obraz-na-plotnie-abstrakcyjne-galezie-w-szarosci\/"},"modified":"2026-05-10T23:07:45","modified_gmt":"2026-05-10T21:07:45","slug":"obraz-na-plotnie-abstrakcyjne-galezie-w-szarosci","status":"publish","type":"product","link":"https:\/\/interiorposter.com\/cs\/product\/obraz-na-plotnie-abstrakcyjne-galezie-w-szarosci\/","title":{"rendered":"Obraz na pl\u00e1tn\u011b abstraktn\u00ed v\u011btve v \u0161ed\u00fdch t\u00f3nech"},"content":{"rendered":"<p>Obraz na pl\u00e1tn\u011b s motivem \u010dern\u00fdch rozv\u011btven\u00fdch v\u011btv\u00ed na sv\u011btl\u00e9m pozad\u00ed p\u0159itahuje pozornost modern\u00ed jednoduchost\u00ed a v\u00fdraznou formou. Dynamick\u00e1 kresba v\u011btv\u00ed vytv\u00e1\u0159\u00ed dekoraci plnou charakteru, a p\u0159itom si zachov\u00e1v\u00e1 elegantn\u00ed a st\u0159\u00eddm\u00fd vzhled. Je to skv\u011bl\u00e1 volba do ob\u00fdvac\u00edho pokoje, lo\u017enice, kancel\u00e1\u0159e, hotelu nebo p\u0159eds\u00edn\u011b, zejm\u00e9na do minimalistick\u00fdch, modern\u00edch a skandin\u00e1vsk\u00fdch interi\u00e9r\u016f. Takov\u00fd obraz na st\u011bnu kr\u00e1sn\u011b podtrhne aran\u017em\u00e1, dod\u00e1 mu hloubku a vnese um\u011bleck\u00fd akcent bez toho, aby prostor p\u016fsobil p\u0159epln\u011bn\u011b. Barevn\u00e9 lad\u011bn\u00ed je sv\u011btl\u00e9 a \u0161ed\u00e9, se siln\u00fdm kontrastem \u010dern\u00e9, b\u00edl\u00e9 a jemn\u00fdch odst\u00edn\u016f grafitu.<\/p>\n","protected":false},"excerpt":{"rendered":"<p>Obraz na pl\u00e1tn\u011b s abstraktn\u00edm motivem v\u011btv\u00ed v \u010dern\u00e9 a b\u00edl\u00e9. Stylov\u00e1 dekorace do ob\u00fdvac\u00edho pokoje, lo\u017enice, kancel\u00e1\u0159e nebo hotelu.<\/p>\n","protected":false},"featured_media":433556,"comment_status":"closed","ping_status":"closed","template":"","meta":[],"product_brand":[],"product_cat":[95,74,289,86,68,102,105,83,71,123,111],"product_tag":[702,698,180,1304,274],"class_list":{"0":"post-518362","1":"product","2":"type-product","3":"status-publish","4":"has-post-thumbnail","6":"product_cat-abstraktni","7":"product_cat-hotel-cs","8":"product_cat-ilustrace","9":"product_cat-kancelar","10":"product_cat-loznice","11":"product_cat-minimalisticky","12":"product_cat-moderni","13":"product_cat-obyvaci-pokoj","14":"product_cat-predsin","15":"product_cat-rostliny-a-kvetiny","16":"product_cat-skandinavsky","17":"product_tag-horizontalni","18":"product_tag-moderni-obrazy","19":"product_tag-seda","20":"product_tag-strom","21":"product_tag-svetle","22":"pa_size-finishing-30x20-standard-cs","23":"pa_size-finishing-30x20-na-italskem-platne","24":"pa_size-finishing-30x20-premium-print-cs","25":"pa_size-finishing-30x20-akusticky","26":"pa_size-finishing-60x40-standard-cs","27":"pa_size-finishing-60x40-na-italskem-platne","28":"pa_size-finishing-60x40-premium-print-cs","29":"pa_size-finishing-60x40-akusticky","30":"pa_size-finishing-60x40-v-prirodnim-drevenem-ramu","31":"pa_size-finishing-60x40-v-cernem-drevenem-ramu","32":"pa_size-finishing-90x60-standard-cs","33":"pa_size-finishing-90x60-na-italskem-platne","34":"pa_size-finishing-90x60-premium-print-cs","35":"pa_size-finishing-90x60-akusticky","36":"pa_size-finishing-90x60-v-prirodnim-drevenem-ramu","37":"pa_size-finishing-90x60-v-cernem-drevenem-ramu","38":"pa_size-finishing-120x80-standard-cs","39":"pa_size-finishing-120x80-na-italskem-platne","40":"pa_size-finishing-120x80-premium-print-cs","41":"pa_size-finishing-120x80-akusticky","42":"pa_size-finishing-120x80-v-prirodnim-drevenem-ramu","43":"pa_size-finishing-120x80-v-cernem-drevenem-ramu","45":"first","46":"instock","47":"purchasable","48":"product-type-variable","49":"has-default-attributes"},"aioseo_notices":[],"_links":{"self":[{"href":"https:\/\/interiorposter.com\/cs\/wp-json\/wp\/v2\/product\/518362","targetHints":{"allow":["GET"]}}],"collection":[{"href":"https:\/\/interiorposter.com\/cs\/wp-json\/wp\/v2\/product"}],"about":[{"href":"https:\/\/interiorposter.com\/cs\/wp-json\/wp\/v2\/types\/product"}],"replies":[{"embeddable":true,"href":"https:\/\/interiorposter.com\/cs\/wp-json\/wp\/v2\/comments?post=518362"}],"wp:featuredmedia":[{"embeddable":true,"href":"https:\/\/interiorposter.com\/cs\/wp-json\/wp\/v2\/media\/433556"}],"wp:attachment":[{"href":"https:\/\/interiorposter.com\/cs\/wp-json\/wp\/v2\/media?parent=518362"}],"wp:term":[{"taxonomy":"product_brand","embeddable":true,"href":"https:\/\/interiorposter.com\/cs\/wp-json\/wp\/v2\/product_brand?post=518362"},{"taxonomy":"product_cat","embeddable":true,"href":"https:\/\/interiorposter.com\/cs\/wp-json\/wp\/v2\/product_cat?post=518362"},{"taxonomy":"product_tag","embeddable":true,"href":"https:\/\/interiorposter.com\/cs\/wp-json\/wp\/v2\/product_tag?post=518362"}],"curies":[{"name":"wp","href":"https:\/\/api.w.org\/{rel}","templated":true}]}}