{"id":518199,"date":"2026-03-05T18:30:01","date_gmt":"2026-03-05T17:30:01","guid":{"rendered":"https:\/\/interiorposter.com\/product\/obraz-wieloczesciowy-tryptyk-drzewo-na-polu-lawendy\/"},"modified":"2026-05-09T23:25:01","modified_gmt":"2026-05-09T21:25:01","slug":"obraz-wieloczesciowy-tryptyk-drzewo-na-polu-lawendy","status":"publish","type":"product","link":"https:\/\/interiorposter.com\/cs\/product\/obraz-wieloczesciowy-tryptyk-drzewo-na-polu-lawendy\/","title":{"rendered":"V\u00edced\u00edln\u00fd obraz na pl\u00e1tn\u011b triptych strom na levandulov\u00e9m poli"},"content":{"rendered":"<p>V\u00edced\u00edln\u00fd obraz na pl\u00e1tn\u011b s osam\u011bl\u00fdm stromem uprost\u0159ed fialov\u00e9ho levandulov\u00e9ho pole vytv\u00e1\u0159\u00ed dekoraci plnou klidu, barev a romantick\u00e9 atmosf\u00e9ry. T\u0159i \u010d\u00e1sti tvo\u0159\u00ed p\u016fsobivou kompozici s kr\u00e1snou perspektivou, kter\u00e1 opticky prohlubuje interi\u00e9r a p\u0159itahuje pozornost. Intenzivn\u00ed odst\u00edny levandule, zelen\u00e1 koruna stromu a n\u00e1ladov\u00e1 obloha dod\u00e1vaj\u00ed celku eleganci a sv\u011b\u017eest. Je to ide\u00e1ln\u00ed obraz na pl\u00e1tn\u011b do ob\u00fdvac\u00edho pokoje, lo\u017enice, kancel\u00e1\u0159e, hotelu nebo p\u0159eds\u00edn\u011b, zejm\u00e9na do modern\u00edch, provens\u00e1lsk\u00fdch a p\u0159\u00edrodou inspirovan\u00fdch interi\u00e9r\u016f. Barevn\u00e9 lad\u011bn\u00ed je v\u00edcebarevn\u00e9, s p\u0159evahou fialov\u00e9, zelen\u00e9, r\u016f\u017eov\u00e9 a jemn\u00fdch odst\u00edn\u016f \u0161ed\u00e9.<\/p>\n","protected":false},"excerpt":{"rendered":"<p>V\u00edced\u00edln\u00fd obraz na pl\u00e1tn\u011b s osam\u011bl\u00fdm stromem na levandulov\u00e9m poli. Romantick\u00e1 dekorace do ob\u00fdvac\u00edho pokoje, lo\u017enice nebo kancel\u00e1\u0159e.<\/p>\n","protected":false},"featured_media":219583,"comment_status":"open","ping_status":"closed","template":"","meta":[],"product_brand":[],"product_cat":[108,74,86,135,68,105,83,71,123],"product_tag":[1304,186,533],"class_list":{"0":"post-518199","1":"product","2":"type-product","3":"status-publish","4":"has-post-thumbnail","6":"product_cat-fotografie","7":"product_cat-hotel-cs","8":"product_cat-kancelar","9":"product_cat-krajiny","10":"product_cat-loznice","11":"product_cat-moderni","12":"product_cat-obyvaci-pokoj","13":"product_cat-predsin","14":"product_cat-rostliny-a-kvetiny","15":"product_tag-strom","16":"product_tag-vicebarevny","17":"product_tag-vicedilny-obraz","19":"first","20":"instock","21":"taxable","22":"shipping-taxable","23":"purchasable","24":"product-type-variable","25":"has-default-attributes"},"aioseo_notices":[],"_links":{"self":[{"href":"https:\/\/interiorposter.com\/cs\/wp-json\/wp\/v2\/product\/518199","targetHints":{"allow":["GET"]}}],"collection":[{"href":"https:\/\/interiorposter.com\/cs\/wp-json\/wp\/v2\/product"}],"about":[{"href":"https:\/\/interiorposter.com\/cs\/wp-json\/wp\/v2\/types\/product"}],"replies":[{"embeddable":true,"href":"https:\/\/interiorposter.com\/cs\/wp-json\/wp\/v2\/comments?post=518199"}],"wp:featuredmedia":[{"embeddable":true,"href":"https:\/\/interiorposter.com\/cs\/wp-json\/wp\/v2\/media\/219583"}],"wp:attachment":[{"href":"https:\/\/interiorposter.com\/cs\/wp-json\/wp\/v2\/media?parent=518199"}],"wp:term":[{"taxonomy":"product_brand","embeddable":true,"href":"https:\/\/interiorposter.com\/cs\/wp-json\/wp\/v2\/product_brand?post=518199"},{"taxonomy":"product_cat","embeddable":true,"href":"https:\/\/interiorposter.com\/cs\/wp-json\/wp\/v2\/product_cat?post=518199"},{"taxonomy":"product_tag","embeddable":true,"href":"https:\/\/interiorposter.com\/cs\/wp-json\/wp\/v2\/product_tag?post=518199"}],"curies":[{"name":"wp","href":"https:\/\/api.w.org\/{rel}","templated":true}]}}