{"id":517954,"date":"2025-11-12T18:04:32","date_gmt":"2025-11-12T17:04:32","guid":{"rendered":"https:\/\/interiorposter.com\/product\/plakat-w-ramie-tropikalna-palma-w-jasnej-odslonie\/"},"modified":"2026-05-09T23:09:39","modified_gmt":"2026-05-09T21:09:39","slug":"plakat-w-ramie-tropikalna-palma-w-jasnej-odslonie","status":"publish","type":"product","link":"https:\/\/interiorposter.com\/cs\/product\/plakat-w-ramie-tropikalna-palma-w-jasnej-odslonie\/","title":{"rendered":"Plak\u00e1t v r\u00e1mu tropick\u00e1 palma ve sv\u011btl\u00e9m proveden\u00ed"},"content":{"rendered":"<p>Plak\u00e1t v r\u00e1mu s motivem tropick\u00e9 palmy je stylov\u00e1 n\u00e1st\u011bnn\u00e1 dekorace, kter\u00e1 do interi\u00e9ru vn\u00e1\u0161\u00ed sv\u011b\u017eest, lehkost a jemn\u00fd exotick\u00fd akcent. \u0160t\u00edhl\u00fd kmen, hust\u00e1 koruna rozlo\u017eit\u00fdch list\u016f a sv\u011btl\u00e9 pozad\u00ed vytv\u00e1\u0159ej\u00ed elegantn\u00ed, harmonickou kompozici, ide\u00e1ln\u00ed do modern\u00edch a minimalistick\u00fdch aran\u017em\u00e1. Takov\u00fd plak\u00e1t kr\u00e1sn\u011b vynikne v ob\u00fdvac\u00edm pokoji, lo\u017enici, kancel\u00e1\u0159i, hotelu, restauraci nebo p\u0159eds\u00edni a dod\u00e1 prostoru p\u0159irozen\u00fd p\u016fvab i klidn\u00fd charakter.<\/p>\n<p>Plak\u00e1t v r\u00e1mu je univerz\u00e1ln\u00ed dekorace a snadno se umis\u0165uje do ka\u017ed\u00e9 m\u00edstnosti. Je dostupn\u00fd v mnoha rozm\u011brech a ve fotografick\u00e9 kvalit\u011b tisku, tak\u017ee jej lze snadno p\u0159izp\u016fsobit velikosti i stylu interi\u00e9ru. Tisk je proveden ekologickou, bez z\u00e1pachu a zcela bezpe\u010dnou metodou latexov\u00e9ho tisku. Plak\u00e1t je zar\u00e1mov\u00e1n s paspartou, kter\u00e1 podtrhuje jeho elegantn\u00ed vzhled. Na v\u00fdb\u011br jsou d\u0159ev\u011bn\u00e9 r\u00e1my v p\u0159\u00edrodn\u00ed, \u010dern\u00e9 nebo \u0161ed\u00e9 barv\u011b a tak\u00e9 hlin\u00edkov\u00e9 r\u00e1my v \u010dern\u00e9 nebo st\u0159\u00edbrn\u00e9 barv\u011b. P\u0159edn\u00ed \u010d\u00e1st r\u00e1mu tvo\u0159\u00ed plexisklo, d\u00edky \u010demu\u017e je produkt lehk\u00fd a odoln\u00fd proti rozbit\u00ed, zat\u00edmco zadn\u00ed \u010d\u00e1st je vyrobena z HDF desky. Plak\u00e1tov\u00fd pap\u00edr m\u00e1 hladk\u00fd, polomatn\u00fd povrch a vysokou gram\u00e1\u017e 200 g\/m2. Barevn\u00e9 lad\u011bn\u00ed je sv\u011btl\u00e9, s p\u0159evahou zelen\u00e9, b\u00edl\u00e9, b\u00e9\u017eov\u00e9 a p\u0159\u00edrodn\u00edch hn\u011bd\u00fdch t\u00f3n\u016f.<\/p>\n","protected":false},"excerpt":{"rendered":"<p>Plak\u00e1t v r\u00e1mu s tropickou palmou a paspartou. Elegantn\u00ed dekorace do ob\u00fdvac\u00edho pokoje, lo\u017enice, kancel\u00e1\u0159e nebo hotelu, dostupn\u00e1 v d\u0159ev\u011bn\u00fdch i hlin\u00edkov\u00fdch r\u00e1mech.<\/p>\n","protected":false},"featured_media":133841,"comment_status":"open","ping_status":"closed","template":"","meta":[],"product_brand":[],"product_cat":[74,289,86,68,102,105,83,71,89,123],"product_tag":[1304,274,704,186],"class_list":{"0":"post-517954","1":"product","2":"type-product","3":"status-publish","4":"has-post-thumbnail","6":"product_cat-hotel-cs","7":"product_cat-ilustrace","8":"product_cat-kancelar","9":"product_cat-loznice","10":"product_cat-minimalisticky","11":"product_cat-moderni","12":"product_cat-obyvaci-pokoj","13":"product_cat-predsin","14":"product_cat-restaurace","15":"product_cat-rostliny-a-kvetiny","16":"product_tag-strom","17":"product_tag-svetle","18":"product_tag-vertikalni","19":"product_tag-vicebarevny","21":"first","22":"instock","23":"taxable","24":"shipping-taxable","25":"purchasable","26":"product-type-variable","27":"has-default-attributes"},"aioseo_notices":[],"_links":{"self":[{"href":"https:\/\/interiorposter.com\/cs\/wp-json\/wp\/v2\/product\/517954","targetHints":{"allow":["GET"]}}],"collection":[{"href":"https:\/\/interiorposter.com\/cs\/wp-json\/wp\/v2\/product"}],"about":[{"href":"https:\/\/interiorposter.com\/cs\/wp-json\/wp\/v2\/types\/product"}],"replies":[{"embeddable":true,"href":"https:\/\/interiorposter.com\/cs\/wp-json\/wp\/v2\/comments?post=517954"}],"wp:featuredmedia":[{"embeddable":true,"href":"https:\/\/interiorposter.com\/cs\/wp-json\/wp\/v2\/media\/133841"}],"wp:attachment":[{"href":"https:\/\/interiorposter.com\/cs\/wp-json\/wp\/v2\/media?parent=517954"}],"wp:term":[{"taxonomy":"product_brand","embeddable":true,"href":"https:\/\/interiorposter.com\/cs\/wp-json\/wp\/v2\/product_brand?post=517954"},{"taxonomy":"product_cat","embeddable":true,"href":"https:\/\/interiorposter.com\/cs\/wp-json\/wp\/v2\/product_cat?post=517954"},{"taxonomy":"product_tag","embeddable":true,"href":"https:\/\/interiorposter.com\/cs\/wp-json\/wp\/v2\/product_tag?post=517954"}],"curies":[{"name":"wp","href":"https:\/\/api.w.org\/{rel}","templated":true}]}}