{"id":517763,"date":"2025-11-12T17:14:38","date_gmt":"2025-11-12T16:14:38","guid":{"rendered":"https:\/\/interiorposter.com\/product\/plakat-w-ramie-egzotyczna-palma-w-nowoczesnym-stylu\/"},"modified":"2026-05-09T23:02:47","modified_gmt":"2026-05-09T21:02:47","slug":"plakat-w-ramie-egzotyczna-palma-w-nowoczesnym-stylu","status":"publish","type":"product","link":"https:\/\/interiorposter.com\/cs\/product\/plakat-w-ramie-egzotyczna-palma-w-nowoczesnym-stylu\/","title":{"rendered":"Plak\u00e1t v r\u00e1mu exotick\u00e1 palma v modern\u00edm stylu"},"content":{"rendered":"<p>Plak\u00e1t v r\u00e1mu s motivem exotick\u00e9 palmy je elegantn\u00ed n\u00e1st\u011bnn\u00e1 dekorace, kter\u00e1 do interi\u00e9ru vn\u00e1\u0161\u00ed lehkost, klid a jemnou atmosf\u00e9ru inspirovanou p\u0159\u00edrodou. \u0160t\u00edhl\u00fd kmen, rozlo\u017eit\u00e9 listy a tlumen\u00e9 pozad\u00ed vytv\u00e1\u0159ej\u00ed kompozici, kter\u00e1 je v\u00fdrazn\u00e1 a z\u00e1rove\u0148 harmonick\u00e1, tak\u017ee se plak\u00e1t skv\u011ble hod\u00ed jak do modern\u00edch, tak i do minimalisti\u010dt\u011bj\u0161\u00edch interi\u00e9r\u016f. Je to v\u00fdborn\u00e1 volba do ob\u00fdvac\u00edho pokoje, lo\u017enice, kancel\u00e1\u0159e, hotelu, restaurace nebo p\u0159eds\u00edn\u011b, v\u0161ude tam, kde z\u00e1le\u017e\u00ed na stylov\u00e9 a nad\u010dasov\u00e9 dekoraci na st\u011bn\u011b.<\/p>\n<p>Plak\u00e1t v r\u00e1mu je univerz\u00e1ln\u00ed dekorace a snadno se umis\u0165uje do ka\u017ed\u00e9 m\u00edstnosti. Je dostupn\u00fd v mnoha rozm\u011brech a ve fotografick\u00e9 kvalit\u011b tisku, tak\u017ee jej lze snadno p\u0159izp\u016fsobit velikosti i charakteru interi\u00e9ru. Tisk je proveden ekologickou, bez z\u00e1pachu a zcela bezpe\u010dnou metodou latexov\u00e9ho tisku. Plak\u00e1t je zar\u00e1mov\u00e1n s paspartou, kter\u00e1 nav\u00edc podtrhuje jeho elegantn\u00ed vzhled. Na v\u00fdb\u011br jsou d\u0159ev\u011bn\u00e9 r\u00e1my v p\u0159\u00edrodn\u00ed, \u010dern\u00e9 nebo \u0161ed\u00e9 barv\u011b a tak\u00e9 hlin\u00edkov\u00e9 r\u00e1my v \u010dern\u00e9 nebo st\u0159\u00edbrn\u00e9 barv\u011b. P\u0159edn\u00ed \u010d\u00e1st r\u00e1mu tvo\u0159\u00ed plexisklo, d\u00edky \u010demu\u017e je produkt lehk\u00fd a odoln\u00fd proti rozbit\u00ed, zat\u00edmco zadn\u00ed \u010d\u00e1st je vyrobena z HDF desky. Plak\u00e1tov\u00fd pap\u00edr m\u00e1 hladk\u00fd, polomatn\u00fd povrch a vysokou gram\u00e1\u017e 200 g\/m2. Barevn\u00e9 lad\u011bn\u00ed je tmav\u00e9, s p\u0159evahou zelen\u00e9, hn\u011bd\u00e9, b\u00e9\u017eov\u00e9 a tlumen\u00fdch odst\u00edn\u016f \u0161ed\u00e9.<\/p>\n","protected":false},"excerpt":{"rendered":"<p>Plak\u00e1t v r\u00e1mu s exotickou palmou a paspartou. Stylov\u00e1 dekorace do ob\u00fdvac\u00edho pokoje, lo\u017enice, kancel\u00e1\u0159e nebo hotelu, dostupn\u00e1 v d\u0159ev\u011bn\u00fdch i hlin\u00edkov\u00fdch r\u00e1mech.<\/p>\n","protected":false},"featured_media":130644,"comment_status":"open","ping_status":"closed","template":"","meta":[],"product_brand":[],"product_cat":[74,289,86,68,102,105,83,71,89,123],"product_tag":[180,1304,704,186],"class_list":{"0":"post-517763","1":"product","2":"type-product","3":"status-publish","4":"has-post-thumbnail","6":"product_cat-hotel-cs","7":"product_cat-ilustrace","8":"product_cat-kancelar","9":"product_cat-loznice","10":"product_cat-minimalisticky","11":"product_cat-moderni","12":"product_cat-obyvaci-pokoj","13":"product_cat-predsin","14":"product_cat-restaurace","15":"product_cat-rostliny-a-kvetiny","16":"product_tag-seda","17":"product_tag-strom","18":"product_tag-vertikalni","19":"product_tag-vicebarevny","21":"first","22":"instock","23":"taxable","24":"shipping-taxable","25":"purchasable","26":"product-type-variable","27":"has-default-attributes"},"aioseo_notices":[],"_links":{"self":[{"href":"https:\/\/interiorposter.com\/cs\/wp-json\/wp\/v2\/product\/517763","targetHints":{"allow":["GET"]}}],"collection":[{"href":"https:\/\/interiorposter.com\/cs\/wp-json\/wp\/v2\/product"}],"about":[{"href":"https:\/\/interiorposter.com\/cs\/wp-json\/wp\/v2\/types\/product"}],"replies":[{"embeddable":true,"href":"https:\/\/interiorposter.com\/cs\/wp-json\/wp\/v2\/comments?post=517763"}],"wp:featuredmedia":[{"embeddable":true,"href":"https:\/\/interiorposter.com\/cs\/wp-json\/wp\/v2\/media\/130644"}],"wp:attachment":[{"href":"https:\/\/interiorposter.com\/cs\/wp-json\/wp\/v2\/media?parent=517763"}],"wp:term":[{"taxonomy":"product_brand","embeddable":true,"href":"https:\/\/interiorposter.com\/cs\/wp-json\/wp\/v2\/product_brand?post=517763"},{"taxonomy":"product_cat","embeddable":true,"href":"https:\/\/interiorposter.com\/cs\/wp-json\/wp\/v2\/product_cat?post=517763"},{"taxonomy":"product_tag","embeddable":true,"href":"https:\/\/interiorposter.com\/cs\/wp-json\/wp\/v2\/product_tag?post=517763"}],"curies":[{"name":"wp","href":"https:\/\/api.w.org\/{rel}","templated":true}]}}