{"id":517566,"date":"2025-11-12T15:13:32","date_gmt":"2025-11-12T14:13:32","guid":{"rendered":"https:\/\/interiorposter.com\/product\/plakat-w-ramie-drzewo-zycia-w-artystycznym-stylu\/"},"modified":"2026-05-09T22:51:27","modified_gmt":"2026-05-09T20:51:27","slug":"plakat-w-ramie-drzewo-zycia-w-artystycznym-stylu","status":"publish","type":"product","link":"https:\/\/interiorposter.com\/cs\/product\/plakat-w-ramie-drzewo-zycia-w-artystycznym-stylu\/","title":{"rendered":"Plak\u00e1t v r\u00e1mu strom \u017eivota v um\u011bleck\u00e9m stylu"},"content":{"rendered":"<p>Plak\u00e1t v r\u00e1mu s motivem stromu \u017eivota je v\u00fdjime\u010dn\u00e1 n\u00e1st\u011bnn\u00e1 dekorace, kter\u00e1 spojuje symboliku p\u0159\u00edrody s modern\u00edm, um\u011bleck\u00fdm proveden\u00edm. Kompozice pln\u00e1 spir\u00e1lov\u00fdch detail\u016f, m\u011bkk\u00fdch lini\u00ed a harmonick\u00fdch barev p\u0159itahuje pohled a z\u00e1rove\u0148 vn\u00e1\u0161\u00ed do interi\u00e9ru klid, teplo a pozitivn\u00ed energii. Plak\u00e1t je dostupn\u00fd v mnoha rozm\u011brech a v elegantn\u00edm r\u00e1mu s paspartou, tak\u017ee jej snadno slad\u00edte se stylem m\u00edstnosti. Na v\u00fdb\u011br jsou d\u0159ev\u011bn\u00e9 r\u00e1my v p\u0159\u00edrodn\u00ed, \u010dern\u00e9 nebo \u0161ed\u00e9 barv\u011b a tak\u00e9 hlin\u00edkov\u00e9 r\u00e1my v \u010dern\u00e9 nebo st\u0159\u00edbrn\u00e9 barv\u011b. Tisk je proveden ve fotografick\u00e9 kvalit\u011b na hladk\u00e9m, polomatn\u00e9m plak\u00e1tov\u00e9m pap\u00edru s vysokou gram\u00e1\u017e\u00ed 200 g\/m2, ekologickou, bez z\u00e1pachu a bezpe\u010dnou metodou latexov\u00e9ho tisku. P\u0159edn\u00ed \u010d\u00e1st r\u00e1mu tvo\u0159\u00ed lehk\u00e9 a proti rozbit\u00ed odoln\u00e9 plexisklo, zadn\u00ed strana je vyrobena z HDF desky. Je to stylov\u00fd plak\u00e1t do ob\u00fdvac\u00edho pokoje, lo\u017enice, kancel\u00e1\u0159e, hotelu, restaurace nebo p\u0159eds\u00edn\u011b, zejm\u00e9na do modern\u00edch, skandin\u00e1vsk\u00fdch a p\u0159\u00edrodou inspirovan\u00fdch interi\u00e9r\u016f. Barevn\u00e9 lad\u011bn\u00ed je pastelov\u00e9 a v\u00edcebarevn\u00e9, s akcenty tyrkysov\u00e9, zelen\u00e9, hn\u011bd\u00e9, oran\u017eov\u00e9, b\u00e9\u017eov\u00e9 a b\u00edl\u00e9.<\/p>\n","protected":false},"excerpt":{"rendered":"<p>Plak\u00e1t v r\u00e1mu s um\u011bleck\u00fdm stromem \u017eivota, paspartou a v\u00fdb\u011brem d\u0159ev\u011bn\u00fdch nebo hlin\u00edkov\u00fdch r\u00e1m\u016f. Stylov\u00e1 dekorace do ob\u00fdvac\u00edho pokoje, lo\u017enice nebo kancel\u00e1\u0159e.<\/p>\n","protected":false},"featured_media":123269,"comment_status":"open","ping_status":"closed","template":"","meta":[],"product_brand":[],"product_cat":[74,289,86,68,105,83,71,89,123],"product_tag":[277,1304,704,186],"class_list":{"0":"post-517566","1":"product","2":"type-product","3":"status-publish","4":"has-post-thumbnail","6":"product_cat-hotel-cs","7":"product_cat-ilustrace","8":"product_cat-kancelar","9":"product_cat-loznice","10":"product_cat-moderni","11":"product_cat-obyvaci-pokoj","12":"product_cat-predsin","13":"product_cat-restaurace","14":"product_cat-rostliny-a-kvetiny","15":"product_tag-pastelove","16":"product_tag-strom","17":"product_tag-vertikalni","18":"product_tag-vicebarevny","20":"first","21":"instock","22":"taxable","23":"shipping-taxable","24":"purchasable","25":"product-type-variable","26":"has-default-attributes"},"aioseo_notices":[],"_links":{"self":[{"href":"https:\/\/interiorposter.com\/cs\/wp-json\/wp\/v2\/product\/517566","targetHints":{"allow":["GET"]}}],"collection":[{"href":"https:\/\/interiorposter.com\/cs\/wp-json\/wp\/v2\/product"}],"about":[{"href":"https:\/\/interiorposter.com\/cs\/wp-json\/wp\/v2\/types\/product"}],"replies":[{"embeddable":true,"href":"https:\/\/interiorposter.com\/cs\/wp-json\/wp\/v2\/comments?post=517566"}],"wp:featuredmedia":[{"embeddable":true,"href":"https:\/\/interiorposter.com\/cs\/wp-json\/wp\/v2\/media\/123269"}],"wp:attachment":[{"href":"https:\/\/interiorposter.com\/cs\/wp-json\/wp\/v2\/media?parent=517566"}],"wp:term":[{"taxonomy":"product_brand","embeddable":true,"href":"https:\/\/interiorposter.com\/cs\/wp-json\/wp\/v2\/product_brand?post=517566"},{"taxonomy":"product_cat","embeddable":true,"href":"https:\/\/interiorposter.com\/cs\/wp-json\/wp\/v2\/product_cat?post=517566"},{"taxonomy":"product_tag","embeddable":true,"href":"https:\/\/interiorposter.com\/cs\/wp-json\/wp\/v2\/product_tag?post=517566"}],"curies":[{"name":"wp","href":"https:\/\/api.w.org\/{rel}","templated":true}]}}