{"id":517478,"date":"2026-04-03T08:23:05","date_gmt":"2026-04-03T06:23:05","guid":{"rendered":"https:\/\/interiorposter.com\/product\/obraz-na-plotnie-rozowe-kwiaty-wisni\/"},"modified":"2026-05-09T21:31:55","modified_gmt":"2026-05-09T19:31:55","slug":"obraz-na-plotnie-rozowe-kwiaty-wisni","status":"publish","type":"product","link":"https:\/\/interiorposter.com\/cs\/product\/obraz-na-plotnie-rozowe-kwiaty-wisni\/","title":{"rendered":"Obraz na pl\u00e1tn\u011b r\u016f\u017eov\u00e9 kv\u011bty t\u0159e\u0161n\u011b"},"content":{"rendered":"<p>Obraz na pl\u00e1tn\u011b s rozkvetl\u00fdmi v\u011btvemi t\u0159e\u0161n\u011b okouzl\u00ed lehkost\u00ed, sv\u011b\u017eest\u00ed a romantickou atmosf\u00e9rou. Hust\u00e1 koruna jemn\u00fdch r\u016f\u017eov\u00fdch kv\u011bt\u016f vytv\u00e1\u0159\u00ed subtiln\u00ed kompozici plnou sv\u011btla, kter\u00e1 z\u00fatuln\u00ed interi\u00e9r a vnese do n\u011bj klidnou jarn\u00ed n\u00e1ladu. Je to kr\u00e1sn\u00fd obraz na st\u011bnu do ob\u00fdvac\u00edho pokoje, lo\u017enice, kancel\u00e1\u0159e, hotelu, p\u0159eds\u00edn\u011b nebo elegantn\u00ed restaurace, zejm\u00e9na do modern\u00edch, skandin\u00e1vsk\u00fdch a p\u0159\u00edrodou inspirovan\u00fdch interi\u00e9r\u016f. Barevn\u00e9 lad\u011bn\u00ed je sv\u011btl\u00e9 a pastelov\u00e9, s p\u0159evahou r\u016f\u017eov\u00e9, b\u00edl\u00e9 a p\u0159irozen\u00fdch hn\u011bd\u00fdch t\u00f3n\u016f v\u011btv\u00ed.<\/p>\n","protected":false},"excerpt":{"rendered":"<p>Jemn\u00fd obraz na pl\u00e1tn\u011b s r\u016f\u017eov\u00fdmi kv\u011bty t\u0159e\u0161n\u011b. Romantick\u00e1 dekorace do ob\u00fdvac\u00edho pokoje, lo\u017enice, kancel\u00e1\u0159e nebo hotelu.<\/p>\n","protected":false},"featured_media":406387,"comment_status":"closed","ping_status":"closed","template":"","meta":[],"product_brand":[],"product_cat":[108,74,86,68,83,71,89,123],"product_tag":[698,277,1304,704,186],"class_list":{"0":"post-517478","1":"product","2":"type-product","3":"status-publish","4":"has-post-thumbnail","6":"product_cat-fotografie","7":"product_cat-hotel-cs","8":"product_cat-kancelar","9":"product_cat-loznice","10":"product_cat-obyvaci-pokoj","11":"product_cat-predsin","12":"product_cat-restaurace","13":"product_cat-rostliny-a-kvetiny","14":"product_tag-moderni-obrazy","15":"product_tag-pastelove","16":"product_tag-strom","17":"product_tag-vertikalni","18":"product_tag-vicebarevny","19":"pa_size-finishing-20x30-standard-cs","20":"pa_size-finishing-20x30-na-italskem-platne","21":"pa_size-finishing-20x30-premium-print-cs","22":"pa_size-finishing-20x30-akusticky","23":"pa_size-finishing-40x60-standard-cs","24":"pa_size-finishing-40x60-na-italskem-platne","25":"pa_size-finishing-40x60-premium-print-cs","26":"pa_size-finishing-40x60-acoustic-cs","27":"pa_size-finishing-40x60-w-ramie-drewnianej-naturalnej-cs","28":"pa_size-finishing-40x60-v-cernem-drevenem-ramu","29":"pa_size-finishing-60x90-standard-cs","30":"pa_size-finishing-60x90-na-italskem-platne","31":"pa_size-finishing-60x90-premium-print-cs","32":"pa_size-finishing-60x90-akustyczny-cs","33":"pa_size-finishing-60x90-v-prirodnim-drevenem-ramu","34":"pa_size-finishing-60x90-v-cernem-drevenem-ramu","35":"pa_size-finishing-80x120-standard-cs","36":"pa_size-finishing-80x120-na-italskem-platne","37":"pa_size-finishing-80x120-premium-print-cs","38":"pa_size-finishing-80x120-akustyczny-cs","39":"pa_size-finishing-80x120-v-prirodnim-drevenem-ramu","40":"pa_size-finishing-80x120-v-cernem-drevenem-ramu","42":"first","43":"instock","44":"purchasable","45":"product-type-variable","46":"has-default-attributes"},"aioseo_notices":[],"_links":{"self":[{"href":"https:\/\/interiorposter.com\/cs\/wp-json\/wp\/v2\/product\/517478","targetHints":{"allow":["GET"]}}],"collection":[{"href":"https:\/\/interiorposter.com\/cs\/wp-json\/wp\/v2\/product"}],"about":[{"href":"https:\/\/interiorposter.com\/cs\/wp-json\/wp\/v2\/types\/product"}],"replies":[{"embeddable":true,"href":"https:\/\/interiorposter.com\/cs\/wp-json\/wp\/v2\/comments?post=517478"}],"wp:featuredmedia":[{"embeddable":true,"href":"https:\/\/interiorposter.com\/cs\/wp-json\/wp\/v2\/media\/406387"}],"wp:attachment":[{"href":"https:\/\/interiorposter.com\/cs\/wp-json\/wp\/v2\/media?parent=517478"}],"wp:term":[{"taxonomy":"product_brand","embeddable":true,"href":"https:\/\/interiorposter.com\/cs\/wp-json\/wp\/v2\/product_brand?post=517478"},{"taxonomy":"product_cat","embeddable":true,"href":"https:\/\/interiorposter.com\/cs\/wp-json\/wp\/v2\/product_cat?post=517478"},{"taxonomy":"product_tag","embeddable":true,"href":"https:\/\/interiorposter.com\/cs\/wp-json\/wp\/v2\/product_tag?post=517478"}],"curies":[{"name":"wp","href":"https:\/\/api.w.org\/{rel}","templated":true}]}}