{"id":517396,"date":"2026-05-09T22:05:04","date_gmt":"2026-05-09T20:05:04","guid":{"rendered":"https:\/\/interiorposter.com\/product\/obraz-na-plotnie-samotne-drzewo-we-mgle-w-gorach\/"},"modified":"2026-05-09T21:23:43","modified_gmt":"2026-05-09T19:23:43","slug":"obraz-na-plotnie-samotne-drzewo-we-mgle-w-gorach","status":"publish","type":"product","link":"https:\/\/interiorposter.com\/cs\/product\/obraz-na-plotnie-samotne-drzewo-we-mgle-w-gorach\/","title":{"rendered":"Obraz na pl\u00e1tn\u011b osam\u011bl\u00fd strom v mlze v hor\u00e1ch"},"content":{"rendered":"<p>Obraz na pl\u00e1tn\u011b s osam\u011bl\u00fdm stromem na zelen\u00e9m svahu mezi ml\u017en\u00fdmi horami vn\u00e1\u0161\u00ed do interi\u00e9ru klid, prostor a p\u0159irozenou sv\u011b\u017eest. Subtiln\u00ed perspektiva, m\u011bkk\u00e9 sv\u011btlo a kontrast syt\u00e9 zelen\u011b se sv\u011btlou mlhou vytv\u00e1\u0159ej\u00ed elegantn\u00ed a uklid\u0148uj\u00edc\u00ed kompozici. Je to kr\u00e1sn\u00fd obraz na st\u011bnu do ob\u00fdvac\u00edho pokoje, lo\u017enice, kancel\u00e1\u0159e, hotelu nebo p\u0159eds\u00edn\u011b, zejm\u00e9na do modern\u00edch, skandin\u00e1vsk\u00fdch a p\u0159\u00edrodou inspirovan\u00fdch interi\u00e9r\u016f. Barevn\u00e9 lad\u011bn\u00ed je sv\u011btl\u00e9, s akcenty zelen\u00e9, b\u00edl\u00e9, \u0161ed\u00e9 a grafitov\u00e9.<\/p>\n","protected":false},"excerpt":{"rendered":"<p>Atmosf\u00e9rick\u00fd obraz na pl\u00e1tn\u011b s osam\u011bl\u00fdm stromem na horsk\u00e9m svahu. Klidn\u00e1 dekorace do ob\u00fdvac\u00edho pokoje, lo\u017enice nebo kancel\u00e1\u0159e.<\/p>\n","protected":false},"featured_media":334412,"comment_status":"closed","ping_status":"closed","template":"","meta":[],"product_brand":[],"product_cat":[108,74,86,135,68,83,71,123,111],"product_tag":[698,1304,704,186],"class_list":{"0":"post-517396","1":"product","2":"type-product","3":"status-publish","4":"has-post-thumbnail","6":"product_cat-fotografie","7":"product_cat-hotel-cs","8":"product_cat-kancelar","9":"product_cat-krajiny","10":"product_cat-loznice","11":"product_cat-obyvaci-pokoj","12":"product_cat-predsin","13":"product_cat-rostliny-a-kvetiny","14":"product_cat-skandinavsky","15":"product_tag-moderni-obrazy","16":"product_tag-strom","17":"product_tag-vertikalni","18":"product_tag-vicebarevny","19":"pa_size-finishing-20x30-standard-cs","20":"pa_size-finishing-20x30-na-italskem-platne","21":"pa_size-finishing-20x30-premium-print-cs","22":"pa_size-finishing-20x30-akusticky","23":"pa_size-finishing-40x60-standard-cs","24":"pa_size-finishing-40x60-na-italskem-platne","25":"pa_size-finishing-40x60-premium-print-cs","26":"pa_size-finishing-40x60-acoustic-cs","27":"pa_size-finishing-40x60-w-ramie-drewnianej-naturalnej-cs","28":"pa_size-finishing-40x60-v-cernem-drevenem-ramu","29":"pa_size-finishing-60x90-standard-cs","30":"pa_size-finishing-60x90-na-italskem-platne","31":"pa_size-finishing-60x90-premium-print-cs","32":"pa_size-finishing-60x90-akustyczny-cs","33":"pa_size-finishing-60x90-v-prirodnim-drevenem-ramu","34":"pa_size-finishing-60x90-v-cernem-drevenem-ramu","35":"pa_size-finishing-80x120-standard-cs","36":"pa_size-finishing-80x120-na-italskem-platne","37":"pa_size-finishing-80x120-premium-print-cs","38":"pa_size-finishing-80x120-akustyczny-cs","39":"pa_size-finishing-80x120-v-prirodnim-drevenem-ramu","40":"pa_size-finishing-80x120-v-cernem-drevenem-ramu","42":"first","43":"instock","44":"purchasable","45":"product-type-variable","46":"has-default-attributes"},"aioseo_notices":[],"_links":{"self":[{"href":"https:\/\/interiorposter.com\/cs\/wp-json\/wp\/v2\/product\/517396","targetHints":{"allow":["GET"]}}],"collection":[{"href":"https:\/\/interiorposter.com\/cs\/wp-json\/wp\/v2\/product"}],"about":[{"href":"https:\/\/interiorposter.com\/cs\/wp-json\/wp\/v2\/types\/product"}],"replies":[{"embeddable":true,"href":"https:\/\/interiorposter.com\/cs\/wp-json\/wp\/v2\/comments?post=517396"}],"wp:featuredmedia":[{"embeddable":true,"href":"https:\/\/interiorposter.com\/cs\/wp-json\/wp\/v2\/media\/334412"}],"wp:attachment":[{"href":"https:\/\/interiorposter.com\/cs\/wp-json\/wp\/v2\/media?parent=517396"}],"wp:term":[{"taxonomy":"product_brand","embeddable":true,"href":"https:\/\/interiorposter.com\/cs\/wp-json\/wp\/v2\/product_brand?post=517396"},{"taxonomy":"product_cat","embeddable":true,"href":"https:\/\/interiorposter.com\/cs\/wp-json\/wp\/v2\/product_cat?post=517396"},{"taxonomy":"product_tag","embeddable":true,"href":"https:\/\/interiorposter.com\/cs\/wp-json\/wp\/v2\/product_tag?post=517396"}],"curies":[{"name":"wp","href":"https:\/\/api.w.org\/{rel}","templated":true}]}}