{"id":517319,"date":"2026-05-09T22:05:09","date_gmt":"2026-05-09T20:05:09","guid":{"rendered":"https:\/\/interiorposter.com\/product\/obraz-na-plotnie-drzewo-w-blasku-ksiezyca\/"},"modified":"2026-05-09T01:37:11","modified_gmt":"2026-05-08T23:37:11","slug":"obraz-na-plotnie-drzewo-w-blasku-ksiezyca","status":"publish","type":"product","link":"https:\/\/interiorposter.com\/cs\/product\/obraz-na-plotnie-drzewo-w-blasku-ksiezyca\/","title":{"rendered":"Obraz na pl\u00e1tn\u011b strom v m\u011bs\u00ed\u010dn\u00edm sv\u011btle"},"content":{"rendered":"<p>Obraz na pl\u00e1tn\u011b se siluetou stromu na pozad\u00ed obrovsk\u00e9ho m\u011bs\u00edce vytv\u00e1\u0159\u00ed atmosf\u00e9rickou dekoraci plnou ticha, tajemstv\u00ed a elegance. Tmav\u00e1 obloha, jemn\u00e9 hv\u011bzdy a let\u00edc\u00ed pt\u00e1ci dod\u00e1vaj\u00ed kompozici hloubku i v\u00fdjime\u010dnou n\u00e1ladu. Je to p\u016fsobiv\u00fd obraz na st\u011bnu do ob\u00fdvac\u00edho pokoje, lo\u017enice, kancel\u00e1\u0159e, hotelu nebo p\u0159eds\u00edn\u011b, zejm\u00e9na do modern\u00edch, minimalistick\u00fdch a p\u0159\u00edrodou inspirovan\u00fdch interi\u00e9r\u016f. Barevn\u00e9 lad\u011bn\u00ed je tmav\u00e9 a \u0161ed\u00e9, s p\u0159evahou \u010dern\u00e9, grafitov\u00e9, n\u00e1mo\u0159nick\u00e9 mod\u0159i a jasn\u00e9ho st\u0159\u00edb\u0159it\u00e9ho m\u011bs\u00edce.<\/p>\n","protected":false},"excerpt":{"rendered":"<p>Atmosf\u00e9rick\u00fd obraz na pl\u00e1tn\u011b se stromem na pozad\u00ed \u00fapl\u0148ku. Elegantn\u00ed dekorace do ob\u00fdvac\u00edho pokoje, lo\u017enice nebo kancel\u00e1\u0159e.<\/p>\n","protected":false},"featured_media":329814,"comment_status":"closed","ping_status":"closed","template":"","meta":[],"product_brand":[],"product_cat":[108,74,86,68,102,105,265,83,71,123],"product_tag":[698,180,1304,271,704],"class_list":{"0":"post-517319","1":"product","2":"type-product","3":"status-publish","4":"has-post-thumbnail","6":"product_cat-fotografie","7":"product_cat-hotel-cs","8":"product_cat-kancelar","9":"product_cat-loznice","10":"product_cat-minimalisticky","11":"product_cat-moderni","12":"product_cat-nocni","13":"product_cat-obyvaci-pokoj","14":"product_cat-predsin","15":"product_cat-rostliny-a-kvetiny","16":"product_tag-moderni-obrazy","17":"product_tag-seda","18":"product_tag-strom","19":"product_tag-tmave","20":"product_tag-vertikalni","21":"pa_size-finishing-20x30-standard-cs","22":"pa_size-finishing-20x30-na-italskem-platne","23":"pa_size-finishing-20x30-premium-print-cs","24":"pa_size-finishing-20x30-akusticky","25":"pa_size-finishing-40x60-standard-cs","26":"pa_size-finishing-40x60-na-italskem-platne","27":"pa_size-finishing-40x60-premium-print-cs","28":"pa_size-finishing-40x60-acoustic-cs","29":"pa_size-finishing-40x60-w-ramie-drewnianej-naturalnej-cs","30":"pa_size-finishing-40x60-v-cernem-drevenem-ramu","31":"pa_size-finishing-60x90-standard-cs","32":"pa_size-finishing-60x90-na-italskem-platne","33":"pa_size-finishing-60x90-premium-print-cs","34":"pa_size-finishing-60x90-akustyczny-cs","35":"pa_size-finishing-60x90-v-prirodnim-drevenem-ramu","36":"pa_size-finishing-60x90-v-cernem-drevenem-ramu","37":"pa_size-finishing-80x120-standard-cs","38":"pa_size-finishing-80x120-na-italskem-platne","39":"pa_size-finishing-80x120-premium-print-cs","40":"pa_size-finishing-80x120-akustyczny-cs","41":"pa_size-finishing-80x120-v-prirodnim-drevenem-ramu","42":"pa_size-finishing-80x120-v-cernem-drevenem-ramu","44":"first","45":"instock","46":"purchasable","47":"product-type-variable","48":"has-default-attributes"},"aioseo_notices":[],"_links":{"self":[{"href":"https:\/\/interiorposter.com\/cs\/wp-json\/wp\/v2\/product\/517319","targetHints":{"allow":["GET"]}}],"collection":[{"href":"https:\/\/interiorposter.com\/cs\/wp-json\/wp\/v2\/product"}],"about":[{"href":"https:\/\/interiorposter.com\/cs\/wp-json\/wp\/v2\/types\/product"}],"replies":[{"embeddable":true,"href":"https:\/\/interiorposter.com\/cs\/wp-json\/wp\/v2\/comments?post=517319"}],"wp:featuredmedia":[{"embeddable":true,"href":"https:\/\/interiorposter.com\/cs\/wp-json\/wp\/v2\/media\/329814"}],"wp:attachment":[{"href":"https:\/\/interiorposter.com\/cs\/wp-json\/wp\/v2\/media?parent=517319"}],"wp:term":[{"taxonomy":"product_brand","embeddable":true,"href":"https:\/\/interiorposter.com\/cs\/wp-json\/wp\/v2\/product_brand?post=517319"},{"taxonomy":"product_cat","embeddable":true,"href":"https:\/\/interiorposter.com\/cs\/wp-json\/wp\/v2\/product_cat?post=517319"},{"taxonomy":"product_tag","embeddable":true,"href":"https:\/\/interiorposter.com\/cs\/wp-json\/wp\/v2\/product_tag?post=517319"}],"curies":[{"name":"wp","href":"https:\/\/api.w.org\/{rel}","templated":true}]}}