{"id":517237,"date":"2026-05-09T22:05:12","date_gmt":"2026-05-09T20:05:12","guid":{"rendered":"https:\/\/interiorposter.com\/product\/obraz-na-plotnie-gustav-klimt-drzewo-zycia-reprodukcja\/"},"modified":"2026-05-09T01:27:17","modified_gmt":"2026-05-08T23:27:17","slug":"obraz-na-plotnie-gustav-klimt-drzewo-zycia-reprodukcja","status":"publish","type":"product","link":"https:\/\/interiorposter.com\/cs\/product\/obraz-na-plotnie-gustav-klimt-drzewo-zycia-reprodukcja\/","title":{"rendered":"Obraz na pl\u00e1tn\u011b Gustav Klimt Strom \u017eivota reprodukce"},"content":{"rendered":"<p>Obraz ti\u0161t\u011bn\u00fd na pl\u00e1tn\u011b p\u0159edstavuje reprodukci d\u00edla Gustav Klimt Strom \u017eivota, plnou dekorativn\u00edch spir\u00e1l, rytmick\u00fdch lini\u00ed a symbolick\u00e9 elegance. Tepl\u00e9 pozad\u00ed v odst\u00ednech zlat\u00e9 a oran\u017eov\u00e9 se kr\u00e1sn\u011b spojuje se zelen\u00ed geometrick\u00fdch list\u016f a b\u00edl\u00fdmi kv\u011bty a vytv\u00e1\u0159\u00ed poutavou kompozici s um\u011bleck\u00fdm p\u016fvabem. Je to v\u00fdjime\u010dn\u00fd obraz na st\u011bnu do ob\u00fdvac\u00edho pokoje, lo\u017enice, kancel\u00e1\u0159e, hotelu nebo p\u0159eds\u00edn\u011b, zejm\u00e9na do klasick\u00fdch, glamour a um\u011blecky lad\u011bn\u00fdch interi\u00e9r\u016f. Barevn\u00e9 lad\u011bn\u00ed je v\u00edcebarevn\u00e9, s p\u0159evahou zlat\u00e9, oran\u017eov\u00e9, zelen\u00e9 a b\u00edl\u00e9.<\/p>\n","protected":false},"excerpt":{"rendered":"<p>Reprodukce d\u00edla Gustav Klimt Strom \u017eivota ti\u0161t\u011bn\u00e1 na pl\u00e1tn\u011b. Dekorativn\u00ed obraz do ob\u00fdvac\u00edho pokoje, lo\u017enice, kancel\u00e1\u0159e nebo hotelu.<\/p>\n","protected":false},"featured_media":292656,"comment_status":"closed","ping_status":"closed","template":"","meta":[],"product_brand":[],"product_cat":[99,74,289,86,207,68,297,83,71,123],"product_tag":[698,277,1304,704,186],"class_list":{"0":"post-517237","1":"product","2":"type-product","3":"status-publish","4":"has-post-thumbnail","6":"product_cat-glamour-cs","7":"product_cat-hotel-cs","8":"product_cat-ilustrace","9":"product_cat-kancelar","10":"product_cat-konceptualni-umeni","11":"product_cat-loznice","12":"product_cat-malirsky","13":"product_cat-obyvaci-pokoj","14":"product_cat-predsin","15":"product_cat-rostliny-a-kvetiny","16":"product_tag-moderni-obrazy","17":"product_tag-pastelove","18":"product_tag-strom","19":"product_tag-vertikalni","20":"product_tag-vicebarevny","21":"pa_size-finishing-20x30-standard-cs","22":"pa_size-finishing-20x30-na-italskem-platne","23":"pa_size-finishing-20x30-premium-print-cs","24":"pa_size-finishing-20x30-akusticky","25":"pa_size-finishing-40x60-standard-cs","26":"pa_size-finishing-40x60-na-italskem-platne","27":"pa_size-finishing-40x60-premium-print-cs","28":"pa_size-finishing-40x60-acoustic-cs","29":"pa_size-finishing-40x60-w-ramie-drewnianej-naturalnej-cs","30":"pa_size-finishing-40x60-v-cernem-drevenem-ramu","31":"pa_size-finishing-60x90-standard-cs","32":"pa_size-finishing-60x90-na-italskem-platne","33":"pa_size-finishing-60x90-premium-print-cs","34":"pa_size-finishing-60x90-akustyczny-cs","35":"pa_size-finishing-60x90-v-prirodnim-drevenem-ramu","36":"pa_size-finishing-60x90-v-cernem-drevenem-ramu","37":"pa_size-finishing-80x120-standard-cs","38":"pa_size-finishing-80x120-na-italskem-platne","39":"pa_size-finishing-80x120-premium-print-cs","40":"pa_size-finishing-80x120-akustyczny-cs","41":"pa_size-finishing-80x120-v-prirodnim-drevenem-ramu","42":"pa_size-finishing-80x120-v-cernem-drevenem-ramu","44":"first","45":"instock","46":"purchasable","47":"product-type-variable","48":"has-default-attributes"},"aioseo_notices":[],"_links":{"self":[{"href":"https:\/\/interiorposter.com\/cs\/wp-json\/wp\/v2\/product\/517237","targetHints":{"allow":["GET"]}}],"collection":[{"href":"https:\/\/interiorposter.com\/cs\/wp-json\/wp\/v2\/product"}],"about":[{"href":"https:\/\/interiorposter.com\/cs\/wp-json\/wp\/v2\/types\/product"}],"replies":[{"embeddable":true,"href":"https:\/\/interiorposter.com\/cs\/wp-json\/wp\/v2\/comments?post=517237"}],"wp:featuredmedia":[{"embeddable":true,"href":"https:\/\/interiorposter.com\/cs\/wp-json\/wp\/v2\/media\/292656"}],"wp:attachment":[{"href":"https:\/\/interiorposter.com\/cs\/wp-json\/wp\/v2\/media?parent=517237"}],"wp:term":[{"taxonomy":"product_brand","embeddable":true,"href":"https:\/\/interiorposter.com\/cs\/wp-json\/wp\/v2\/product_brand?post=517237"},{"taxonomy":"product_cat","embeddable":true,"href":"https:\/\/interiorposter.com\/cs\/wp-json\/wp\/v2\/product_cat?post=517237"},{"taxonomy":"product_tag","embeddable":true,"href":"https:\/\/interiorposter.com\/cs\/wp-json\/wp\/v2\/product_tag?post=517237"}],"curies":[{"name":"wp","href":"https:\/\/api.w.org\/{rel}","templated":true}]}}