{"id":517197,"date":"2026-05-09T22:05:18","date_gmt":"2026-05-09T20:05:18","guid":{"rendered":"https:\/\/interiorposter.com\/product\/obraz-wieloczesciowy-drzewo-zycia-z-ornamentami\/"},"modified":"2026-05-09T00:58:58","modified_gmt":"2026-05-08T22:58:58","slug":"obraz-wieloczesciowy-drzewo-zycia-z-ornamentami","status":"publish","type":"product","link":"https:\/\/interiorposter.com\/cs\/product\/obraz-wieloczesciowy-drzewo-zycia-z-ornamentami\/","title":{"rendered":"V\u00edced\u00edln\u00fd obraz na pl\u00e1tn\u011b strom \u017eivota s ornamenty"},"content":{"rendered":"<p>V\u00edced\u00edln\u00fd obraz na pl\u00e1tn\u011b se stromem \u017eivota a bohat\u00fdmi ornamenty je dekorace, kter\u00e1 interi\u00e9ru okam\u017eit\u011b dod\u00e1 um\u011bleck\u00fd charakter. P\u011bt \u010d\u00e1st\u00ed vytv\u00e1\u0159\u00ed \u0161irokou, p\u016fsobivou kompozici s fantazijn\u00edmi spir\u00e1lami, mozaikov\u00fdmi detaily a jemn\u00fdm leskem, ide\u00e1ln\u00ed nad pohovku, postel nebo komodu. Je to kr\u00e1sn\u00fd obraz na pl\u00e1tn\u011b do ob\u00fdvac\u00edho pokoje, lo\u017enice, kancel\u00e1\u0159e, hotelu, restaurace nebo p\u0159eds\u00edn\u011b. Skv\u011ble se hod\u00ed do modern\u00edch, glamour i abstraktn\u00edch interi\u00e9r\u016f. Barevn\u00e9 lad\u011bn\u00ed je v\u00edcebarevn\u00e9 a \u0161ed\u00e9, s akcenty zlat\u00e9, \u010derven\u00e9, zelen\u00e9, b\u00e9\u017eov\u00e9 a fialov\u00e9.<\/p>\n","protected":false},"excerpt":{"rendered":"<p>P\u016fsobiv\u00fd v\u00edced\u00edln\u00fd obraz na pl\u00e1tn\u011b se stromem \u017eivota, spir\u00e1lami a ornamenty. Stylov\u00e1 dekorace do ob\u00fdvac\u00edho pokoje, lo\u017enice nebo kancel\u00e1\u0159e.<\/p>\n","protected":false},"featured_media":292020,"comment_status":"closed","ping_status":"closed","template":"","meta":[],"product_brand":[],"product_cat":[95,99,74,289,86,68,105,83,71,89,123],"product_tag":[698,1304,186,533],"class_list":{"0":"post-517197","1":"product","2":"type-product","3":"status-publish","4":"has-post-thumbnail","6":"product_cat-abstraktni","7":"product_cat-glamour-cs","8":"product_cat-hotel-cs","9":"product_cat-ilustrace","10":"product_cat-kancelar","11":"product_cat-loznice","12":"product_cat-moderni","13":"product_cat-obyvaci-pokoj","14":"product_cat-predsin","15":"product_cat-restaurace","16":"product_cat-rostliny-a-kvetiny","17":"product_tag-moderni-obrazy","18":"product_tag-strom","19":"product_tag-vicebarevny","20":"product_tag-vicedilny-obraz","21":"pa_size-finishing-200x80-akusticky","22":"pa_size-finishing-200x80-na-italskem-platne","23":"pa_size-finishing-200x80-premium-print-cs","24":"pa_size-finishing-200x80-standard-cs","25":"pa_size-finishing-225x90-na-italskem-platne","26":"pa_size-finishing-225x90-premium-print-cs","27":"pa_size-finishing-225x90-standard-cs","28":"pa_size-finishing-255x90-akusticky","30":"first","31":"instock","32":"purchasable","33":"product-type-variable","34":"has-default-attributes"},"aioseo_notices":[],"_links":{"self":[{"href":"https:\/\/interiorposter.com\/cs\/wp-json\/wp\/v2\/product\/517197","targetHints":{"allow":["GET"]}}],"collection":[{"href":"https:\/\/interiorposter.com\/cs\/wp-json\/wp\/v2\/product"}],"about":[{"href":"https:\/\/interiorposter.com\/cs\/wp-json\/wp\/v2\/types\/product"}],"replies":[{"embeddable":true,"href":"https:\/\/interiorposter.com\/cs\/wp-json\/wp\/v2\/comments?post=517197"}],"wp:featuredmedia":[{"embeddable":true,"href":"https:\/\/interiorposter.com\/cs\/wp-json\/wp\/v2\/media\/292020"}],"wp:attachment":[{"href":"https:\/\/interiorposter.com\/cs\/wp-json\/wp\/v2\/media?parent=517197"}],"wp:term":[{"taxonomy":"product_brand","embeddable":true,"href":"https:\/\/interiorposter.com\/cs\/wp-json\/wp\/v2\/product_brand?post=517197"},{"taxonomy":"product_cat","embeddable":true,"href":"https:\/\/interiorposter.com\/cs\/wp-json\/wp\/v2\/product_cat?post=517197"},{"taxonomy":"product_tag","embeddable":true,"href":"https:\/\/interiorposter.com\/cs\/wp-json\/wp\/v2\/product_tag?post=517197"}],"curies":[{"name":"wp","href":"https:\/\/api.w.org\/{rel}","templated":true}]}}