{"id":517157,"date":"2026-05-09T22:05:26","date_gmt":"2026-05-09T20:05:26","guid":{"rendered":"https:\/\/interiorposter.com\/product\/obraz-wieloczesciowy-drzewo-zycia-w-zlotej-elegancji\/"},"modified":"2026-05-08T19:01:21","modified_gmt":"2026-05-08T17:01:21","slug":"obraz-wieloczesciowy-drzewo-zycia-w-zlotej-elegancji","status":"publish","type":"product","link":"https:\/\/interiorposter.com\/cs\/product\/obraz-wieloczesciowy-drzewo-zycia-w-zlotej-elegancji\/","title":{"rendered":"V\u00edced\u00edln\u00fd obraz na pl\u00e1tn\u011b strom \u017eivota ve zlat\u00e9 eleganci"},"content":{"rendered":"<p>V\u00edced\u00edln\u00fd obraz na pl\u00e1tn\u011b s motivem stromu \u017eivota okouzl\u00ed lehkou, elegantn\u00ed kompozic\u00ed a jemn\u00fdm leskem zlat\u00fdch detail\u016f. P\u011bt slad\u011bn\u00fdch \u010d\u00e1st\u00ed vytv\u00e1\u0159\u00ed p\u016fsobivou n\u00e1st\u011bnnou dekoraci, kter\u00e1 kr\u00e1sn\u011b podtrhne charakter interi\u00e9ru a vnese do n\u011bj harmonii i v\u00fdjime\u010dn\u00fd styl. Jemn\u00e9 v\u011btve, ozdobn\u00e9 ornamenty a m\u011bkk\u00e9 linie dod\u00e1vaj\u00ed celku dekorativn\u00ed, a z\u00e1rove\u0148 modern\u00ed vzhled. Je to skv\u011bl\u00e1 volba do ob\u00fdvac\u00edho pokoje, lo\u017enice, kancel\u00e1\u0159e, hotelu nebo p\u0159eds\u00edn\u011b, zejm\u00e9na do glamour, modern\u00edch a um\u011blecky lad\u011bn\u00fdch interi\u00e9r\u016f. Barevn\u00e9 lad\u011bn\u00ed je sv\u011btl\u00e9 a v\u00edcebarevn\u00e9, s akcenty zlat\u00e9, b\u00e9\u017eov\u00e9, b\u00edl\u00e9, pudrov\u011b r\u016f\u017eov\u00e9 a fialov\u00e9.<\/p>\n","protected":false},"excerpt":{"rendered":"<p>Elegantn\u00ed v\u00edced\u00edln\u00fd obraz na pl\u00e1tn\u011b se stromem \u017eivota a zlat\u00fdmi detaily. Stylov\u00e1 dekorace do ob\u00fdvac\u00edho pokoje, lo\u017enice, kancel\u00e1\u0159e nebo hotelu.<\/p>\n","protected":false},"featured_media":291903,"comment_status":"closed","ping_status":"closed","template":"","meta":[],"product_brand":[],"product_cat":[95,99,74,289,86,68,105,83,71,123],"product_tag":[698,277,1304,274,186,533],"class_list":{"0":"post-517157","1":"product","2":"type-product","3":"status-publish","4":"has-post-thumbnail","6":"product_cat-abstraktni","7":"product_cat-glamour-cs","8":"product_cat-hotel-cs","9":"product_cat-ilustrace","10":"product_cat-kancelar","11":"product_cat-loznice","12":"product_cat-moderni","13":"product_cat-obyvaci-pokoj","14":"product_cat-predsin","15":"product_cat-rostliny-a-kvetiny","16":"product_tag-moderni-obrazy","17":"product_tag-pastelove","18":"product_tag-strom","19":"product_tag-svetle","20":"product_tag-vicebarevny","21":"product_tag-vicedilny-obraz","22":"pa_size-finishing-200x80-akusticky","23":"pa_size-finishing-200x80-na-italskem-platne","24":"pa_size-finishing-200x80-premium-print-cs","25":"pa_size-finishing-200x80-standard-cs","26":"pa_size-finishing-225x90-na-italskem-platne","27":"pa_size-finishing-225x90-premium-print-cs","28":"pa_size-finishing-225x90-standard-cs","29":"pa_size-finishing-255x90-akusticky","31":"first","32":"instock","33":"purchasable","34":"product-type-variable","35":"has-default-attributes"},"aioseo_notices":[],"_links":{"self":[{"href":"https:\/\/interiorposter.com\/cs\/wp-json\/wp\/v2\/product\/517157","targetHints":{"allow":["GET"]}}],"collection":[{"href":"https:\/\/interiorposter.com\/cs\/wp-json\/wp\/v2\/product"}],"about":[{"href":"https:\/\/interiorposter.com\/cs\/wp-json\/wp\/v2\/types\/product"}],"replies":[{"embeddable":true,"href":"https:\/\/interiorposter.com\/cs\/wp-json\/wp\/v2\/comments?post=517157"}],"wp:featuredmedia":[{"embeddable":true,"href":"https:\/\/interiorposter.com\/cs\/wp-json\/wp\/v2\/media\/291903"}],"wp:attachment":[{"href":"https:\/\/interiorposter.com\/cs\/wp-json\/wp\/v2\/media?parent=517157"}],"wp:term":[{"taxonomy":"product_brand","embeddable":true,"href":"https:\/\/interiorposter.com\/cs\/wp-json\/wp\/v2\/product_brand?post=517157"},{"taxonomy":"product_cat","embeddable":true,"href":"https:\/\/interiorposter.com\/cs\/wp-json\/wp\/v2\/product_cat?post=517157"},{"taxonomy":"product_tag","embeddable":true,"href":"https:\/\/interiorposter.com\/cs\/wp-json\/wp\/v2\/product_tag?post=517157"}],"curies":[{"name":"wp","href":"https:\/\/api.w.org\/{rel}","templated":true}]}}