{"id":517078,"date":"2026-05-09T22:05:32","date_gmt":"2026-05-09T20:05:32","guid":{"rendered":"https:\/\/interiorposter.com\/product\/obraz-na-plotnie-zlote-drzewo-zycia-glamour\/"},"modified":"2026-05-08T15:37:50","modified_gmt":"2026-05-08T13:37:50","slug":"obraz-na-plotnie-zlote-drzewo-zycia-glamour","status":"publish","type":"product","link":"https:\/\/interiorposter.com\/cs\/product\/obraz-na-plotnie-zlote-drzewo-zycia-glamour\/","title":{"rendered":"Obraz na pl\u00e1tn\u011b zlat\u00fd strom \u017eivota glamour"},"content":{"rendered":"<p>Obraz na pl\u00e1tn\u011b se zlat\u00fdm stromem \u017eivota okouzl\u00ed bohatstv\u00edm detail\u016f, dekorativn\u00edmi spir\u00e1lami a jemn\u00fdm leskem. Kompozice spojuje um\u011bleckou fantazii s eleganc\u00ed, tak\u017ee kr\u00e1sn\u011b podtrhne charakter ob\u00fdvac\u00edho pokoje, lo\u017enice, kancel\u00e1\u0159e, hotelu, restaurace nebo reprezentativn\u00ed p\u0159eds\u00edn\u011b. Je to p\u016fsobiv\u00fd obraz na st\u011bnu do modern\u00edch, glamour a um\u011blecky lad\u011bn\u00fdch interi\u00e9r\u016f, kter\u00e9 pot\u0159ebuj\u00ed v\u00fdrazn\u00fd dekorativn\u00ed akcent. Barevn\u00e9 lad\u011bn\u00ed je v\u00edcebarevn\u00e9 a tmav\u00e9, s v\u00fdrazn\u00fdmi akcenty zlat\u00e9, \u0161ed\u00e9, zelen\u00e9, r\u016f\u017eov\u00e9 a oran\u017eov\u00e9.<\/p>\n","protected":false},"excerpt":{"rendered":"<p>Dekorativn\u00ed obraz na pl\u00e1tn\u011b se zlat\u00fdm stromem \u017eivota, spir\u00e1lami a jemn\u00fdm leskem. Elegantn\u00ed dekorace do ob\u00fdvac\u00edho pokoje, lo\u017enice nebo kancel\u00e1\u0159e.<\/p>\n","protected":false},"featured_media":291700,"comment_status":"closed","ping_status":"closed","template":"","meta":[],"product_brand":[],"product_cat":[95,99,74,289,86,68,105,83,71,89,123],"product_tag":[702,698,1304,186],"class_list":{"0":"post-517078","1":"product","2":"type-product","3":"status-publish","4":"has-post-thumbnail","6":"product_cat-abstraktni","7":"product_cat-glamour-cs","8":"product_cat-hotel-cs","9":"product_cat-ilustrace","10":"product_cat-kancelar","11":"product_cat-loznice","12":"product_cat-moderni","13":"product_cat-obyvaci-pokoj","14":"product_cat-predsin","15":"product_cat-restaurace","16":"product_cat-rostliny-a-kvetiny","17":"product_tag-horizontalni","18":"product_tag-moderni-obrazy","19":"product_tag-strom","20":"product_tag-vicebarevny","21":"pa_size-finishing-30x20-standard-cs","22":"pa_size-finishing-30x20-na-italskem-platne","23":"pa_size-finishing-30x20-premium-print-cs","24":"pa_size-finishing-30x20-akusticky","25":"pa_size-finishing-60x40-standard-cs","26":"pa_size-finishing-60x40-na-italskem-platne","27":"pa_size-finishing-60x40-premium-print-cs","28":"pa_size-finishing-60x40-akusticky","29":"pa_size-finishing-60x40-v-prirodnim-drevenem-ramu","30":"pa_size-finishing-60x40-v-cernem-drevenem-ramu","31":"pa_size-finishing-90x60-standard-cs","32":"pa_size-finishing-90x60-na-italskem-platne","33":"pa_size-finishing-90x60-premium-print-cs","34":"pa_size-finishing-90x60-akusticky","35":"pa_size-finishing-90x60-v-prirodnim-drevenem-ramu","36":"pa_size-finishing-90x60-v-cernem-drevenem-ramu","37":"pa_size-finishing-120x80-standard-cs","38":"pa_size-finishing-120x80-na-italskem-platne","39":"pa_size-finishing-120x80-premium-print-cs","40":"pa_size-finishing-120x80-akusticky","41":"pa_size-finishing-120x80-v-prirodnim-drevenem-ramu","42":"pa_size-finishing-120x80-v-cernem-drevenem-ramu","44":"first","45":"instock","46":"purchasable","47":"product-type-variable","48":"has-default-attributes"},"aioseo_notices":[],"_links":{"self":[{"href":"https:\/\/interiorposter.com\/cs\/wp-json\/wp\/v2\/product\/517078","targetHints":{"allow":["GET"]}}],"collection":[{"href":"https:\/\/interiorposter.com\/cs\/wp-json\/wp\/v2\/product"}],"about":[{"href":"https:\/\/interiorposter.com\/cs\/wp-json\/wp\/v2\/types\/product"}],"replies":[{"embeddable":true,"href":"https:\/\/interiorposter.com\/cs\/wp-json\/wp\/v2\/comments?post=517078"}],"wp:featuredmedia":[{"embeddable":true,"href":"https:\/\/interiorposter.com\/cs\/wp-json\/wp\/v2\/media\/291700"}],"wp:attachment":[{"href":"https:\/\/interiorposter.com\/cs\/wp-json\/wp\/v2\/media?parent=517078"}],"wp:term":[{"taxonomy":"product_brand","embeddable":true,"href":"https:\/\/interiorposter.com\/cs\/wp-json\/wp\/v2\/product_brand?post=517078"},{"taxonomy":"product_cat","embeddable":true,"href":"https:\/\/interiorposter.com\/cs\/wp-json\/wp\/v2\/product_cat?post=517078"},{"taxonomy":"product_tag","embeddable":true,"href":"https:\/\/interiorposter.com\/cs\/wp-json\/wp\/v2\/product_tag?post=517078"}],"curies":[{"name":"wp","href":"https:\/\/api.w.org\/{rel}","templated":true}]}}