{"id":517037,"date":"2026-05-09T22:05:39","date_gmt":"2026-05-09T20:05:39","guid":{"rendered":"https:\/\/interiorposter.com\/product\/obraz-wieloczesciowy-drzewo-zycia-w-artystycznej-odslonie\/"},"modified":"2026-05-08T01:18:14","modified_gmt":"2026-05-07T23:18:14","slug":"obraz-wieloczesciowy-drzewo-zycia-w-artystycznej-odslonie","status":"publish","type":"product","link":"https:\/\/interiorposter.com\/cs\/product\/obraz-wieloczesciowy-drzewo-zycia-w-artystycznej-odslonie\/","title":{"rendered":"V\u00edced\u00edln\u00fd obraz na pl\u00e1tn\u011b strom \u017eivota v um\u011bleck\u00e9m pojet\u00ed"},"content":{"rendered":"<p>V\u00edced\u00edln\u00fd obraz na pl\u00e1tn\u011b s motivem stromu \u017eivota zaujme dekorativn\u00ed formou, bohatstv\u00edm detail\u016f a v\u00fdjime\u010dnou kompozic\u00ed, kter\u00e1 kr\u00e1sn\u011b vypln\u00ed v\u011bt\u0161\u00ed st\u011bnu. P\u011bt slad\u011bn\u00fdch \u010d\u00e1st\u00ed vytv\u00e1\u0159\u00ed p\u016fsobiv\u00fd celek a p\u0159itahuje pozornost jemn\u00fdmi ornamenty, spir\u00e1lami a subtiln\u00ed hrou textur. Je to skv\u011bl\u00e1 volba do ob\u00fdvac\u00edho pokoje, lo\u017enice, kancel\u00e1\u0159e, hotelu, restaurace nebo elegantn\u00ed p\u0159eds\u00edn\u011b. Obraz na pl\u00e1tn\u011b se v\u00fdborn\u011b hod\u00ed do modern\u00edch, um\u011bleck\u00fdch a glamour interi\u00e9r\u016f a dod\u00e1v\u00e1 jim styl, harmonii i v\u00fdrazn\u00fd charakter. Barevn\u00e9 lad\u011bn\u00ed je v\u00edcebarevn\u00e9 a \u0161ed\u00e9, s akcenty b\u00e9\u017eov\u00e9, zlat\u00e9, \u010derven\u00e9, oran\u017eov\u00e9 a jemn\u011b r\u016f\u017eov\u00e9.<\/p>\n","protected":false},"excerpt":{"rendered":"<p>P\u016fsobiv\u00fd v\u00edced\u00edln\u00fd obraz na pl\u00e1tn\u011b se stromem \u017eivota a bohat\u00fdmi detaily. Stylov\u00e1 dekorace do ob\u00fdvac\u00edho pokoje, lo\u017enice, kancel\u00e1\u0159e nebo hotelu.<\/p>\n","protected":false},"featured_media":291368,"comment_status":"closed","ping_status":"closed","template":"","meta":[],"product_brand":[],"product_cat":[95,99,74,289,86,68,105,83,71,89,123],"product_tag":[698,180,1304,186,533],"class_list":{"0":"post-517037","1":"product","2":"type-product","3":"status-publish","4":"has-post-thumbnail","6":"product_cat-abstraktni","7":"product_cat-glamour-cs","8":"product_cat-hotel-cs","9":"product_cat-ilustrace","10":"product_cat-kancelar","11":"product_cat-loznice","12":"product_cat-moderni","13":"product_cat-obyvaci-pokoj","14":"product_cat-predsin","15":"product_cat-restaurace","16":"product_cat-rostliny-a-kvetiny","17":"product_tag-moderni-obrazy","18":"product_tag-seda","19":"product_tag-strom","20":"product_tag-vicebarevny","21":"product_tag-vicedilny-obraz","22":"pa_size-finishing-100x50-akusticky","23":"pa_size-finishing-100x50-na-italskem-platne","24":"pa_size-finishing-100x50-premium-print-cs","25":"pa_size-finishing-100x50-standard-cs","26":"pa_size-finishing-200x100-akusticky","27":"pa_size-finishing-200x100-na-italskem-platne","28":"pa_size-finishing-200x100-premium-print-cs","29":"pa_size-finishing-200x100-standard-cs","31":"first","32":"instock","33":"purchasable","34":"product-type-variable","35":"has-default-attributes"},"aioseo_notices":[],"_links":{"self":[{"href":"https:\/\/interiorposter.com\/cs\/wp-json\/wp\/v2\/product\/517037","targetHints":{"allow":["GET"]}}],"collection":[{"href":"https:\/\/interiorposter.com\/cs\/wp-json\/wp\/v2\/product"}],"about":[{"href":"https:\/\/interiorposter.com\/cs\/wp-json\/wp\/v2\/types\/product"}],"replies":[{"embeddable":true,"href":"https:\/\/interiorposter.com\/cs\/wp-json\/wp\/v2\/comments?post=517037"}],"wp:featuredmedia":[{"embeddable":true,"href":"https:\/\/interiorposter.com\/cs\/wp-json\/wp\/v2\/media\/291368"}],"wp:attachment":[{"href":"https:\/\/interiorposter.com\/cs\/wp-json\/wp\/v2\/media?parent=517037"}],"wp:term":[{"taxonomy":"product_brand","embeddable":true,"href":"https:\/\/interiorposter.com\/cs\/wp-json\/wp\/v2\/product_brand?post=517037"},{"taxonomy":"product_cat","embeddable":true,"href":"https:\/\/interiorposter.com\/cs\/wp-json\/wp\/v2\/product_cat?post=517037"},{"taxonomy":"product_tag","embeddable":true,"href":"https:\/\/interiorposter.com\/cs\/wp-json\/wp\/v2\/product_tag?post=517037"}],"curies":[{"name":"wp","href":"https:\/\/api.w.org\/{rel}","templated":true}]}}