{"id":516958,"date":"2026-05-09T22:05:43","date_gmt":"2026-05-09T20:05:43","guid":{"rendered":"https:\/\/interiorposter.com\/product\/obraz-na-plotnie-zimowe-drzewo-w-szarosci\/"},"modified":"2026-05-08T01:11:38","modified_gmt":"2026-05-07T23:11:38","slug":"obraz-na-plotnie-zimowe-drzewo-w-szarosci","status":"publish","type":"product","link":"https:\/\/interiorposter.com\/cs\/product\/obraz-na-plotnie-zimowe-drzewo-w-szarosci\/","title":{"rendered":"Obraz na pl\u00e1tn\u011b zimn\u00ed strom v \u0161ed\u00fdch t\u00f3nech"},"content":{"rendered":"<p>Obraz na pl\u00e1tn\u011b se solit\u00e9rn\u00edm stromem v zimn\u00edm, monochromatick\u00e9m pojet\u00ed okouzl\u00ed klidem a elegantn\u00ed jednoduchost\u00ed. Jemn\u00e9 \u0161ed\u00e9 odst\u00edny, b\u00edl\u00e1 a hra pr\u016fsvitn\u00fdch tvar\u016f vytv\u00e1\u0159ej\u00ed subtiln\u00ed, modern\u00ed a velmi stylovou kompozici. Je to kr\u00e1sn\u00fd obraz na st\u011bnu do ob\u00fdvac\u00edho pokoje, lo\u017enice, kancel\u00e1\u0159e, hotelu nebo p\u0159eds\u00edn\u011b, zejm\u00e9na do minimalistick\u00fdch, skandin\u00e1vsk\u00fdch a modern\u00edch interi\u00e9r\u016f. Barevn\u00e9 lad\u011bn\u00ed je sv\u011btl\u00e9 a \u0161ed\u00e9, tak\u017ee dekorace opticky prosv\u011btluje prostor.<\/p>\n","protected":false},"excerpt":{"rendered":"<p>Subtiln\u00ed obraz na pl\u00e1tn\u011b se zimn\u00edm stromem v odst\u00ednech b\u00edl\u00e9 a \u0161ed\u00e9. Elegantn\u00ed dekorace do ob\u00fdvac\u00edho pokoje, lo\u017enice nebo kancel\u00e1\u0159e.<\/p>\n","protected":false},"featured_media":263954,"comment_status":"closed","ping_status":"closed","template":"","meta":[],"product_brand":[],"product_cat":[74,289,86,68,102,105,83,71,123,111],"product_tag":[698,180,1304,274,704],"class_list":{"0":"post-516958","1":"product","2":"type-product","3":"status-publish","4":"has-post-thumbnail","6":"product_cat-hotel-cs","7":"product_cat-ilustrace","8":"product_cat-kancelar","9":"product_cat-loznice","10":"product_cat-minimalisticky","11":"product_cat-moderni","12":"product_cat-obyvaci-pokoj","13":"product_cat-predsin","14":"product_cat-rostliny-a-kvetiny","15":"product_cat-skandinavsky","16":"product_tag-moderni-obrazy","17":"product_tag-seda","18":"product_tag-strom","19":"product_tag-svetle","20":"product_tag-vertikalni","21":"pa_size-finishing-20x30-standard-cs","22":"pa_size-finishing-20x30-na-italskem-platne","23":"pa_size-finishing-20x30-premium-print-cs","24":"pa_size-finishing-20x30-akusticky","25":"pa_size-finishing-40x60-standard-cs","26":"pa_size-finishing-40x60-na-italskem-platne","27":"pa_size-finishing-40x60-premium-print-cs","28":"pa_size-finishing-40x60-acoustic-cs","29":"pa_size-finishing-40x60-w-ramie-drewnianej-naturalnej-cs","30":"pa_size-finishing-40x60-v-cernem-drevenem-ramu","31":"pa_size-finishing-60x90-standard-cs","32":"pa_size-finishing-60x90-na-italskem-platne","33":"pa_size-finishing-60x90-premium-print-cs","34":"pa_size-finishing-60x90-akustyczny-cs","35":"pa_size-finishing-60x90-v-prirodnim-drevenem-ramu","36":"pa_size-finishing-60x90-v-cernem-drevenem-ramu","37":"pa_size-finishing-80x120-standard-cs","38":"pa_size-finishing-80x120-na-italskem-platne","39":"pa_size-finishing-80x120-premium-print-cs","40":"pa_size-finishing-80x120-akustyczny-cs","41":"pa_size-finishing-80x120-v-prirodnim-drevenem-ramu","42":"pa_size-finishing-80x120-v-cernem-drevenem-ramu","44":"first","45":"instock","46":"purchasable","47":"product-type-variable","48":"has-default-attributes"},"aioseo_notices":[],"_links":{"self":[{"href":"https:\/\/interiorposter.com\/cs\/wp-json\/wp\/v2\/product\/516958","targetHints":{"allow":["GET"]}}],"collection":[{"href":"https:\/\/interiorposter.com\/cs\/wp-json\/wp\/v2\/product"}],"about":[{"href":"https:\/\/interiorposter.com\/cs\/wp-json\/wp\/v2\/types\/product"}],"replies":[{"embeddable":true,"href":"https:\/\/interiorposter.com\/cs\/wp-json\/wp\/v2\/comments?post=516958"}],"wp:featuredmedia":[{"embeddable":true,"href":"https:\/\/interiorposter.com\/cs\/wp-json\/wp\/v2\/media\/263954"}],"wp:attachment":[{"href":"https:\/\/interiorposter.com\/cs\/wp-json\/wp\/v2\/media?parent=516958"}],"wp:term":[{"taxonomy":"product_brand","embeddable":true,"href":"https:\/\/interiorposter.com\/cs\/wp-json\/wp\/v2\/product_brand?post=516958"},{"taxonomy":"product_cat","embeddable":true,"href":"https:\/\/interiorposter.com\/cs\/wp-json\/wp\/v2\/product_cat?post=516958"},{"taxonomy":"product_tag","embeddable":true,"href":"https:\/\/interiorposter.com\/cs\/wp-json\/wp\/v2\/product_tag?post=516958"}],"curies":[{"name":"wp","href":"https:\/\/api.w.org\/{rel}","templated":true}]}}