{"id":516875,"date":"2026-05-09T22:05:50","date_gmt":"2026-05-09T20:05:50","guid":{"rendered":"https:\/\/interiorposter.com\/product\/obraz-na-plotnie-szeroki-z-magicznym-drzewem-szczescia\/"},"modified":"2026-05-08T01:05:57","modified_gmt":"2026-05-07T23:05:57","slug":"obraz-na-plotnie-szeroki-z-magicznym-drzewem-szczescia","status":"publish","type":"product","link":"https:\/\/interiorposter.com\/cs\/product\/obraz-na-plotnie-szeroki-z-magicznym-drzewem-szczescia\/","title":{"rendered":"\u0160irok\u00fd obraz na pl\u00e1tn\u011b s kouzeln\u00fdm stromem \u0161t\u011bst\u00ed"},"content":{"rendered":"<p>Obraz na pl\u00e1tn\u011b s dekorativn\u00edm stromem na \u010derveno-oran\u017eov\u00e9m pozad\u00ed p\u0159itahuje pozornost a vn\u00e1\u0161\u00ed do interi\u00e9ru teplo, energii i n\u00e1dech orient\u00e1ln\u00ed elegance. \u0160irok\u00fd form\u00e1t kr\u00e1sn\u011b vynikne nad pohovkou, postel\u00ed, komodou nebo v reprezentativn\u00ed \u010d\u00e1sti kancel\u00e1\u0159e, hotelu \u010di restaurace. Fantazijn\u011b se vinouc\u00ed v\u011btve a z\u00e1\u0159iv\u00e9 detaily dod\u00e1vaj\u00ed kompozici efektn\u00ed a velmi dekorativn\u00ed vzhled. Barevn\u00e9 lad\u011bn\u00ed je tmav\u00e9, s v\u00fdrazn\u00fdmi akcenty \u010derven\u00e9, oran\u017eov\u00e9, \u010dern\u00e9, b\u00edl\u00e9 a zlat\u00e9.<\/p>\n","protected":false},"excerpt":{"rendered":"<p>\u0160irok\u00fd obraz na pl\u00e1tn\u011b s dekorativn\u00edm stromem \u0161t\u011bst\u00ed na \u010derven\u00e9m pozad\u00ed. Efektn\u00ed dekorace do ob\u00fdvac\u00edho pokoje, lo\u017enice nebo kancel\u00e1\u0159e.<\/p>\n","protected":false},"featured_media":263751,"comment_status":"closed","ping_status":"closed","template":"","meta":[],"product_brand":[],"product_cat":[99,74,289,86,68,105,83,71,89,123],"product_tag":[702,698,915,1304,271,186],"class_list":{"0":"post-516875","1":"product","2":"type-product","3":"status-publish","4":"has-post-thumbnail","6":"product_cat-glamour-cs","7":"product_cat-hotel-cs","8":"product_cat-ilustrace","9":"product_cat-kancelar","10":"product_cat-loznice","11":"product_cat-moderni","12":"product_cat-obyvaci-pokoj","13":"product_cat-predsin","14":"product_cat-restaurace","15":"product_cat-rostliny-a-kvetiny","16":"product_tag-horizontalni","17":"product_tag-moderni-obrazy","18":"product_tag-panoramaticke","19":"product_tag-strom","20":"product_tag-tmave","21":"product_tag-vicebarevny","22":"pa_size-finishing-120x40-premium-print-cs","23":"pa_size-finishing-120x40-standard-cs","24":"pa_size-finishing-120x40-akusticky","25":"pa_size-finishing-120x40-na-italskem-platne","26":"pa_size-finishing-120x40-v-cernem-drevenem-ramu","27":"pa_size-finishing-120x40-v-prirodnim-drevenem-ramu","28":"pa_size-finishing-135x45-premium-print-cs","29":"pa_size-finishing-135x45-standard-cs","30":"pa_size-finishing-135x45-akusticky","31":"pa_size-finishing-135x45-na-italskem-platne","32":"pa_size-finishing-150x50-premium-print-cs","33":"pa_size-finishing-150x50-standard-cs","34":"pa_size-finishing-150x50-akusticky","35":"pa_size-finishing-150x50-na-italskem-platne","36":"pa_size-finishing-150x50-v-cernem-drevenem-ramu","37":"pa_size-finishing-150x50-v-prirodnim-drevenem-ramu","38":"pa_size-finishing-90x30-premium-print-cs","39":"pa_size-finishing-90x30-standard-cs","40":"pa_size-finishing-90x30-akustyczny-cs","41":"pa_size-finishing-90x30-na-italskem-platne","42":"pa_size-finishing-90x30-v-cernem-drevenem-ramu","43":"pa_size-finishing-90x30-v-prirodnim-drevenem-ramu","45":"first","46":"instock","47":"purchasable","48":"product-type-variable","49":"has-default-attributes"},"aioseo_notices":[],"_links":{"self":[{"href":"https:\/\/interiorposter.com\/cs\/wp-json\/wp\/v2\/product\/516875","targetHints":{"allow":["GET"]}}],"collection":[{"href":"https:\/\/interiorposter.com\/cs\/wp-json\/wp\/v2\/product"}],"about":[{"href":"https:\/\/interiorposter.com\/cs\/wp-json\/wp\/v2\/types\/product"}],"replies":[{"embeddable":true,"href":"https:\/\/interiorposter.com\/cs\/wp-json\/wp\/v2\/comments?post=516875"}],"wp:featuredmedia":[{"embeddable":true,"href":"https:\/\/interiorposter.com\/cs\/wp-json\/wp\/v2\/media\/263751"}],"wp:attachment":[{"href":"https:\/\/interiorposter.com\/cs\/wp-json\/wp\/v2\/media?parent=516875"}],"wp:term":[{"taxonomy":"product_brand","embeddable":true,"href":"https:\/\/interiorposter.com\/cs\/wp-json\/wp\/v2\/product_brand?post=516875"},{"taxonomy":"product_cat","embeddable":true,"href":"https:\/\/interiorposter.com\/cs\/wp-json\/wp\/v2\/product_cat?post=516875"},{"taxonomy":"product_tag","embeddable":true,"href":"https:\/\/interiorposter.com\/cs\/wp-json\/wp\/v2\/product_tag?post=516875"}],"curies":[{"name":"wp","href":"https:\/\/api.w.org\/{rel}","templated":true}]}}