{"id":516796,"date":"2026-05-09T22:04:26","date_gmt":"2026-05-09T20:04:26","guid":{"rendered":"https:\/\/interiorposter.com\/product\/obraz-na-plotnie-vincent-van-gogh-reprodukcja-drzewo-morwowe\/"},"modified":"2026-05-08T00:54:50","modified_gmt":"2026-05-07T22:54:50","slug":"obraz-na-plotnie-vincent-van-gogh-reprodukcja-drzewo-morwowe","status":"publish","type":"product","link":"https:\/\/interiorposter.com\/cs\/product\/obraz-na-plotnie-vincent-van-gogh-reprodukcja-drzewo-morwowe\/","title":{"rendered":"Obraz na pl\u00e1tn\u011b Vincent van Gogh reprodukce Moru\u0161e"},"content":{"rendered":"<p>Obraz ti\u0161t\u011bn\u00fd na pl\u00e1tn\u011b p\u0159edstavuje reprodukci d\u00edla Vincenta van Gogha Moru\u0161e. Expresivn\u00ed tahy \u0161t\u011btce, intenzivn\u00ed \u017elut\u00e1 koruny a syt\u011b modr\u00e9 pozad\u00ed vytv\u00e1\u0159ej\u00ed kompozici plnou sv\u011btla, pohybu a um\u011bleck\u00e9 energie. Je to elegantn\u00ed obraz na pl\u00e1tn\u011b do ob\u00fdvac\u00edho pokoje, lo\u017enice, kancel\u00e1\u0159e, hotelu nebo p\u0159eds\u00edn\u011b, ide\u00e1ln\u00ed pro milovn\u00edky klasiky, malby a v\u00fdjime\u010dn\u00fdch n\u00e1st\u011bnn\u00fdch dekorac\u00ed. Barevn\u00e9 lad\u011bn\u00ed je v\u00edcebarevn\u00e9, s v\u00fdrazn\u00fdmi akcenty \u017elut\u00e9, modr\u00e9, zelen\u00e9 a b\u00edl\u00e9.<\/p>\n","protected":false},"excerpt":{"rendered":"<p>Reprodukce d\u00edla Moru\u0161e Vincenta van Gogha ti\u0161t\u011bn\u00e1 na pl\u00e1tn\u011b. Um\u011bleck\u00fd obraz do ob\u00fdvac\u00edho pokoje, lo\u017enice nebo kancel\u00e1\u0159e.<\/p>\n","protected":false},"featured_media":498379,"comment_status":"closed","ping_status":"closed","template":"","meta":[],"product_brand":[],"product_cat":[74,86,207,135,68,297,83,71,123],"product_tag":[702,698,1304,186],"class_list":{"0":"post-516796","1":"product","2":"type-product","3":"status-publish","4":"has-post-thumbnail","6":"product_cat-hotel-cs","7":"product_cat-kancelar","8":"product_cat-konceptualni-umeni","9":"product_cat-krajiny","10":"product_cat-loznice","11":"product_cat-malirsky","12":"product_cat-obyvaci-pokoj","13":"product_cat-predsin","14":"product_cat-rostliny-a-kvetiny","15":"product_tag-horizontalni","16":"product_tag-moderni-obrazy","17":"product_tag-strom","18":"product_tag-vicebarevny","19":"pa_size-finishing-30x20-standard-cs","20":"pa_size-finishing-30x20-na-italskem-platne","21":"pa_size-finishing-30x20-premium-print-cs","22":"pa_size-finishing-30x20-akusticky","23":"pa_size-finishing-60x40-standard-cs","24":"pa_size-finishing-60x40-na-italskem-platne","25":"pa_size-finishing-60x40-premium-print-cs","26":"pa_size-finishing-60x40-akusticky","27":"pa_size-finishing-60x40-v-prirodnim-drevenem-ramu","28":"pa_size-finishing-60x40-v-cernem-drevenem-ramu","29":"pa_size-finishing-90x60-standard-cs","30":"pa_size-finishing-90x60-na-italskem-platne","31":"pa_size-finishing-90x60-premium-print-cs","32":"pa_size-finishing-90x60-akusticky","33":"pa_size-finishing-90x60-v-prirodnim-drevenem-ramu","34":"pa_size-finishing-90x60-v-cernem-drevenem-ramu","35":"pa_size-finishing-120x80-standard-cs","36":"pa_size-finishing-120x80-na-italskem-platne","37":"pa_size-finishing-120x80-premium-print-cs","38":"pa_size-finishing-120x80-akusticky","39":"pa_size-finishing-120x80-v-prirodnim-drevenem-ramu","40":"pa_size-finishing-120x80-v-cernem-drevenem-ramu","42":"first","43":"instock","44":"purchasable","45":"product-type-variable","46":"has-default-attributes"},"aioseo_notices":[],"_links":{"self":[{"href":"https:\/\/interiorposter.com\/cs\/wp-json\/wp\/v2\/product\/516796","targetHints":{"allow":["GET"]}}],"collection":[{"href":"https:\/\/interiorposter.com\/cs\/wp-json\/wp\/v2\/product"}],"about":[{"href":"https:\/\/interiorposter.com\/cs\/wp-json\/wp\/v2\/types\/product"}],"replies":[{"embeddable":true,"href":"https:\/\/interiorposter.com\/cs\/wp-json\/wp\/v2\/comments?post=516796"}],"wp:featuredmedia":[{"embeddable":true,"href":"https:\/\/interiorposter.com\/cs\/wp-json\/wp\/v2\/media\/498379"}],"wp:attachment":[{"href":"https:\/\/interiorposter.com\/cs\/wp-json\/wp\/v2\/media?parent=516796"}],"wp:term":[{"taxonomy":"product_brand","embeddable":true,"href":"https:\/\/interiorposter.com\/cs\/wp-json\/wp\/v2\/product_brand?post=516796"},{"taxonomy":"product_cat","embeddable":true,"href":"https:\/\/interiorposter.com\/cs\/wp-json\/wp\/v2\/product_cat?post=516796"},{"taxonomy":"product_tag","embeddable":true,"href":"https:\/\/interiorposter.com\/cs\/wp-json\/wp\/v2\/product_tag?post=516796"}],"curies":[{"name":"wp","href":"https:\/\/api.w.org\/{rel}","templated":true}]}}