{"id":516672,"date":"2026-04-03T08:08:24","date_gmt":"2026-04-03T06:08:24","guid":{"rendered":"https:\/\/interiorposter.com\/product\/obraz-na-plotnie-bordowe-lilie-elegancja-natury\/"},"modified":"2026-05-03T00:23:47","modified_gmt":"2026-05-02T22:23:47","slug":"obraz-na-plotnie-bordowe-lilie-elegancja-natury","status":"publish","type":"product","link":"https:\/\/interiorposter.com\/cs\/product\/obraz-na-plotnie-bordowe-lilie-elegancja-natury\/","title":{"rendered":"Obraz na pl\u00e1tn\u011b V\u00ednov\u00e9 lilie Elegance p\u0159\u00edrody"},"content":{"rendered":"<p>Obraz na pl\u00e1tn\u011b s v\u00ednov\u00fdmi liliemi je dekorac\u00ed s hlubok\u00fdm, elegantn\u00edm charakterem, kter\u00e1 p\u0159itahuje pozornost a dod\u00e1v\u00e1 interi\u00e9ru vyt\u0159\u00edbenost. Kv\u011bty v odst\u00ednech v\u00ednov\u00e9, r\u016f\u017eov\u00e9 a tmav\u011b \u010derven\u00e9 kr\u00e1sn\u011b kontrastuj\u00ed se sv\u011btl\u00fdm, lehce \u0161ed\u00fdm pozad\u00edm a zelen\u00ed poupat. Tento obraz do ob\u00fdvac\u00edho pokoje se hod\u00ed tak\u00e9 do lo\u017enice, hotelu, kancel\u00e1\u0159e, restaurace nebo p\u0159eds\u00edn\u011b. Kv\u011btinov\u00fd motiv lad\u00ed s glamour, modern\u00edmi, mal\u00ed\u0159sk\u00fdmi i klasicky elegantn\u00edmi aran\u017em\u00e1.<\/p>\n","protected":false},"excerpt":{"rendered":"","protected":false},"featured_media":405730,"comment_status":"closed","ping_status":"closed","template":"","meta":[],"product_brand":[],"product_cat":[108,99,74,86,68,297,105,83,71,89,123],"product_tag":[698,704,186],"class_list":{"0":"post-516672","1":"product","2":"type-product","3":"status-publish","4":"has-post-thumbnail","6":"product_cat-fotografie","7":"product_cat-glamour-cs","8":"product_cat-hotel-cs","9":"product_cat-kancelar","10":"product_cat-loznice","11":"product_cat-malirsky","12":"product_cat-moderni","13":"product_cat-obyvaci-pokoj","14":"product_cat-predsin","15":"product_cat-restaurace","16":"product_cat-rostliny-a-kvetiny","17":"product_tag-moderni-obrazy","18":"product_tag-vertikalni","19":"product_tag-vicebarevny","20":"pa_size-finishing-20x30-standard-cs","21":"pa_size-finishing-20x30-na-italskem-platne","22":"pa_size-finishing-20x30-premium-print-cs","23":"pa_size-finishing-20x30-akusticky","24":"pa_size-finishing-40x60-standard-cs","25":"pa_size-finishing-40x60-na-italskem-platne","26":"pa_size-finishing-40x60-premium-print-cs","27":"pa_size-finishing-40x60-acoustic-cs","28":"pa_size-finishing-40x60-w-ramie-drewnianej-naturalnej-cs","29":"pa_size-finishing-40x60-v-cernem-drevenem-ramu","30":"pa_size-finishing-60x90-standard-cs","31":"pa_size-finishing-60x90-na-italskem-platne","32":"pa_size-finishing-60x90-premium-print-cs","33":"pa_size-finishing-60x90-akustyczny-cs","34":"pa_size-finishing-60x90-v-prirodnim-drevenem-ramu","35":"pa_size-finishing-60x90-v-cernem-drevenem-ramu","36":"pa_size-finishing-80x120-standard-cs","37":"pa_size-finishing-80x120-na-italskem-platne","38":"pa_size-finishing-80x120-premium-print-cs","39":"pa_size-finishing-80x120-akustyczny-cs","40":"pa_size-finishing-80x120-v-prirodnim-drevenem-ramu","41":"pa_size-finishing-80x120-v-cernem-drevenem-ramu","43":"first","44":"instock","45":"purchasable","46":"product-type-variable","47":"has-default-attributes"},"aioseo_notices":[],"_links":{"self":[{"href":"https:\/\/interiorposter.com\/cs\/wp-json\/wp\/v2\/product\/516672","targetHints":{"allow":["GET"]}}],"collection":[{"href":"https:\/\/interiorposter.com\/cs\/wp-json\/wp\/v2\/product"}],"about":[{"href":"https:\/\/interiorposter.com\/cs\/wp-json\/wp\/v2\/types\/product"}],"replies":[{"embeddable":true,"href":"https:\/\/interiorposter.com\/cs\/wp-json\/wp\/v2\/comments?post=516672"}],"wp:featuredmedia":[{"embeddable":true,"href":"https:\/\/interiorposter.com\/cs\/wp-json\/wp\/v2\/media\/405730"}],"wp:attachment":[{"href":"https:\/\/interiorposter.com\/cs\/wp-json\/wp\/v2\/media?parent=516672"}],"wp:term":[{"taxonomy":"product_brand","embeddable":true,"href":"https:\/\/interiorposter.com\/cs\/wp-json\/wp\/v2\/product_brand?post=516672"},{"taxonomy":"product_cat","embeddable":true,"href":"https:\/\/interiorposter.com\/cs\/wp-json\/wp\/v2\/product_cat?post=516672"},{"taxonomy":"product_tag","embeddable":true,"href":"https:\/\/interiorposter.com\/cs\/wp-json\/wp\/v2\/product_tag?post=516672"}],"curies":[{"name":"wp","href":"https:\/\/api.w.org\/{rel}","templated":true}]}}