{"id":516594,"date":"2026-04-03T05:20:27","date_gmt":"2026-04-03T03:20:27","guid":{"rendered":"https:\/\/interiorposter.com\/product\/obraz-na-plotnie-pastelowe-magnolie-w-swietle\/"},"modified":"2026-05-03T00:16:24","modified_gmt":"2026-05-02T22:16:24","slug":"obraz-na-plotnie-pastelowe-magnolie-w-swietle","status":"publish","type":"product","link":"https:\/\/interiorposter.com\/cs\/product\/obraz-na-plotnie-pastelowe-magnolie-w-swietle\/","title":{"rendered":"Obraz na pl\u00e1tn\u011b Pastelov\u00e9 magnolie ve sv\u011btle"},"content":{"rendered":"<p>Obraz na pl\u00e1tn\u011b s pastelov\u00fdmi magnoliemi na sv\u011btl\u00e9m, jemn\u011b strukturovan\u00e9m pozad\u00ed je n\u011b\u017enou dekorac\u00ed, kter\u00e1 vnese do interi\u00e9ru sv\u011b\u017eest, harmonii a romantickou atmosf\u00e9ru. Jemn\u00e9 odst\u00edny b\u00edl\u00e9, r\u016f\u017eov\u00e9, b\u00e9\u017eov\u00e9 a chladn\u00e9 \u0161ed\u00e9 kr\u00e1sn\u011b prosv\u011btluj\u00ed prostor a vytv\u00e1\u0159ej\u00ed elegantn\u00ed akcent na st\u011bn\u011b. Tento obraz do ob\u00fdvac\u00edho pokoje se skv\u011ble hod\u00ed tak\u00e9 do lo\u017enice, koupelny, hotelu, kancel\u00e1\u0159e nebo p\u0159eds\u00edn\u011b. Kv\u011btinov\u00fd motiv lad\u00ed se skandin\u00e1vsk\u00fdmi, glamour, minimalistick\u00fdmi i modern\u00edmi aran\u017em\u00e1.<\/p>\n","protected":false},"excerpt":{"rendered":"","protected":false},"featured_media":398024,"comment_status":"closed","ping_status":"closed","template":"","meta":[],"product_brand":[],"product_cat":[99,74,86,65,68,102,105,83,71,123,111],"product_tag":[702,698,277,180,274],"class_list":{"0":"post-516594","1":"product","2":"type-product","3":"status-publish","4":"has-post-thumbnail","6":"product_cat-glamour-cs","7":"product_cat-hotel-cs","8":"product_cat-kancelar","9":"product_cat-koupelna","10":"product_cat-loznice","11":"product_cat-minimalisticky","12":"product_cat-moderni","13":"product_cat-obyvaci-pokoj","14":"product_cat-predsin","15":"product_cat-rostliny-a-kvetiny","16":"product_cat-skandinavsky","17":"product_tag-horizontalni","18":"product_tag-moderni-obrazy","19":"product_tag-pastelove","20":"product_tag-seda","21":"product_tag-svetle","22":"pa_size-finishing-30x20-standard-cs","23":"pa_size-finishing-30x20-na-italskem-platne","24":"pa_size-finishing-30x20-premium-print-cs","25":"pa_size-finishing-30x20-akusticky","26":"pa_size-finishing-60x40-standard-cs","27":"pa_size-finishing-60x40-na-italskem-platne","28":"pa_size-finishing-60x40-premium-print-cs","29":"pa_size-finishing-60x40-akusticky","30":"pa_size-finishing-60x40-v-prirodnim-drevenem-ramu","31":"pa_size-finishing-60x40-v-cernem-drevenem-ramu","32":"pa_size-finishing-90x60-standard-cs","33":"pa_size-finishing-90x60-na-italskem-platne","34":"pa_size-finishing-90x60-premium-print-cs","35":"pa_size-finishing-90x60-akusticky","36":"pa_size-finishing-90x60-v-prirodnim-drevenem-ramu","37":"pa_size-finishing-90x60-v-cernem-drevenem-ramu","38":"pa_size-finishing-120x80-standard-cs","39":"pa_size-finishing-120x80-na-italskem-platne","40":"pa_size-finishing-120x80-premium-print-cs","41":"pa_size-finishing-120x80-akusticky","42":"pa_size-finishing-120x80-v-prirodnim-drevenem-ramu","43":"pa_size-finishing-120x80-v-cernem-drevenem-ramu","45":"first","46":"instock","47":"purchasable","48":"product-type-variable","49":"has-default-attributes"},"aioseo_notices":[],"_links":{"self":[{"href":"https:\/\/interiorposter.com\/cs\/wp-json\/wp\/v2\/product\/516594","targetHints":{"allow":["GET"]}}],"collection":[{"href":"https:\/\/interiorposter.com\/cs\/wp-json\/wp\/v2\/product"}],"about":[{"href":"https:\/\/interiorposter.com\/cs\/wp-json\/wp\/v2\/types\/product"}],"replies":[{"embeddable":true,"href":"https:\/\/interiorposter.com\/cs\/wp-json\/wp\/v2\/comments?post=516594"}],"wp:featuredmedia":[{"embeddable":true,"href":"https:\/\/interiorposter.com\/cs\/wp-json\/wp\/v2\/media\/398024"}],"wp:attachment":[{"href":"https:\/\/interiorposter.com\/cs\/wp-json\/wp\/v2\/media?parent=516594"}],"wp:term":[{"taxonomy":"product_brand","embeddable":true,"href":"https:\/\/interiorposter.com\/cs\/wp-json\/wp\/v2\/product_brand?post=516594"},{"taxonomy":"product_cat","embeddable":true,"href":"https:\/\/interiorposter.com\/cs\/wp-json\/wp\/v2\/product_cat?post=516594"},{"taxonomy":"product_tag","embeddable":true,"href":"https:\/\/interiorposter.com\/cs\/wp-json\/wp\/v2\/product_tag?post=516594"}],"curies":[{"name":"wp","href":"https:\/\/api.w.org\/{rel}","templated":true}]}}