{"id":516501,"date":"2026-04-03T06:57:07","date_gmt":"2026-04-03T04:57:07","guid":{"rendered":"https:\/\/interiorposter.com\/product\/obraz-na-plotnie-biale-kwiaty-na-strukturze\/"},"modified":"2026-05-03T00:06:51","modified_gmt":"2026-05-02T22:06:51","slug":"obraz-na-plotnie-biale-kwiaty-na-strukturze","status":"publish","type":"product","link":"https:\/\/interiorposter.com\/cs\/product\/obraz-na-plotnie-biale-kwiaty-na-strukturze\/","title":{"rendered":"Obraz na pl\u00e1tn\u011b B\u00edl\u00e9 kv\u011bty na struktu\u0159e"},"content":{"rendered":"<p>Obraz na pl\u00e1tn\u011b s b\u00edl\u00fdmi kv\u011bty na sv\u011btl\u00e9m, jemn\u011b patinovan\u00e9m pozad\u00ed je elegantn\u00ed dekorac\u00ed, kter\u00e1 vnese do interi\u00e9ru sv\u011b\u017eest, lehkost a klidnou atmosf\u00e9ru. Sv\u011btl\u00e1 barevnost s kr\u00e9mov\u00fdmi a \u0161ed\u00fdmi t\u00f3ny kr\u00e1sn\u011b prosv\u011btl\u00ed prostor a vytvo\u0159\u00ed harmonick\u00fd akcent na st\u011bn\u011b. Tento obraz do ob\u00fdvac\u00edho pokoje se hod\u00ed tak\u00e9 do lo\u017enice, koupelny, hotelu, kancel\u00e1\u0159e nebo p\u0159eds\u00edn\u011b. Kv\u011btinov\u00fd motiv lad\u00ed se skandin\u00e1vsk\u00fdmi, minimalistick\u00fdmi, modern\u00edmi i glamour aran\u017em\u00e1.<\/p>\n","protected":false},"excerpt":{"rendered":"","protected":false},"featured_media":402493,"comment_status":"closed","ping_status":"closed","template":"","meta":[],"product_brand":[],"product_cat":[99,74,86,65,68,102,105,83,71,123,111],"product_tag":[702,698,180,274],"class_list":{"0":"post-516501","1":"product","2":"type-product","3":"status-publish","4":"has-post-thumbnail","6":"product_cat-glamour-cs","7":"product_cat-hotel-cs","8":"product_cat-kancelar","9":"product_cat-koupelna","10":"product_cat-loznice","11":"product_cat-minimalisticky","12":"product_cat-moderni","13":"product_cat-obyvaci-pokoj","14":"product_cat-predsin","15":"product_cat-rostliny-a-kvetiny","16":"product_cat-skandinavsky","17":"product_tag-horizontalni","18":"product_tag-moderni-obrazy","19":"product_tag-seda","20":"product_tag-svetle","21":"pa_size-finishing-30x20-standard-cs","22":"pa_size-finishing-30x20-na-italskem-platne","23":"pa_size-finishing-30x20-premium-print-cs","24":"pa_size-finishing-30x20-akusticky","25":"pa_size-finishing-60x40-standard-cs","26":"pa_size-finishing-60x40-na-italskem-platne","27":"pa_size-finishing-60x40-premium-print-cs","28":"pa_size-finishing-60x40-akusticky","29":"pa_size-finishing-60x40-v-prirodnim-drevenem-ramu","30":"pa_size-finishing-60x40-v-cernem-drevenem-ramu","31":"pa_size-finishing-90x60-standard-cs","32":"pa_size-finishing-90x60-na-italskem-platne","33":"pa_size-finishing-90x60-premium-print-cs","34":"pa_size-finishing-90x60-akusticky","35":"pa_size-finishing-90x60-v-prirodnim-drevenem-ramu","36":"pa_size-finishing-90x60-v-cernem-drevenem-ramu","37":"pa_size-finishing-120x80-standard-cs","38":"pa_size-finishing-120x80-na-italskem-platne","39":"pa_size-finishing-120x80-premium-print-cs","40":"pa_size-finishing-120x80-akusticky","41":"pa_size-finishing-120x80-v-prirodnim-drevenem-ramu","42":"pa_size-finishing-120x80-v-cernem-drevenem-ramu","44":"first","45":"instock","46":"purchasable","47":"product-type-variable","48":"has-default-attributes"},"aioseo_notices":[],"_links":{"self":[{"href":"https:\/\/interiorposter.com\/cs\/wp-json\/wp\/v2\/product\/516501","targetHints":{"allow":["GET"]}}],"collection":[{"href":"https:\/\/interiorposter.com\/cs\/wp-json\/wp\/v2\/product"}],"about":[{"href":"https:\/\/interiorposter.com\/cs\/wp-json\/wp\/v2\/types\/product"}],"replies":[{"embeddable":true,"href":"https:\/\/interiorposter.com\/cs\/wp-json\/wp\/v2\/comments?post=516501"}],"wp:featuredmedia":[{"embeddable":true,"href":"https:\/\/interiorposter.com\/cs\/wp-json\/wp\/v2\/media\/402493"}],"wp:attachment":[{"href":"https:\/\/interiorposter.com\/cs\/wp-json\/wp\/v2\/media?parent=516501"}],"wp:term":[{"taxonomy":"product_brand","embeddable":true,"href":"https:\/\/interiorposter.com\/cs\/wp-json\/wp\/v2\/product_brand?post=516501"},{"taxonomy":"product_cat","embeddable":true,"href":"https:\/\/interiorposter.com\/cs\/wp-json\/wp\/v2\/product_cat?post=516501"},{"taxonomy":"product_tag","embeddable":true,"href":"https:\/\/interiorposter.com\/cs\/wp-json\/wp\/v2\/product_tag?post=516501"}],"curies":[{"name":"wp","href":"https:\/\/api.w.org\/{rel}","templated":true}]}}