{"id":516419,"date":"2026-04-02T17:07:13","date_gmt":"2026-04-02T15:07:13","guid":{"rendered":"https:\/\/interiorposter.com\/product\/obraz-na-plotnie-wieza-eiffla-kolorowe-linie\/"},"modified":"2026-05-03T00:00:02","modified_gmt":"2026-05-02T22:00:02","slug":"obraz-na-plotnie-wieza-eiffla-kolorowe-linie","status":"publish","type":"product","link":"https:\/\/interiorposter.com\/cs\/product\/obraz-na-plotnie-wieza-eiffla-kolorowe-linie\/","title":{"rendered":"Obraz na pl\u00e1tn\u011b Eiffelova v\u011b\u017e Barevn\u00e9 linie"},"content":{"rendered":"<p>Obraz na pl\u00e1tn\u011b s Eiffelovou v\u011b\u017e\u00ed a dynamick\u00fdmi barevn\u00fdmi liniemi je dekorac\u00ed plnou energie, lehkosti a m\u011bstsk\u00e9ho stylu. Minimalistick\u00e1 silueta na sv\u011btl\u00e9m pozad\u00ed se spojuje s \u010dervenou, \u017elutou, modrou, zelenou a fialovou a vytv\u00e1\u0159\u00ed modern\u00ed akcent do interi\u00e9ru. Tento obraz na ze\u010f se skv\u011ble hod\u00ed do ob\u00fdvac\u00edho pokoje, lo\u017enice, kancel\u00e1\u0159e, hotelu, restaurace nebo p\u0159eds\u00edn\u011b. Kompozice lad\u00ed s modern\u00edmi, minimalistick\u00fdmi i skandin\u00e1vsk\u00fdmi aran\u017em\u00e1.<\/p>\n","protected":false},"excerpt":{"rendered":"","protected":false},"featured_media":376900,"comment_status":"closed","ping_status":"closed","template":"","meta":[],"product_brand":[],"product_cat":[210,74,289,86,207,68,120,102,105,83,71,89],"product_tag":[698,274,704,186],"class_list":{"0":"post-516419","1":"product","2":"type-product","3":"status-publish","4":"has-post-thumbnail","6":"product_cat-geometricke","7":"product_cat-hotel-cs","8":"product_cat-ilustrace","9":"product_cat-kancelar","10":"product_cat-konceptualni-umeni","11":"product_cat-loznice","12":"product_cat-mesta-a-mosty","13":"product_cat-minimalisticky","14":"product_cat-moderni","15":"product_cat-obyvaci-pokoj","16":"product_cat-predsin","17":"product_cat-restaurace","18":"product_tag-moderni-obrazy","19":"product_tag-svetle","20":"product_tag-vertikalni","21":"product_tag-vicebarevny","22":"pa_size-finishing-20x30-standard-cs","23":"pa_size-finishing-20x30-na-italskem-platne","24":"pa_size-finishing-20x30-premium-print-cs","25":"pa_size-finishing-20x30-akusticky","26":"pa_size-finishing-40x60-standard-cs","27":"pa_size-finishing-40x60-na-italskem-platne","28":"pa_size-finishing-40x60-premium-print-cs","29":"pa_size-finishing-40x60-acoustic-cs","30":"pa_size-finishing-40x60-w-ramie-drewnianej-naturalnej-cs","31":"pa_size-finishing-40x60-v-cernem-drevenem-ramu","32":"pa_size-finishing-60x90-standard-cs","33":"pa_size-finishing-60x90-na-italskem-platne","34":"pa_size-finishing-60x90-premium-print-cs","35":"pa_size-finishing-60x90-akustyczny-cs","36":"pa_size-finishing-60x90-v-prirodnim-drevenem-ramu","37":"pa_size-finishing-60x90-v-cernem-drevenem-ramu","38":"pa_size-finishing-80x120-standard-cs","39":"pa_size-finishing-80x120-na-italskem-platne","40":"pa_size-finishing-80x120-premium-print-cs","41":"pa_size-finishing-80x120-akustyczny-cs","42":"pa_size-finishing-80x120-v-prirodnim-drevenem-ramu","43":"pa_size-finishing-80x120-v-cernem-drevenem-ramu","45":"first","46":"instock","47":"purchasable","48":"product-type-variable","49":"has-default-attributes"},"aioseo_notices":[],"_links":{"self":[{"href":"https:\/\/interiorposter.com\/cs\/wp-json\/wp\/v2\/product\/516419","targetHints":{"allow":["GET"]}}],"collection":[{"href":"https:\/\/interiorposter.com\/cs\/wp-json\/wp\/v2\/product"}],"about":[{"href":"https:\/\/interiorposter.com\/cs\/wp-json\/wp\/v2\/types\/product"}],"replies":[{"embeddable":true,"href":"https:\/\/interiorposter.com\/cs\/wp-json\/wp\/v2\/comments?post=516419"}],"wp:featuredmedia":[{"embeddable":true,"href":"https:\/\/interiorposter.com\/cs\/wp-json\/wp\/v2\/media\/376900"}],"wp:attachment":[{"href":"https:\/\/interiorposter.com\/cs\/wp-json\/wp\/v2\/media?parent=516419"}],"wp:term":[{"taxonomy":"product_brand","embeddable":true,"href":"https:\/\/interiorposter.com\/cs\/wp-json\/wp\/v2\/product_brand?post=516419"},{"taxonomy":"product_cat","embeddable":true,"href":"https:\/\/interiorposter.com\/cs\/wp-json\/wp\/v2\/product_cat?post=516419"},{"taxonomy":"product_tag","embeddable":true,"href":"https:\/\/interiorposter.com\/cs\/wp-json\/wp\/v2\/product_tag?post=516419"}],"curies":[{"name":"wp","href":"https:\/\/api.w.org\/{rel}","templated":true}]}}