{"id":516338,"date":"2026-04-02T16:38:58","date_gmt":"2026-04-02T14:38:58","guid":{"rendered":"https:\/\/interiorposter.com\/product\/obraz-na-plotnie-biale-piora-lekkosc-i-spokoj\/"},"modified":"2026-05-02T23:53:23","modified_gmt":"2026-05-02T21:53:23","slug":"obraz-na-plotnie-biale-piora-lekkosc-i-spokoj","status":"publish","type":"product","link":"https:\/\/interiorposter.com\/cs\/product\/obraz-na-plotnie-biale-piora-lekkosc-i-spokoj\/","title":{"rendered":"Obraz na pl\u00e1tn\u011b B\u00edl\u00e1 pe\u0159\u00ed Lehkost a klid"},"content":{"rendered":"<p>Obraz na pl\u00e1tn\u011b s jemn\u00fdm b\u00edl\u00fdm pe\u0159\u00edm na \u0161ed\u00e9m strukturovan\u00e9m pozad\u00ed je decentn\u00ed dekorac\u00ed, kter\u00e1 vnese do interi\u00e9ru lehkost, klid a eleganci. Sv\u011btle \u0161ed\u00e1 barevnost s m\u011bkk\u00fdmi kontrasty umo\u017e\u0148uje kompozici kr\u00e1sn\u011b vyniknout v ob\u00fdvac\u00edm pokoji, lo\u017enici, koupeln\u011b, hotelu, kancel\u00e1\u0159i nebo p\u0159eds\u00edni. Motiv pe\u0159\u00ed se hod\u00ed k modern\u00edm, glamour, skandin\u00e1vsk\u00fdm i minimalistick\u00fdm aran\u017em\u00e1.<\/p>\n","protected":false},"excerpt":{"rendered":"","protected":false},"featured_media":375383,"comment_status":"closed","ping_status":"closed","template":"","meta":[],"product_brand":[],"product_cat":[99,74,86,207,65,68,102,105,83,71,111,254],"product_tag":[698,180,274,704],"class_list":{"0":"post-516338","1":"product","2":"type-product","3":"status-publish","4":"has-post-thumbnail","6":"product_cat-glamour-cs","7":"product_cat-hotel-cs","8":"product_cat-kancelar","9":"product_cat-konceptualni-umeni","10":"product_cat-koupelna","11":"product_cat-loznice","12":"product_cat-minimalisticky","13":"product_cat-moderni","14":"product_cat-obyvaci-pokoj","15":"product_cat-predsin","16":"product_cat-skandinavsky","17":"product_cat-zvirata-a-priroda","18":"product_tag-moderni-obrazy","19":"product_tag-seda","20":"product_tag-svetle","21":"product_tag-vertikalni","22":"pa_size-finishing-20x30-standard-cs","23":"pa_size-finishing-20x30-na-italskem-platne","24":"pa_size-finishing-20x30-premium-print-cs","25":"pa_size-finishing-20x30-akusticky","26":"pa_size-finishing-40x60-standard-cs","27":"pa_size-finishing-40x60-na-italskem-platne","28":"pa_size-finishing-40x60-premium-print-cs","29":"pa_size-finishing-40x60-acoustic-cs","30":"pa_size-finishing-40x60-w-ramie-drewnianej-naturalnej-cs","31":"pa_size-finishing-40x60-v-cernem-drevenem-ramu","32":"pa_size-finishing-60x90-standard-cs","33":"pa_size-finishing-60x90-na-italskem-platne","34":"pa_size-finishing-60x90-premium-print-cs","35":"pa_size-finishing-60x90-akustyczny-cs","36":"pa_size-finishing-60x90-v-prirodnim-drevenem-ramu","37":"pa_size-finishing-60x90-v-cernem-drevenem-ramu","38":"pa_size-finishing-80x120-standard-cs","39":"pa_size-finishing-80x120-na-italskem-platne","40":"pa_size-finishing-80x120-premium-print-cs","41":"pa_size-finishing-80x120-akustyczny-cs","42":"pa_size-finishing-80x120-v-prirodnim-drevenem-ramu","43":"pa_size-finishing-80x120-v-cernem-drevenem-ramu","45":"first","46":"instock","47":"purchasable","48":"product-type-variable","49":"has-default-attributes"},"aioseo_notices":[],"_links":{"self":[{"href":"https:\/\/interiorposter.com\/cs\/wp-json\/wp\/v2\/product\/516338","targetHints":{"allow":["GET"]}}],"collection":[{"href":"https:\/\/interiorposter.com\/cs\/wp-json\/wp\/v2\/product"}],"about":[{"href":"https:\/\/interiorposter.com\/cs\/wp-json\/wp\/v2\/types\/product"}],"replies":[{"embeddable":true,"href":"https:\/\/interiorposter.com\/cs\/wp-json\/wp\/v2\/comments?post=516338"}],"wp:featuredmedia":[{"embeddable":true,"href":"https:\/\/interiorposter.com\/cs\/wp-json\/wp\/v2\/media\/375383"}],"wp:attachment":[{"href":"https:\/\/interiorposter.com\/cs\/wp-json\/wp\/v2\/media?parent=516338"}],"wp:term":[{"taxonomy":"product_brand","embeddable":true,"href":"https:\/\/interiorposter.com\/cs\/wp-json\/wp\/v2\/product_brand?post=516338"},{"taxonomy":"product_cat","embeddable":true,"href":"https:\/\/interiorposter.com\/cs\/wp-json\/wp\/v2\/product_cat?post=516338"},{"taxonomy":"product_tag","embeddable":true,"href":"https:\/\/interiorposter.com\/cs\/wp-json\/wp\/v2\/product_tag?post=516338"}],"curies":[{"name":"wp","href":"https:\/\/api.w.org\/{rel}","templated":true}]}}