{"id":516256,"date":"2026-04-02T14:22:34","date_gmt":"2026-04-02T12:22:34","guid":{"rendered":"https:\/\/interiorposter.com\/product\/obraz-na-plotnie-wieza-eiffla-czarno-biala-minimalistyczna\/"},"modified":"2026-05-02T23:38:47","modified_gmt":"2026-05-02T21:38:47","slug":"obraz-na-plotnie-wieza-eiffla-czarno-biala-minimalistyczna","status":"publish","type":"product","link":"https:\/\/interiorposter.com\/cs\/product\/obraz-na-plotnie-wieza-eiffla-czarno-biala-minimalistyczna\/","title":{"rendered":"Obraz na pl\u00e1tn\u011b Eiffelova v\u011b\u017e \u010cernob\u00edl\u00e1 minimalistick\u00e1"},"content":{"rendered":"<p>Obraz na pl\u00e1tn\u011b s minimalistickou siluetou Eiffelovy v\u011b\u017ee je elegantn\u00ed dekorac\u00ed pro milovn\u00edky Pa\u0159\u00ed\u017ee, cestov\u00e1n\u00ed a jednoduch\u00fdch, v\u00fdrazn\u00fdch forem. \u010cernob\u00edl\u00e1 kompozice na sv\u011btl\u00e9m pozad\u00ed vnese do interi\u00e9ru lehkost, noblesu a m\u011bstsk\u00fd charakter. Tento obraz na ze\u010f se kr\u00e1sn\u011b hod\u00ed do ob\u00fdvac\u00edho pokoje, lo\u017enice, kancel\u00e1\u0159e, hotelu, restaurace nebo p\u0159eds\u00edn\u011b. \u00dasporn\u00e9 proveden\u00ed lad\u00ed s modern\u00edmi, skandin\u00e1vsk\u00fdmi i minimalistick\u00fdmi aran\u017em\u00e1.<\/p>\n","protected":false},"excerpt":{"rendered":"","protected":false},"featured_media":367855,"comment_status":"closed","ping_status":"closed","template":"","meta":[],"product_brand":[],"product_cat":[74,86,68,120,102,105,83,71,89],"product_tag":[702,698,180,274],"class_list":{"0":"post-516256","1":"product","2":"type-product","3":"status-publish","4":"has-post-thumbnail","6":"product_cat-hotel-cs","7":"product_cat-kancelar","8":"product_cat-loznice","9":"product_cat-mesta-a-mosty","10":"product_cat-minimalisticky","11":"product_cat-moderni","12":"product_cat-obyvaci-pokoj","13":"product_cat-predsin","14":"product_cat-restaurace","15":"product_tag-horizontalni","16":"product_tag-moderni-obrazy","17":"product_tag-seda","18":"product_tag-svetle","19":"pa_size-finishing-20x30-standard-cs","20":"pa_size-finishing-20x30-na-italskem-platne","21":"pa_size-finishing-20x30-premium-print-cs","22":"pa_size-finishing-20x30-akusticky","23":"pa_size-finishing-40x60-standard-cs","24":"pa_size-finishing-40x60-na-italskem-platne","25":"pa_size-finishing-40x60-premium-print-cs","26":"pa_size-finishing-40x60-acoustic-cs","27":"pa_size-finishing-40x60-w-ramie-drewnianej-naturalnej-cs","28":"pa_size-finishing-40x60-v-cernem-drevenem-ramu","29":"pa_size-finishing-60x90-standard-cs","30":"pa_size-finishing-60x90-na-italskem-platne","31":"pa_size-finishing-60x90-premium-print-cs","32":"pa_size-finishing-60x90-akustyczny-cs","33":"pa_size-finishing-60x90-v-prirodnim-drevenem-ramu","34":"pa_size-finishing-60x90-v-cernem-drevenem-ramu","35":"pa_size-finishing-80x120-standard-cs","36":"pa_size-finishing-80x120-na-italskem-platne","37":"pa_size-finishing-80x120-premium-print-cs","38":"pa_size-finishing-80x120-akustyczny-cs","39":"pa_size-finishing-80x120-v-prirodnim-drevenem-ramu","40":"pa_size-finishing-80x120-v-cernem-drevenem-ramu","42":"first","43":"instock","44":"purchasable","45":"product-type-variable","46":"has-default-attributes"},"aioseo_notices":[],"_links":{"self":[{"href":"https:\/\/interiorposter.com\/cs\/wp-json\/wp\/v2\/product\/516256","targetHints":{"allow":["GET"]}}],"collection":[{"href":"https:\/\/interiorposter.com\/cs\/wp-json\/wp\/v2\/product"}],"about":[{"href":"https:\/\/interiorposter.com\/cs\/wp-json\/wp\/v2\/types\/product"}],"replies":[{"embeddable":true,"href":"https:\/\/interiorposter.com\/cs\/wp-json\/wp\/v2\/comments?post=516256"}],"wp:featuredmedia":[{"embeddable":true,"href":"https:\/\/interiorposter.com\/cs\/wp-json\/wp\/v2\/media\/367855"}],"wp:attachment":[{"href":"https:\/\/interiorposter.com\/cs\/wp-json\/wp\/v2\/media?parent=516256"}],"wp:term":[{"taxonomy":"product_brand","embeddable":true,"href":"https:\/\/interiorposter.com\/cs\/wp-json\/wp\/v2\/product_brand?post=516256"},{"taxonomy":"product_cat","embeddable":true,"href":"https:\/\/interiorposter.com\/cs\/wp-json\/wp\/v2\/product_cat?post=516256"},{"taxonomy":"product_tag","embeddable":true,"href":"https:\/\/interiorposter.com\/cs\/wp-json\/wp\/v2\/product_tag?post=516256"}],"curies":[{"name":"wp","href":"https:\/\/api.w.org\/{rel}","templated":true}]}}