{"id":460658,"date":"2026-04-02T04:13:49","date_gmt":"2026-04-02T02:13:49","guid":{"rendered":"https:\/\/interiorposter.com\/product\/obraz-na-plotnie-lezaki-pod-palmami-nad-morzem\/"},"modified":"2026-04-05T01:15:17","modified_gmt":"2026-04-04T23:15:17","slug":"obraz-na-plotnie-lezaki-pod-palmami-nad-morzem","status":"publish","type":"product","link":"https:\/\/interiorposter.com\/cs\/product\/obraz-na-plotnie-lezaki-pod-palmami-nad-morzem\/","title":{"rendered":"Obraz na pl\u00e1tn\u011b Leh\u00e1tka pod palmami u mo\u0159e"},"content":{"rendered":"<p>Obraz na pl\u00e1tn\u011b s motivem leh\u00e1tek um\u00edst\u011bn\u00fdch na p\u00edse\u010dn\u00e9 pl\u00e1\u017ei pod palmami okouzl\u00ed atmosf\u00e9rou odpo\u010dinku, sv\u011btlem a exotick\u00fdm p\u016fvabem. Tepl\u00e9 odst\u00edny b\u00e9\u017eov\u00e9, p\u00edskov\u011b hn\u011bd\u00e9, zlatav\u00fdch palmov\u00fdch list\u016f a jemn\u00e9 \u0161ed\u00e9 vytv\u00e1\u0159ej\u00ed harmonickou kompozici, kter\u00e1 do interi\u00e9ru vnese pr\u00e1zdninov\u00fd klid a elegantn\u00ed lehkost. Je to stylov\u00e1 dekorace do ob\u00fdvac\u00edho pokoje, lo\u017enice, hotelu, restaurace nebo kancel\u00e1\u0159e, ide\u00e1ln\u00ed pro modern\u00ed, p\u0159\u00edrodn\u00ed a cestov\u00e1n\u00edm inspirovan\u00e9 interi\u00e9ry. Tento obraz na st\u011bnu p\u0159itahuje pozornost a pom\u00e1h\u00e1 vytvo\u0159it prostor pln\u00fd odpo\u010dinku, slunce a p\u0159\u00edjemn\u00e9 p\u0159\u00edmo\u0159sk\u00e9 atmosf\u00e9ry.<\/p>\n","protected":false},"excerpt":{"rendered":"<p>Stylov\u00fd obraz na pl\u00e1tn\u011b s leh\u00e1tky pod palmami na pl\u00e1\u017ei u mo\u0159e. Elegantn\u00ed dekorace do ob\u00fdvac\u00edho pokoje, lo\u017enice nebo hotelu, kter\u00e1 vnese relaxaci, sv\u011btlo a exotickou atmosf\u00e9ru.<\/p>\n","protected":false},"featured_media":337032,"comment_status":"closed","ping_status":"closed","template":"","meta":[],"product_brand":[],"product_cat":[108,74,86,135,68,105,141,83,89],"product_tag":[698,704,186],"class_list":{"0":"post-460658","1":"product","2":"type-product","3":"status-publish","4":"has-post-thumbnail","6":"product_cat-fotografie","7":"product_cat-hotel-cs","8":"product_cat-kancelar","9":"product_cat-krajiny","10":"product_cat-loznice","11":"product_cat-moderni","12":"product_cat-more-a-pobrezi","13":"product_cat-obyvaci-pokoj","14":"product_cat-restaurace","15":"product_tag-moderni-obrazy","16":"product_tag-vertikalni","17":"product_tag-vicebarevny","18":"pa_size-finishing-20x30-standard-cs","19":"pa_size-finishing-20x30-na-ptnie-woskim-cs","20":"pa_size-finishing-20x30-premium-print-cs","21":"pa_size-finishing-20x30-akustyczny-cs","22":"pa_size-finishing-40x60-standard-cs","23":"pa_size-finishing-40x60-na-ptnie-woskim-cs","24":"pa_size-finishing-40x60-premium-print-cs","25":"pa_size-finishing-40x60-akustyczny-cs","26":"pa_size-finishing-40x60-w-ramie-drewnianej-naturalnej-cs","27":"pa_size-finishing-40x60-w-ramie-drewnianej-czarnej-cs","28":"pa_size-finishing-60x90-standard-cs","29":"pa_size-finishing-60x90-na-ptnie-woskim-cs","30":"pa_size-finishing-60x90-premium-print-cs","31":"pa_size-finishing-60x90-akustyczny-cs","32":"pa_size-finishing-60x90-w-ramie-drewnianej-naturalnej-cs","33":"pa_size-finishing-60x90-w-ramie-drewnianej-czarnej-cs","34":"pa_size-finishing-80x120-standard-cs","35":"pa_size-finishing-80x120-na-ptnie-woskim-cs","36":"pa_size-finishing-80x120-premium-print-cs","37":"pa_size-finishing-80x120-akustyczny-cs","38":"pa_size-finishing-80x120-w-ramie-drewnianej-naturalnej-cs","39":"pa_size-finishing-80x120-w-ramie-drewnianej-czarnej-cs","41":"first","42":"instock","43":"purchasable","44":"product-type-variable","45":"has-default-attributes"},"aioseo_notices":[],"_links":{"self":[{"href":"https:\/\/interiorposter.com\/cs\/wp-json\/wp\/v2\/product\/460658","targetHints":{"allow":["GET"]}}],"collection":[{"href":"https:\/\/interiorposter.com\/cs\/wp-json\/wp\/v2\/product"}],"about":[{"href":"https:\/\/interiorposter.com\/cs\/wp-json\/wp\/v2\/types\/product"}],"replies":[{"embeddable":true,"href":"https:\/\/interiorposter.com\/cs\/wp-json\/wp\/v2\/comments?post=460658"}],"wp:featuredmedia":[{"embeddable":true,"href":"https:\/\/interiorposter.com\/cs\/wp-json\/wp\/v2\/media\/337032"}],"wp:attachment":[{"href":"https:\/\/interiorposter.com\/cs\/wp-json\/wp\/v2\/media?parent=460658"}],"wp:term":[{"taxonomy":"product_brand","embeddable":true,"href":"https:\/\/interiorposter.com\/cs\/wp-json\/wp\/v2\/product_brand?post=460658"},{"taxonomy":"product_cat","embeddable":true,"href":"https:\/\/interiorposter.com\/cs\/wp-json\/wp\/v2\/product_cat?post=460658"},{"taxonomy":"product_tag","embeddable":true,"href":"https:\/\/interiorposter.com\/cs\/wp-json\/wp\/v2\/product_tag?post=460658"}],"curies":[{"name":"wp","href":"https:\/\/api.w.org\/{rel}","templated":true}]}}