{"id":460369,"date":"2026-04-02T04:11:14","date_gmt":"2026-04-02T02:11:14","guid":{"rendered":"https:\/\/interiorposter.com\/product\/obraz-na-plotnie-wzburzone-morze-w-turkusowych-tonach\/"},"modified":"2026-04-05T01:10:36","modified_gmt":"2026-04-04T23:10:36","slug":"obraz-na-plotnie-wzburzone-morze-w-turkusowych-tonach","status":"publish","type":"product","link":"https:\/\/interiorposter.com\/cs\/product\/obraz-na-plotnie-wzburzone-morze-w-turkusowych-tonach\/","title":{"rendered":"Obraz na pl\u00e1tn\u011b Rozbou\u0159en\u00e9 mo\u0159e v tyrkysov\u00fdch t\u00f3nech"},"content":{"rendered":"<p>Obraz na pl\u00e1tn\u011b s motivem rozbou\u0159en\u00e9ho mo\u0159e okouzl\u00ed silou p\u0159\u00edrody, dynamikou a v\u00fdjime\u010dnou hloubkou barev. P\u011bniv\u00e9 vlny v odst\u00ednech tyrkysov\u00e9, mo\u0159sk\u00e9 zelen\u00e9, b\u00edl\u00e9 a \u0161ed\u00e9 vytv\u00e1\u0159ej\u00ed p\u016fsobivou kompozici, kter\u00e1 p\u0159itahuje pohled a dod\u00e1v\u00e1 interi\u00e9ru v\u00fdrazn\u00fd, modern\u00ed charakter. Je to stylov\u00e1 dekorace do ob\u00fdvac\u00edho pokoje, kancel\u00e1\u0159e, hotelu, restaurace nebo p\u0159eds\u00edn\u011b, ide\u00e1ln\u00ed pro modern\u00ed, industri\u00e1ln\u00ed a p\u0159\u00edrodou inspirovan\u00e9 interi\u00e9ry. Tento obraz na st\u011bnu vnese do prostoru energii, sv\u011b\u017eest a elegantn\u00ed atmosf\u00e9ru a stane se v\u00fdrazn\u00fdm akcentem pro interi\u00e9ry, kter\u00e9 maj\u00ed zaujmout.<\/p>\n","protected":false},"excerpt":{"rendered":"<p>P\u016fsobiv\u00fd obraz na pl\u00e1tn\u011b s rozbou\u0159en\u00fdm mo\u0159em v tyrkysovo \u0161ed\u00fdch t\u00f3nech. Modern\u00ed dekorace do ob\u00fdvac\u00edho pokoje, kancel\u00e1\u0159e nebo hotelu, kter\u00e1 vnese energii, hloubku a mo\u0159skou atmosf\u00e9ru.<\/p>\n","protected":false},"featured_media":336821,"comment_status":"closed","ping_status":"closed","template":"","meta":[],"product_brand":[],"product_cat":[74,86,135,297,141,83,71,89],"product_tag":[702,698,180,186],"class_list":{"0":"post-460369","1":"product","2":"type-product","3":"status-publish","4":"has-post-thumbnail","6":"product_cat-hotel-cs","7":"product_cat-kancelar","8":"product_cat-krajiny","9":"product_cat-malirsky","10":"product_cat-more-a-pobrezi","11":"product_cat-obyvaci-pokoj","12":"product_cat-predsin","13":"product_cat-restaurace","14":"product_tag-horizontalni","15":"product_tag-moderni-obrazy","16":"product_tag-seda","17":"product_tag-vicebarevny","18":"pa_size-finishing-30x20-standard-cs","19":"pa_size-finishing-30x20-na-ptnie-woskim-cs","20":"pa_size-finishing-30x20-premium-print-cs","21":"pa_size-finishing-30x20-akustyczny-cs","22":"pa_size-finishing-60x40-standard-cs","23":"pa_size-finishing-60x40-na-ptnie-woskim-cs","24":"pa_size-finishing-60x40-premium-print-cs","25":"pa_size-finishing-60x40-akustyczny-cs","26":"pa_size-finishing-60x40-w-ramie-drewnianej-naturalnej-cs","27":"pa_size-finishing-60x40-w-ramie-drewnianej-czarnej-cs","28":"pa_size-finishing-90x60-standard-cs","29":"pa_size-finishing-90x60-na-ptnie-woskim-cs","30":"pa_size-finishing-90x60-premium-print-cs","31":"pa_size-finishing-90x60-akustyczny-cs","32":"pa_size-finishing-90x60-w-ramie-drewnianej-naturalnej-cs","33":"pa_size-finishing-90x60-w-ramie-drewnianej-czarnej-cs","34":"pa_size-finishing-120x80-standard-cs","35":"pa_size-finishing-120x80-na-ptnie-woskim-cs","36":"pa_size-finishing-120x80-premium-print-cs","37":"pa_size-finishing-120x80-akustyczny-cs","38":"pa_size-finishing-120x80-w-ramie-drewnianej-naturalnej-cs","39":"pa_size-finishing-120x80-w-ramie-drewnianej-czarnej-cs","41":"first","42":"instock","43":"purchasable","44":"product-type-variable","45":"has-default-attributes"},"aioseo_notices":[],"_links":{"self":[{"href":"https:\/\/interiorposter.com\/cs\/wp-json\/wp\/v2\/product\/460369","targetHints":{"allow":["GET"]}}],"collection":[{"href":"https:\/\/interiorposter.com\/cs\/wp-json\/wp\/v2\/product"}],"about":[{"href":"https:\/\/interiorposter.com\/cs\/wp-json\/wp\/v2\/types\/product"}],"replies":[{"embeddable":true,"href":"https:\/\/interiorposter.com\/cs\/wp-json\/wp\/v2\/comments?post=460369"}],"wp:featuredmedia":[{"embeddable":true,"href":"https:\/\/interiorposter.com\/cs\/wp-json\/wp\/v2\/media\/336821"}],"wp:attachment":[{"href":"https:\/\/interiorposter.com\/cs\/wp-json\/wp\/v2\/media?parent=460369"}],"wp:term":[{"taxonomy":"product_brand","embeddable":true,"href":"https:\/\/interiorposter.com\/cs\/wp-json\/wp\/v2\/product_brand?post=460369"},{"taxonomy":"product_cat","embeddable":true,"href":"https:\/\/interiorposter.com\/cs\/wp-json\/wp\/v2\/product_cat?post=460369"},{"taxonomy":"product_tag","embeddable":true,"href":"https:\/\/interiorposter.com\/cs\/wp-json\/wp\/v2\/product_tag?post=460369"}],"curies":[{"name":"wp","href":"https:\/\/api.w.org\/{rel}","templated":true}]}}