{"id":459820,"date":"2026-04-03T05:29:55","date_gmt":"2026-04-03T03:29:55","guid":{"rendered":"https:\/\/interiorposter.com\/product\/szeroki-obraz-na-plotnie-zlote-drzewa-na-czarnym-tle\/"},"modified":"2026-04-05T01:01:03","modified_gmt":"2026-04-04T23:01:03","slug":"szeroki-obraz-na-plotnie-zlote-drzewa-na-czarnym-tle","status":"publish","type":"product","link":"https:\/\/interiorposter.com\/cs\/product\/szeroki-obraz-na-plotnie-zlote-drzewa-na-czarnym-tle\/","title":{"rendered":"\u0160irok\u00fd obraz na pl\u00e1tn\u011b Zlat\u00e9 stromy na \u010dern\u00e9m pozad\u00ed"},"content":{"rendered":"<p>\u0160irok\u00fd obraz na pl\u00e1tn\u011b s motivem t\u0159\u00ed zlat\u00fdch strom\u016f na hlubok\u00e9m \u010dern\u00e9m pozad\u00ed okouzl\u00ed eleganc\u00ed, v\u00fdrazn\u00fdm kontrastem a dekorativn\u00edm charakterem. Jemn\u011b propracovan\u00e9 v\u011btve vytv\u00e1\u0159ej\u00ed p\u016fsobivou kompozici, kter\u00e1 p\u0159itahuje pozornost a dod\u00e1v\u00e1 interi\u00e9ru luxusn\u00ed, modern\u00ed atmosf\u00e9ru. Spojen\u00ed \u010dern\u00e9 a zlat\u00e9 \u010din\u00ed z tohoto obrazu skv\u011blou volbu do ob\u00fdvac\u00edho pokoje, lo\u017enice, kancel\u00e1\u0159e, hotelu, restaurace nebo p\u0159eds\u00edn\u011b, zejm\u00e9na do glamour, modern\u00edch a minimalistick\u00fdch interi\u00e9r\u016f. Tato dekorace na st\u011bnu vnese do prostoru hloubku, styl a nad\u010dasovou eleganci a stane se v\u00fdrazn\u00fdm akcentem cel\u00e9 aran\u017em\u00e1.<\/p>\n","protected":false},"excerpt":{"rendered":"<p>\u0160irok\u00fd obraz na pl\u00e1tn\u011b se t\u0159emi zlat\u00fdmi stromy na \u010dern\u00e9m pozad\u00ed. Elegantn\u00ed dekorace do ob\u00fdvac\u00edho pokoje, lo\u017enice nebo kancel\u00e1\u0159e, kter\u00e1 vnese luxusn\u00ed charakter, kontrast a modern\u00ed styl.<\/p>\n","protected":false},"featured_media":398446,"comment_status":"closed","ping_status":"closed","template":"","meta":[],"product_brand":[],"product_cat":[99,74,86,135,68,102,105,83,71,89,123],"product_tag":[702,698,915,271],"class_list":{"0":"post-459820","1":"product","2":"type-product","3":"status-publish","4":"has-post-thumbnail","6":"product_cat-glamour-cs","7":"product_cat-hotel-cs","8":"product_cat-kancelar","9":"product_cat-krajiny","10":"product_cat-loznice","11":"product_cat-minimalisticky","12":"product_cat-moderni","13":"product_cat-obyvaci-pokoj","14":"product_cat-predsin","15":"product_cat-restaurace","16":"product_cat-rostliny-a-kvetiny","17":"product_tag-horizontalni","18":"product_tag-moderni-obrazy","19":"product_tag-panoramaticke","20":"product_tag-tmave","21":"pa_size-finishing-120x60-akustyczny-cs","22":"pa_size-finishing-120x60-na-ptnie-woskim-cs","23":"pa_size-finishing-120x60-premium-print-cs","24":"pa_size-finishing-120x60-standard-cs","25":"pa_size-finishing-120x60-w-ramie-drewnianej-czarnej-cs","26":"pa_size-finishing-120x60-w-ramie-drewnianej-naturalnej-cs","27":"pa_size-finishing-60x30-akustyczny-cs","28":"pa_size-finishing-60x30-na-ptnie-woskim-cs","29":"pa_size-finishing-60x30-premium-print-cs","30":"pa_size-finishing-60x30-standard-cs","31":"pa_size-finishing-60x30-w-ramie-drewnianej-czarnej-cs","32":"pa_size-finishing-60x30-w-ramie-drewnianej-naturalnej-cs","34":"first","35":"instock","36":"purchasable","37":"product-type-variable","38":"has-default-attributes"},"aioseo_notices":[],"_links":{"self":[{"href":"https:\/\/interiorposter.com\/cs\/wp-json\/wp\/v2\/product\/459820","targetHints":{"allow":["GET"]}}],"collection":[{"href":"https:\/\/interiorposter.com\/cs\/wp-json\/wp\/v2\/product"}],"about":[{"href":"https:\/\/interiorposter.com\/cs\/wp-json\/wp\/v2\/types\/product"}],"replies":[{"embeddable":true,"href":"https:\/\/interiorposter.com\/cs\/wp-json\/wp\/v2\/comments?post=459820"}],"wp:featuredmedia":[{"embeddable":true,"href":"https:\/\/interiorposter.com\/cs\/wp-json\/wp\/v2\/media\/398446"}],"wp:attachment":[{"href":"https:\/\/interiorposter.com\/cs\/wp-json\/wp\/v2\/media?parent=459820"}],"wp:term":[{"taxonomy":"product_brand","embeddable":true,"href":"https:\/\/interiorposter.com\/cs\/wp-json\/wp\/v2\/product_brand?post=459820"},{"taxonomy":"product_cat","embeddable":true,"href":"https:\/\/interiorposter.com\/cs\/wp-json\/wp\/v2\/product_cat?post=459820"},{"taxonomy":"product_tag","embeddable":true,"href":"https:\/\/interiorposter.com\/cs\/wp-json\/wp\/v2\/product_tag?post=459820"}],"curies":[{"name":"wp","href":"https:\/\/api.w.org\/{rel}","templated":true}]}}