{"id":459497,"date":"2026-04-03T05:25:10","date_gmt":"2026-04-03T03:25:10","guid":{"rendered":"https:\/\/interiorposter.com\/product\/obraz-na-plotnie-drzewo-o-zlotej-koronie-nad-woda\/"},"modified":"2026-04-05T00:56:21","modified_gmt":"2026-04-04T22:56:21","slug":"obraz-na-plotnie-drzewo-o-zlotej-koronie-nad-woda","status":"publish","type":"product","link":"https:\/\/interiorposter.com\/cs\/product\/obraz-na-plotnie-drzewo-o-zlotej-koronie-nad-woda\/","title":{"rendered":"Obraz na pl\u00e1tn\u011b Strom se zlatou korunou nad vodou"},"content":{"rendered":"<p>Obraz na pl\u00e1tn\u011b s motivem rozlo\u017eit\u00e9ho stromu se z\u00e1\u0159ivou zlato oran\u017eovou korunou okouzl\u00ed intenzivn\u00ed barevnost\u00ed a mal\u00ed\u0159skou energi\u00ed. Odrazy ve vod\u011b, jemn\u00e9 siluety pt\u00e1k\u016f a spojen\u00ed tepl\u00fdch t\u00f3n\u016f z\u00e1padu slunce s akcenty fialov\u00e9, modr\u00e9 a r\u016f\u017eov\u00e9 vytv\u00e1\u0159ej\u00ed jedine\u010dnou dekoraci plnou hloubky a emoc\u00ed. Je to p\u016fsobiv\u00e1 volba do ob\u00fdvac\u00edho pokoje, lo\u017enice, kancel\u00e1\u0159e, hotelu nebo restaurace, ide\u00e1ln\u00ed pro modern\u00ed a um\u011blecky lad\u011bn\u00e9 interi\u00e9ry. Tento obraz na st\u011bnu p\u0159itahuje pozornost, o\u017eivuje prostor a vnese do aran\u017em\u00e1 atmosf\u00e9ru klidu, sv\u011btla a inspiruj\u00edc\u00edho kontaktu s p\u0159\u00edrodou.<\/p>\n","protected":false},"excerpt":{"rendered":"<p>Mal\u00ed\u0159sk\u00fd obraz na pl\u00e1tn\u011b se stromem se zlatou korunou nad vodou v tepl\u00fdch oran\u017eov\u00fdch, fialov\u00fdch a modr\u00fdch t\u00f3nech. P\u016fsobiv\u00e1 dekorace do ob\u00fdvac\u00edho pokoje, lo\u017enice nebo kancel\u00e1\u0159e, kter\u00e1 vnese energii, sv\u011btlo a um\u011bleckou atmosf\u00e9ru.<\/p>\n","protected":false},"featured_media":398235,"comment_status":"closed","ping_status":"closed","template":"","meta":[],"product_brand":[],"product_cat":[74,289,86,135,68,297,105,83,89,123,254],"product_tag":[702,698,271,186],"class_list":{"0":"post-459497","1":"product","2":"type-product","3":"status-publish","4":"has-post-thumbnail","6":"product_cat-hotel-cs","7":"product_cat-ilustrace","8":"product_cat-kancelar","9":"product_cat-krajiny","10":"product_cat-loznice","11":"product_cat-malirsky","12":"product_cat-moderni","13":"product_cat-obyvaci-pokoj","14":"product_cat-restaurace","15":"product_cat-rostliny-a-kvetiny","16":"product_cat-zvirata-a-priroda","17":"product_tag-horizontalni","18":"product_tag-moderni-obrazy","19":"product_tag-tmave","20":"product_tag-vicebarevny","21":"pa_size-finishing-30x20-standard-cs","22":"pa_size-finishing-30x20-na-ptnie-woskim-cs","23":"pa_size-finishing-30x20-premium-print-cs","24":"pa_size-finishing-30x20-akustyczny-cs","25":"pa_size-finishing-60x40-standard-cs","26":"pa_size-finishing-60x40-na-ptnie-woskim-cs","27":"pa_size-finishing-60x40-premium-print-cs","28":"pa_size-finishing-60x40-akustyczny-cs","29":"pa_size-finishing-60x40-w-ramie-drewnianej-naturalnej-cs","30":"pa_size-finishing-60x40-w-ramie-drewnianej-czarnej-cs","31":"pa_size-finishing-90x60-standard-cs","32":"pa_size-finishing-90x60-na-ptnie-woskim-cs","33":"pa_size-finishing-90x60-premium-print-cs","34":"pa_size-finishing-90x60-akustyczny-cs","35":"pa_size-finishing-90x60-w-ramie-drewnianej-naturalnej-cs","36":"pa_size-finishing-90x60-w-ramie-drewnianej-czarnej-cs","37":"pa_size-finishing-120x80-standard-cs","38":"pa_size-finishing-120x80-na-ptnie-woskim-cs","39":"pa_size-finishing-120x80-premium-print-cs","40":"pa_size-finishing-120x80-akustyczny-cs","41":"pa_size-finishing-120x80-w-ramie-drewnianej-naturalnej-cs","42":"pa_size-finishing-120x80-w-ramie-drewnianej-czarnej-cs","44":"first","45":"instock","46":"purchasable","47":"product-type-variable","48":"has-default-attributes"},"aioseo_notices":[],"_links":{"self":[{"href":"https:\/\/interiorposter.com\/cs\/wp-json\/wp\/v2\/product\/459497","targetHints":{"allow":["GET"]}}],"collection":[{"href":"https:\/\/interiorposter.com\/cs\/wp-json\/wp\/v2\/product"}],"about":[{"href":"https:\/\/interiorposter.com\/cs\/wp-json\/wp\/v2\/types\/product"}],"replies":[{"embeddable":true,"href":"https:\/\/interiorposter.com\/cs\/wp-json\/wp\/v2\/comments?post=459497"}],"wp:featuredmedia":[{"embeddable":true,"href":"https:\/\/interiorposter.com\/cs\/wp-json\/wp\/v2\/media\/398235"}],"wp:attachment":[{"href":"https:\/\/interiorposter.com\/cs\/wp-json\/wp\/v2\/media?parent=459497"}],"wp:term":[{"taxonomy":"product_brand","embeddable":true,"href":"https:\/\/interiorposter.com\/cs\/wp-json\/wp\/v2\/product_brand?post=459497"},{"taxonomy":"product_cat","embeddable":true,"href":"https:\/\/interiorposter.com\/cs\/wp-json\/wp\/v2\/product_cat?post=459497"},{"taxonomy":"product_tag","embeddable":true,"href":"https:\/\/interiorposter.com\/cs\/wp-json\/wp\/v2\/product_tag?post=459497"}],"curies":[{"name":"wp","href":"https:\/\/api.w.org\/{rel}","templated":true}]}}