{"id":459211,"date":"2026-04-03T05:16:00","date_gmt":"2026-04-03T03:16:00","guid":{"rendered":"https:\/\/interiorposter.com\/product\/obraz-na-plotnie-subtelny-las-w-bezowej-tonacji\/"},"modified":"2026-04-05T00:51:19","modified_gmt":"2026-04-04T22:51:19","slug":"obraz-na-plotnie-subtelny-las-w-bezowej-tonacji","status":"publish","type":"product","link":"https:\/\/interiorposter.com\/cs\/product\/obraz-na-plotnie-subtelny-las-w-bezowej-tonacji\/","title":{"rendered":"Obraz na pl\u00e1tn\u011b Jemn\u00fd les v b\u00e9\u017eov\u00fdch t\u00f3nech"},"content":{"rendered":"<p>Obraz na pl\u00e1tn\u011b s motivem jemn\u00fdch, \u0161t\u00edhl\u00fdch strom\u016f okouzl\u00ed klidem, lehkost\u00ed a minimalistickou eleganc\u00ed. Sv\u011btl\u00e1 kompozice v odst\u00ednech b\u00e9\u017eov\u00e9, lomen\u00e9 b\u00edl\u00e9 a jemn\u00e9 \u0161ed\u00e9 vytv\u00e1\u0159\u00ed harmonickou dekoraci, kter\u00e1 kr\u00e1sn\u011b projasn\u00ed interi\u00e9r a dod\u00e1 mu uklid\u0148uj\u00edc\u00ed charakter. Je to stylov\u00e1 volba do ob\u00fdvac\u00edho pokoje, lo\u017enice, p\u0159eds\u00edn\u011b, kancel\u00e1\u0159e nebo hotelu, ide\u00e1ln\u00ed pro modern\u00ed, skandin\u00e1vsk\u00e9 a minimalistick\u00e9 interi\u00e9ry. Tento obraz na st\u011bnu kr\u00e1sn\u011b vytv\u00e1\u0159\u00ed atmosf\u00e9ru klidu, opticky uspo\u0159\u00e1d\u00e1 prostor a st\u00e1v\u00e1 se nad\u010dasov\u00fdm akcentem inspirovan\u00fdm p\u0159\u00edrodou a jemnou estetikou.<\/p>\n","protected":false},"excerpt":{"rendered":"<p>Sv\u011btl\u00fd obraz na pl\u00e1tn\u011b s motivem jemn\u00e9ho lesa v b\u00e9\u017eovo \u0161ed\u00fdch t\u00f3nech. Elegantn\u00ed dekorace do ob\u00fdvac\u00edho pokoje, lo\u017enice nebo kancel\u00e1\u0159e, kter\u00e1 vnese harmonii, lehkost a klidnou atmosf\u00e9ru.<\/p>\n","protected":false},"featured_media":397813,"comment_status":"closed","ping_status":"closed","template":"","meta":[],"product_brand":[],"product_cat":[74,86,135,68,297,102,105,83,71,123,111],"product_tag":[702,698,277,180,274],"class_list":{"0":"post-459211","1":"product","2":"type-product","3":"status-publish","4":"has-post-thumbnail","6":"product_cat-hotel-cs","7":"product_cat-kancelar","8":"product_cat-krajiny","9":"product_cat-loznice","10":"product_cat-malirsky","11":"product_cat-minimalisticky","12":"product_cat-moderni","13":"product_cat-obyvaci-pokoj","14":"product_cat-predsin","15":"product_cat-rostliny-a-kvetiny","16":"product_cat-skandinavsky","17":"product_tag-horizontalni","18":"product_tag-moderni-obrazy","19":"product_tag-pastelove","20":"product_tag-seda","21":"product_tag-svetle","22":"pa_size-finishing-30x20-standard-cs","23":"pa_size-finishing-30x20-na-ptnie-woskim-cs","24":"pa_size-finishing-30x20-premium-print-cs","25":"pa_size-finishing-30x20-akustyczny-cs","26":"pa_size-finishing-60x40-standard-cs","27":"pa_size-finishing-60x40-na-ptnie-woskim-cs","28":"pa_size-finishing-60x40-premium-print-cs","29":"pa_size-finishing-60x40-akustyczny-cs","30":"pa_size-finishing-60x40-w-ramie-drewnianej-naturalnej-cs","31":"pa_size-finishing-60x40-w-ramie-drewnianej-czarnej-cs","32":"pa_size-finishing-90x60-standard-cs","33":"pa_size-finishing-90x60-na-ptnie-woskim-cs","34":"pa_size-finishing-90x60-premium-print-cs","35":"pa_size-finishing-90x60-akustyczny-cs","36":"pa_size-finishing-90x60-w-ramie-drewnianej-naturalnej-cs","37":"pa_size-finishing-90x60-w-ramie-drewnianej-czarnej-cs","38":"pa_size-finishing-120x80-standard-cs","39":"pa_size-finishing-120x80-na-ptnie-woskim-cs","40":"pa_size-finishing-120x80-premium-print-cs","41":"pa_size-finishing-120x80-akustyczny-cs","42":"pa_size-finishing-120x80-w-ramie-drewnianej-naturalnej-cs","43":"pa_size-finishing-120x80-w-ramie-drewnianej-czarnej-cs","45":"first","46":"instock","47":"purchasable","48":"product-type-variable","49":"has-default-attributes"},"aioseo_notices":[],"_links":{"self":[{"href":"https:\/\/interiorposter.com\/cs\/wp-json\/wp\/v2\/product\/459211","targetHints":{"allow":["GET"]}}],"collection":[{"href":"https:\/\/interiorposter.com\/cs\/wp-json\/wp\/v2\/product"}],"about":[{"href":"https:\/\/interiorposter.com\/cs\/wp-json\/wp\/v2\/types\/product"}],"replies":[{"embeddable":true,"href":"https:\/\/interiorposter.com\/cs\/wp-json\/wp\/v2\/comments?post=459211"}],"wp:featuredmedia":[{"embeddable":true,"href":"https:\/\/interiorposter.com\/cs\/wp-json\/wp\/v2\/media\/397813"}],"wp:attachment":[{"href":"https:\/\/interiorposter.com\/cs\/wp-json\/wp\/v2\/media?parent=459211"}],"wp:term":[{"taxonomy":"product_brand","embeddable":true,"href":"https:\/\/interiorposter.com\/cs\/wp-json\/wp\/v2\/product_brand?post=459211"},{"taxonomy":"product_cat","embeddable":true,"href":"https:\/\/interiorposter.com\/cs\/wp-json\/wp\/v2\/product_cat?post=459211"},{"taxonomy":"product_tag","embeddable":true,"href":"https:\/\/interiorposter.com\/cs\/wp-json\/wp\/v2\/product_tag?post=459211"}],"curies":[{"name":"wp","href":"https:\/\/api.w.org\/{rel}","templated":true}]}}