{"id":458914,"date":"2026-04-03T05:11:23","date_gmt":"2026-04-03T03:11:23","guid":{"rendered":"https:\/\/interiorposter.com\/product\/obraz-na-plotnie-mglisty-las-z-ptakami-w-szarosciach\/"},"modified":"2026-04-05T00:46:45","modified_gmt":"2026-04-04T22:46:45","slug":"obraz-na-plotnie-mglisty-las-z-ptakami-w-szarosciach","status":"publish","type":"product","link":"https:\/\/interiorposter.com\/cs\/product\/obraz-na-plotnie-mglisty-las-z-ptakami-w-szarosciach\/","title":{"rendered":"Obraz na pl\u00e1tn\u011b Mlhav\u00fd les s pt\u00e1ky v \u0161ed\u00fdch t\u00f3nech"},"content":{"rendered":"<p>Obraz na pl\u00e1tn\u011b s motivem mlhav\u00e9ho lesa a hejna pt\u00e1k\u016f vzn\u00e1\u0161ej\u00edc\u00edch se nad stromy okouzl\u00ed lehkost\u00ed, tichem a jemn\u00fdm um\u011bleck\u00fdm charakterem. Delik\u00e1tn\u00ed kompozice v odst\u00ednech \u0161ed\u00e9, b\u00edl\u00e9 a sv\u011btl\u00fdch t\u00f3n\u016f vytv\u00e1\u0159\u00ed elegantn\u00ed dekoraci, kter\u00e1 do interi\u00e9ru vnese klid i pocit prostoru. Je to stylov\u00e1 volba do ob\u00fdvac\u00edho pokoje, lo\u017enice, kancel\u00e1\u0159e, hotelu nebo p\u0159eds\u00edn\u011b, ide\u00e1ln\u00ed pro modern\u00ed, minimalistick\u00e9 a skandin\u00e1vsk\u00e9 interi\u00e9ry. Tento obraz na st\u011bnu kr\u00e1sn\u011b podtrhne uklid\u0148uj\u00edc\u00ed atmosf\u00e9ru prostoru, dod\u00e1 mu harmonii a stane se nad\u010dasov\u00fdm akcentem inspirovan\u00fdm p\u0159\u00edrodou.<\/p>\n","protected":false},"excerpt":{"rendered":"<p>Jemn\u00fd obraz na pl\u00e1tn\u011b s mlhav\u00fdm lesem a pt\u00e1ky v \u0161edo b\u00edl\u00fdch t\u00f3nech. Elegantn\u00ed dekorace do ob\u00fdvac\u00edho pokoje, lo\u017enice nebo kancel\u00e1\u0159e, kter\u00e1 vnese klid, lehkost a modern\u00ed styl.<\/p>\n","protected":false},"featured_media":397602,"comment_status":"closed","ping_status":"closed","template":"","meta":[],"product_brand":[],"product_cat":[74,86,135,68,297,102,105,83,71,123,111,254],"product_tag":[702,698,180,274],"class_list":{"0":"post-458914","1":"product","2":"type-product","3":"status-publish","4":"has-post-thumbnail","6":"product_cat-hotel-cs","7":"product_cat-kancelar","8":"product_cat-krajiny","9":"product_cat-loznice","10":"product_cat-malirsky","11":"product_cat-minimalisticky","12":"product_cat-moderni","13":"product_cat-obyvaci-pokoj","14":"product_cat-predsin","15":"product_cat-rostliny-a-kvetiny","16":"product_cat-skandinavsky","17":"product_cat-zvirata-a-priroda","18":"product_tag-horizontalni","19":"product_tag-moderni-obrazy","20":"product_tag-seda","21":"product_tag-svetle","22":"pa_size-finishing-30x20-standard-cs","23":"pa_size-finishing-30x20-na-ptnie-woskim-cs","24":"pa_size-finishing-30x20-premium-print-cs","25":"pa_size-finishing-30x20-akustyczny-cs","26":"pa_size-finishing-60x40-standard-cs","27":"pa_size-finishing-60x40-na-ptnie-woskim-cs","28":"pa_size-finishing-60x40-premium-print-cs","29":"pa_size-finishing-60x40-akustyczny-cs","30":"pa_size-finishing-60x40-w-ramie-drewnianej-naturalnej-cs","31":"pa_size-finishing-60x40-w-ramie-drewnianej-czarnej-cs","32":"pa_size-finishing-90x60-standard-cs","33":"pa_size-finishing-90x60-na-ptnie-woskim-cs","34":"pa_size-finishing-90x60-premium-print-cs","35":"pa_size-finishing-90x60-akustyczny-cs","36":"pa_size-finishing-90x60-w-ramie-drewnianej-naturalnej-cs","37":"pa_size-finishing-90x60-w-ramie-drewnianej-czarnej-cs","38":"pa_size-finishing-120x80-standard-cs","39":"pa_size-finishing-120x80-na-ptnie-woskim-cs","40":"pa_size-finishing-120x80-premium-print-cs","41":"pa_size-finishing-120x80-akustyczny-cs","42":"pa_size-finishing-120x80-w-ramie-drewnianej-naturalnej-cs","43":"pa_size-finishing-120x80-w-ramie-drewnianej-czarnej-cs","45":"first","46":"instock","47":"purchasable","48":"product-type-variable","49":"has-default-attributes"},"aioseo_notices":[],"_links":{"self":[{"href":"https:\/\/interiorposter.com\/cs\/wp-json\/wp\/v2\/product\/458914","targetHints":{"allow":["GET"]}}],"collection":[{"href":"https:\/\/interiorposter.com\/cs\/wp-json\/wp\/v2\/product"}],"about":[{"href":"https:\/\/interiorposter.com\/cs\/wp-json\/wp\/v2\/types\/product"}],"replies":[{"embeddable":true,"href":"https:\/\/interiorposter.com\/cs\/wp-json\/wp\/v2\/comments?post=458914"}],"wp:featuredmedia":[{"embeddable":true,"href":"https:\/\/interiorposter.com\/cs\/wp-json\/wp\/v2\/media\/397602"}],"wp:attachment":[{"href":"https:\/\/interiorposter.com\/cs\/wp-json\/wp\/v2\/media?parent=458914"}],"wp:term":[{"taxonomy":"product_brand","embeddable":true,"href":"https:\/\/interiorposter.com\/cs\/wp-json\/wp\/v2\/product_brand?post=458914"},{"taxonomy":"product_cat","embeddable":true,"href":"https:\/\/interiorposter.com\/cs\/wp-json\/wp\/v2\/product_cat?post=458914"},{"taxonomy":"product_tag","embeddable":true,"href":"https:\/\/interiorposter.com\/cs\/wp-json\/wp\/v2\/product_tag?post=458914"}],"curies":[{"name":"wp","href":"https:\/\/api.w.org\/{rel}","templated":true}]}}