{"id":458632,"date":"2026-04-02T22:31:58","date_gmt":"2026-04-02T20:31:58","guid":{"rendered":"https:\/\/interiorposter.com\/product\/szeroki-obraz-na-plotnie-panorama-nowego-jorku-o-zmierzchu\/"},"modified":"2026-04-05T00:40:15","modified_gmt":"2026-04-04T22:40:15","slug":"szeroki-obraz-na-plotnie-panorama-nowego-jorku-o-zmierzchu","status":"publish","type":"product","link":"https:\/\/interiorposter.com\/cs\/product\/szeroki-obraz-na-plotnie-panorama-nowego-jorku-o-zmierzchu\/","title":{"rendered":"\u0160irok\u00fd obraz na pl\u00e1tn\u011b Panorama New Yorku za soumraku"},"content":{"rendered":"<p>\u0160irok\u00fd obraz na pl\u00e1tn\u011b s panoramatem New Yorku za soumraku okouzl\u00ed eleganc\u00ed, modern\u00edm stylem a jedine\u010dn\u00fdm leskem velkom\u011bsta. Osv\u011btlen\u00e9 manhattansk\u00e9 mrakodrapy odr\u00e1\u017eej\u00edc\u00ed se na klidn\u00e9 hladin\u011b vody vytv\u00e1\u0159ej\u00ed p\u016fsobivou kompozici plnou hloubky, harmonie a m\u011bstsk\u00e9ho charakteru. Odst\u00edny tmav\u011b modr\u00e9, modr\u00e9, fialov\u00e9 a tepl\u00fdch sv\u011btel dod\u00e1vaj\u00ed interi\u00e9ru v\u00fdraznost a z\u00e1rove\u0148 vytv\u00e1\u0159ej\u00ed stylovou, n\u00e1ladovou atmosf\u00e9ru. Je to skv\u011bl\u00e1 volba do ob\u00fdvac\u00edho pokoje, kancel\u00e1\u0159e, hotelu, restaurace nebo p\u0159eds\u00edn\u011b, zejm\u00e9na pro modern\u00ed, loftov\u00e9 a industri\u00e1ln\u00ed interi\u00e9ry. Tato dekorace na st\u011bnu p\u0159itahuje pozornost a vnese do prostoru energii, presti\u017e i atmosf\u00e9ru New Yorku.<\/p>\n","protected":false},"excerpt":{"rendered":"<p>\u0160irok\u00fd obraz na pl\u00e1tn\u011b s panoramatem New Yorku za soumraku a odrazy sv\u011btel na vod\u011b. Modern\u00ed dekorace do ob\u00fdvac\u00edho pokoje, kancel\u00e1\u0159e nebo hotelu, kter\u00e1 vnese eleganci, energii a velkom\u011bstskou atmosf\u00e9ru.<\/p>\n","protected":false},"featured_media":381273,"comment_status":"closed","ping_status":"closed","template":"","meta":[],"product_brand":[],"product_cat":[108,74,132,86,135,68,120,105,265,83,71,89],"product_tag":[702,698,915,271,186],"class_list":{"0":"post-458632","1":"product","2":"type-product","3":"status-publish","4":"has-post-thumbnail","6":"product_cat-fotografie","7":"product_cat-hotel-cs","8":"product_cat-industrialni","9":"product_cat-kancelar","10":"product_cat-krajiny","11":"product_cat-loznice","12":"product_cat-mesta-a-mosty","13":"product_cat-moderni","14":"product_cat-nocni","15":"product_cat-obyvaci-pokoj","16":"product_cat-predsin","17":"product_cat-restaurace","18":"product_tag-horizontalni","19":"product_tag-moderni-obrazy","20":"product_tag-panoramaticke","21":"product_tag-tmave","22":"product_tag-vicebarevny","23":"pa_size-finishing-120x40-akustyczny-cs","24":"pa_size-finishing-120x40-na-ptnie-woskim-cs","25":"pa_size-finishing-120x40-premium-print-cs","26":"pa_size-finishing-120x40-standard-cs","27":"pa_size-finishing-120x40-w-ramie-drewnianej-czarnej-cs","28":"pa_size-finishing-120x40-w-ramie-drewnianej-naturalnej-cs","29":"pa_size-finishing-135x45-akustyczny-cs","30":"pa_size-finishing-135x45-na-ptnie-woskim-cs","31":"pa_size-finishing-135x45-premium-print-cs","32":"pa_size-finishing-135x45-standard-cs","33":"pa_size-finishing-150x50-akustyczny-cs","34":"pa_size-finishing-150x50-na-ptnie-woskim-cs","35":"pa_size-finishing-150x50-premium-print-cs","36":"pa_size-finishing-150x50-standard-cs","37":"pa_size-finishing-150x50-w-ramie-drewnianej-czarnej-cs","38":"pa_size-finishing-150x50-w-ramie-drewnianej-naturalnej-cs","39":"pa_size-finishing-90x30-w-ramie-drewnianej-czarnej-cs","40":"pa_size-finishing-90x30-w-ramie-drewnianej-naturalnej-cs","42":"first","43":"instock","44":"purchasable","45":"product-type-variable","46":"has-default-attributes"},"aioseo_notices":[],"_links":{"self":[{"href":"https:\/\/interiorposter.com\/cs\/wp-json\/wp\/v2\/product\/458632","targetHints":{"allow":["GET"]}}],"collection":[{"href":"https:\/\/interiorposter.com\/cs\/wp-json\/wp\/v2\/product"}],"about":[{"href":"https:\/\/interiorposter.com\/cs\/wp-json\/wp\/v2\/types\/product"}],"replies":[{"embeddable":true,"href":"https:\/\/interiorposter.com\/cs\/wp-json\/wp\/v2\/comments?post=458632"}],"wp:featuredmedia":[{"embeddable":true,"href":"https:\/\/interiorposter.com\/cs\/wp-json\/wp\/v2\/media\/381273"}],"wp:attachment":[{"href":"https:\/\/interiorposter.com\/cs\/wp-json\/wp\/v2\/media?parent=458632"}],"wp:term":[{"taxonomy":"product_brand","embeddable":true,"href":"https:\/\/interiorposter.com\/cs\/wp-json\/wp\/v2\/product_brand?post=458632"},{"taxonomy":"product_cat","embeddable":true,"href":"https:\/\/interiorposter.com\/cs\/wp-json\/wp\/v2\/product_cat?post=458632"},{"taxonomy":"product_tag","embeddable":true,"href":"https:\/\/interiorposter.com\/cs\/wp-json\/wp\/v2\/product_tag?post=458632"}],"curies":[{"name":"wp","href":"https:\/\/api.w.org\/{rel}","templated":true}]}}