{"id":458349,"date":"2026-04-02T22:24:05","date_gmt":"2026-04-02T20:24:05","guid":{"rendered":"https:\/\/interiorposter.com\/product\/szeroki-obraz-na-plotnie-panorama-nowego-jorku-w-czerni-i-bieli\/"},"modified":"2026-04-05T00:34:44","modified_gmt":"2026-04-04T22:34:44","slug":"szeroki-obraz-na-plotnie-panorama-nowego-jorku-w-czerni-i-bieli","status":"publish","type":"product","link":"https:\/\/interiorposter.com\/cs\/product\/szeroki-obraz-na-plotnie-panorama-nowego-jorku-w-czerni-i-bieli\/","title":{"rendered":"\u0160irok\u00fd obraz na pl\u00e1tn\u011b Panorama New Yorku v \u010dernob\u00edl\u00e9m proveden\u00ed"},"content":{"rendered":"<p>\u0160irok\u00fd obraz na pl\u00e1tn\u011b s panoramatem New Yorku v \u010dernob\u00edl\u00e9m proveden\u00ed okouzl\u00ed eleganc\u00ed, modern\u00edm charakterem a nad\u010dasov\u00fdm stylem. Monument\u00e1ln\u00ed manhattansk\u00e9 mrakodrapy, most a klidn\u00e1 vodn\u00ed hladina vytv\u00e1\u0159ej\u00ed p\u016fsobivou kompozici, kter\u00e1 skv\u011ble podtrhne atmosf\u00e9ru loftov\u00fdch a minimalistick\u00fdch interi\u00e9r\u016f. Kontrastn\u00ed odst\u00edny \u010dern\u00e9, b\u00edl\u00e9 a \u0161ed\u00e9 dod\u00e1vaj\u00ed dekoraci v\u00fdraznost a z\u00e1rove\u0148 umo\u017e\u0148uj\u00ed jej\u00ed snadn\u00e9 slad\u011bn\u00ed s r\u016fzn\u00fdmi aran\u017eemi. Je to stylov\u00e1 dekorace do ob\u00fdvac\u00edho pokoje, kancel\u00e1\u0159e, hotelu, restaurace nebo p\u0159eds\u00edn\u011b, kter\u00e1 p\u0159itahuje pozornost a vnese do prostoru m\u011bstskou eleganci, harmonii i jedine\u010dnou atmosf\u00e9ru New Yorku.<\/p>\n","protected":false},"excerpt":{"rendered":"<p>\u0160irok\u00fd obraz na pl\u00e1tn\u011b s panoramatem New Yorku v \u010dernob\u00edl\u00e9m proveden\u00ed. Modern\u00ed dekorace do ob\u00fdvac\u00edho pokoje, kancel\u00e1\u0159e nebo hotelu, kter\u00e1 vnese eleganci, m\u011bstsk\u00fd charakter a nad\u010dasov\u00fd styl.<\/p>\n","protected":false},"featured_media":380875,"comment_status":"closed","ping_status":"closed","template":"","meta":[],"product_brand":[],"product_cat":[108,74,132,86,135,68,120,105,83,71,89],"product_tag":[702,698,915,180],"class_list":{"0":"post-458349","1":"product","2":"type-product","3":"status-publish","4":"has-post-thumbnail","6":"product_cat-fotografie","7":"product_cat-hotel-cs","8":"product_cat-industrialni","9":"product_cat-kancelar","10":"product_cat-krajiny","11":"product_cat-loznice","12":"product_cat-mesta-a-mosty","13":"product_cat-moderni","14":"product_cat-obyvaci-pokoj","15":"product_cat-predsin","16":"product_cat-restaurace","17":"product_tag-horizontalni","18":"product_tag-moderni-obrazy","19":"product_tag-panoramaticke","20":"product_tag-seda","21":"pa_size-finishing-120x40-akustyczny-cs","22":"pa_size-finishing-120x40-na-ptnie-woskim-cs","23":"pa_size-finishing-120x40-premium-print-cs","24":"pa_size-finishing-120x40-standard-cs","25":"pa_size-finishing-120x40-w-ramie-drewnianej-czarnej-cs","26":"pa_size-finishing-120x40-w-ramie-drewnianej-naturalnej-cs","27":"pa_size-finishing-135x45-akustyczny-cs","28":"pa_size-finishing-135x45-na-ptnie-woskim-cs","29":"pa_size-finishing-135x45-premium-print-cs","30":"pa_size-finishing-135x45-standard-cs","31":"pa_size-finishing-150x50-akustyczny-cs","32":"pa_size-finishing-150x50-na-ptnie-woskim-cs","33":"pa_size-finishing-150x50-premium-print-cs","34":"pa_size-finishing-150x50-standard-cs","35":"pa_size-finishing-150x50-w-ramie-drewnianej-czarnej-cs","36":"pa_size-finishing-150x50-w-ramie-drewnianej-naturalnej-cs","37":"pa_size-finishing-90x30-w-ramie-drewnianej-czarnej-cs","38":"pa_size-finishing-90x30-w-ramie-drewnianej-naturalnej-cs","40":"first","41":"instock","42":"purchasable","43":"product-type-variable","44":"has-default-attributes"},"aioseo_notices":[],"_links":{"self":[{"href":"https:\/\/interiorposter.com\/cs\/wp-json\/wp\/v2\/product\/458349","targetHints":{"allow":["GET"]}}],"collection":[{"href":"https:\/\/interiorposter.com\/cs\/wp-json\/wp\/v2\/product"}],"about":[{"href":"https:\/\/interiorposter.com\/cs\/wp-json\/wp\/v2\/types\/product"}],"replies":[{"embeddable":true,"href":"https:\/\/interiorposter.com\/cs\/wp-json\/wp\/v2\/comments?post=458349"}],"wp:featuredmedia":[{"embeddable":true,"href":"https:\/\/interiorposter.com\/cs\/wp-json\/wp\/v2\/media\/380875"}],"wp:attachment":[{"href":"https:\/\/interiorposter.com\/cs\/wp-json\/wp\/v2\/media?parent=458349"}],"wp:term":[{"taxonomy":"product_brand","embeddable":true,"href":"https:\/\/interiorposter.com\/cs\/wp-json\/wp\/v2\/product_brand?post=458349"},{"taxonomy":"product_cat","embeddable":true,"href":"https:\/\/interiorposter.com\/cs\/wp-json\/wp\/v2\/product_cat?post=458349"},{"taxonomy":"product_tag","embeddable":true,"href":"https:\/\/interiorposter.com\/cs\/wp-json\/wp\/v2\/product_tag?post=458349"}],"curies":[{"name":"wp","href":"https:\/\/api.w.org\/{rel}","templated":true}]}}