{"id":457912,"date":"2026-04-02T22:28:00","date_gmt":"2026-04-02T20:28:00","guid":{"rendered":"https:\/\/interiorposter.com\/product\/szeroki-obraz-na-plotnie-panorama-nowego-jorku-noca\/"},"modified":"2026-04-05T00:24:55","modified_gmt":"2026-04-04T22:24:55","slug":"szeroki-obraz-na-plotnie-panorama-nowego-jorku-noca","status":"publish","type":"product","link":"https:\/\/interiorposter.com\/cs\/product\/szeroki-obraz-na-plotnie-panorama-nowego-jorku-noca\/","title":{"rendered":"\u0160irok\u00fd obraz na pl\u00e1tn\u011b Panorama New Yorku v noci"},"content":{"rendered":"<p>Szeroki obraz na p\u0142\u00f3tnie z panoram\u0105 Nowego Jorku noc\u0105 zachwyca nowoczesnym charakterem i spektakularnym efektem \u015bwietlnym. Roz\u015bwietlone wie\u017cowce Manhattanu, most oraz odbicia kolorowych \u015bwiate\u0142 w wodzie tworz\u0105 dynamiczn\u0105 kompozycj\u0119 pe\u0142n\u0105 energii, elegancji i wielkomiejskiego klimatu. Intensywne odcienie granatu, fioletu, b\u0142\u0119kitu i ciep\u0142ych \u015bwiate\u0142 pi\u0119knie o\u017cywiaj\u0105 wn\u0119trze, nadaj\u0105c mu wyrazisto\u015b\u0107 oraz nowoczesny styl. To efektowny obraz do salonu, biura, hotelu, restauracji lub przedpokoju, idealny do aran\u017cacji loftowych, nowoczesnych i industrialnych. Taka dekoracja na \u015bcian\u0119 przyci\u0105ga wzrok i buduje wyj\u0105tkow\u0105 atmosfer\u0119 Nowego Jorku, miasta, kt\u00f3re nigdy nie zasypia.<\/p>\n","protected":false},"excerpt":{"rendered":"<p>\u0160irok\u00fd obraz na pl\u00e1tn\u011b s no\u010dn\u00edm panoramatem New Yorku, mostem a odrazy sv\u011btel na vod\u011b. Modern\u00ed dekorace do ob\u00fdvac\u00edho pokoje, kancel\u00e1\u0159e nebo hotelu, kter\u00e1 vnese energii, eleganci a velkom\u011bstskou atmosf\u00e9ru.<\/p>\n","protected":false},"featured_media":381074,"comment_status":"closed","ping_status":"closed","template":"","meta":[],"product_brand":[],"product_cat":[108,74,132,86,68,120,105,265,83,71,89],"product_tag":[702,698,915,271,186],"class_list":{"0":"post-457912","1":"product","2":"type-product","3":"status-publish","4":"has-post-thumbnail","6":"product_cat-fotografie","7":"product_cat-hotel-cs","8":"product_cat-industrialni","9":"product_cat-kancelar","10":"product_cat-loznice","11":"product_cat-mesta-a-mosty","12":"product_cat-moderni","13":"product_cat-nocni","14":"product_cat-obyvaci-pokoj","15":"product_cat-predsin","16":"product_cat-restaurace","17":"product_tag-horizontalni","18":"product_tag-moderni-obrazy","19":"product_tag-panoramaticke","20":"product_tag-tmave","21":"product_tag-vicebarevny","22":"pa_size-finishing-120x40-akustyczny-cs","23":"pa_size-finishing-120x40-na-ptnie-woskim-cs","24":"pa_size-finishing-120x40-premium-print-cs","25":"pa_size-finishing-120x40-standard-cs","26":"pa_size-finishing-120x40-w-ramie-drewnianej-czarnej-cs","27":"pa_size-finishing-120x40-w-ramie-drewnianej-naturalnej-cs","28":"pa_size-finishing-135x45-akustyczny-cs","29":"pa_size-finishing-135x45-na-ptnie-woskim-cs","30":"pa_size-finishing-135x45-premium-print-cs","31":"pa_size-finishing-135x45-standard-cs","32":"pa_size-finishing-150x50-akustyczny-cs","33":"pa_size-finishing-150x50-na-ptnie-woskim-cs","34":"pa_size-finishing-150x50-premium-print-cs","35":"pa_size-finishing-150x50-standard-cs","36":"pa_size-finishing-150x50-w-ramie-drewnianej-czarnej-cs","37":"pa_size-finishing-150x50-w-ramie-drewnianej-naturalnej-cs","38":"pa_size-finishing-90x30-w-ramie-drewnianej-czarnej-cs","39":"pa_size-finishing-90x30-w-ramie-drewnianej-naturalnej-cs","41":"first","42":"instock","43":"purchasable","44":"product-type-variable","45":"has-default-attributes"},"aioseo_notices":[],"_links":{"self":[{"href":"https:\/\/interiorposter.com\/cs\/wp-json\/wp\/v2\/product\/457912","targetHints":{"allow":["GET"]}}],"collection":[{"href":"https:\/\/interiorposter.com\/cs\/wp-json\/wp\/v2\/product"}],"about":[{"href":"https:\/\/interiorposter.com\/cs\/wp-json\/wp\/v2\/types\/product"}],"replies":[{"embeddable":true,"href":"https:\/\/interiorposter.com\/cs\/wp-json\/wp\/v2\/comments?post=457912"}],"wp:featuredmedia":[{"embeddable":true,"href":"https:\/\/interiorposter.com\/cs\/wp-json\/wp\/v2\/media\/381074"}],"wp:attachment":[{"href":"https:\/\/interiorposter.com\/cs\/wp-json\/wp\/v2\/media?parent=457912"}],"wp:term":[{"taxonomy":"product_brand","embeddable":true,"href":"https:\/\/interiorposter.com\/cs\/wp-json\/wp\/v2\/product_brand?post=457912"},{"taxonomy":"product_cat","embeddable":true,"href":"https:\/\/interiorposter.com\/cs\/wp-json\/wp\/v2\/product_cat?post=457912"},{"taxonomy":"product_tag","embeddable":true,"href":"https:\/\/interiorposter.com\/cs\/wp-json\/wp\/v2\/product_tag?post=457912"}],"curies":[{"name":"wp","href":"https:\/\/api.w.org\/{rel}","templated":true}]}}