{"id":457778,"date":"2026-04-02T07:59:39","date_gmt":"2026-04-02T05:59:39","guid":{"rendered":"https:\/\/interiorposter.com\/product\/obraz-na-plotnie-kieliszki-wina-nad-brzegiem-morza\/"},"modified":"2026-04-05T00:19:28","modified_gmt":"2026-04-04T22:19:28","slug":"obraz-na-plotnie-kieliszki-wina-nad-brzegiem-morza","status":"publish","type":"product","link":"https:\/\/interiorposter.com\/cs\/product\/obraz-na-plotnie-kieliszki-wina-nad-brzegiem-morza\/","title":{"rendered":"Obraz na pl\u00e1tn\u011b Sklenky v\u00edna u mo\u0159sk\u00e9ho pob\u0159e\u017e\u00ed"},"content":{"rendered":"<p>Obraz na pl\u00e1tn\u011b s motivem dvou sklenek \u010derven\u00e9ho v\u00edna um\u00edst\u011bn\u00fdch u mo\u0159sk\u00e9ho pob\u0159e\u017e\u00ed okouzl\u00ed eleganc\u00ed, klidem a atmosf\u00e9rou luxusn\u00ed relaxace. Tepl\u00e9 sv\u011btlo, jemn\u00e1 mod\u0159 vody, p\u0159irozen\u00fd odst\u00edn d\u0159eva a subtiln\u00ed kv\u011btinov\u00e9 akcenty vytv\u00e1\u0159ej\u00ed harmonickou kompozici plnou letn\u00edho p\u016fvabu. Je to v\u00fdjime\u010dn\u00e1 dekorace do ob\u00fdvac\u00edho pokoje, kuchyn\u011b, restaurace, hotelu nebo j\u00eddeln\u00ed \u010d\u00e1sti kancel\u00e1\u0159e, ide\u00e1ln\u00ed pro modern\u00ed, stylov\u00e9 interi\u00e9ry inspirovan\u00e9 pr\u00e1zdninovou atmosf\u00e9rou. Tento obraz na st\u011bnu vnese do prostoru lehkost, p\u0159\u00edjemnou n\u00e1ladu a elegantn\u00ed charakter a vyvol\u00e1v\u00e1 p\u0159edstavy odpo\u010dinku, chuti a chvilky pro sebe.<\/p>\n","protected":false},"excerpt":{"rendered":"<p>Elegantn\u00ed obraz na pl\u00e1tn\u011b se sklenkami \u010derven\u00e9ho v\u00edna u mo\u0159e. Stylov\u00e1 dekorace do kuchyn\u011b, ob\u00fdvac\u00edho pokoje, restaurace nebo hotelu, kter\u00e1 vnese relaxaci, teplo a pr\u00e1zdninovou atmosf\u00e9ru.<\/p>\n","protected":false},"featured_media":353050,"comment_status":"closed","ping_status":"closed","template":"","meta":[],"product_brand":[],"product_cat":[108,99,74,126,86,80,105,141,83,89],"product_tag":[698,704,186],"class_list":{"0":"post-457778","1":"product","2":"type-product","3":"status-publish","4":"has-post-thumbnail","6":"product_cat-fotografie","7":"product_cat-glamour-cs","8":"product_cat-hotel-cs","9":"product_cat-jidlo","10":"product_cat-kancelar","11":"product_cat-kuchyne","12":"product_cat-moderni","13":"product_cat-more-a-pobrezi","14":"product_cat-obyvaci-pokoj","15":"product_cat-restaurace","16":"product_tag-moderni-obrazy","17":"product_tag-vertikalni","18":"product_tag-vicebarevny","19":"pa_size-finishing-20x30-standard-cs","20":"pa_size-finishing-20x30-na-ptnie-woskim-cs","21":"pa_size-finishing-20x30-premium-print-cs","22":"pa_size-finishing-20x30-akustyczny-cs","23":"pa_size-finishing-40x60-standard-cs","24":"pa_size-finishing-40x60-na-ptnie-woskim-cs","25":"pa_size-finishing-40x60-premium-print-cs","26":"pa_size-finishing-40x60-akustyczny-cs","27":"pa_size-finishing-40x60-w-ramie-drewnianej-naturalnej-cs","28":"pa_size-finishing-40x60-w-ramie-drewnianej-czarnej-cs","29":"pa_size-finishing-60x90-standard-cs","30":"pa_size-finishing-60x90-na-ptnie-woskim-cs","31":"pa_size-finishing-60x90-premium-print-cs","32":"pa_size-finishing-60x90-akustyczny-cs","33":"pa_size-finishing-60x90-w-ramie-drewnianej-naturalnej-cs","34":"pa_size-finishing-60x90-w-ramie-drewnianej-czarnej-cs","35":"pa_size-finishing-80x120-standard-cs","36":"pa_size-finishing-80x120-na-ptnie-woskim-cs","37":"pa_size-finishing-80x120-premium-print-cs","38":"pa_size-finishing-80x120-akustyczny-cs","39":"pa_size-finishing-80x120-w-ramie-drewnianej-naturalnej-cs","40":"pa_size-finishing-80x120-w-ramie-drewnianej-czarnej-cs","42":"first","43":"instock","44":"purchasable","45":"product-type-variable","46":"has-default-attributes"},"aioseo_notices":[],"_links":{"self":[{"href":"https:\/\/interiorposter.com\/cs\/wp-json\/wp\/v2\/product\/457778","targetHints":{"allow":["GET"]}}],"collection":[{"href":"https:\/\/interiorposter.com\/cs\/wp-json\/wp\/v2\/product"}],"about":[{"href":"https:\/\/interiorposter.com\/cs\/wp-json\/wp\/v2\/types\/product"}],"replies":[{"embeddable":true,"href":"https:\/\/interiorposter.com\/cs\/wp-json\/wp\/v2\/comments?post=457778"}],"wp:featuredmedia":[{"embeddable":true,"href":"https:\/\/interiorposter.com\/cs\/wp-json\/wp\/v2\/media\/353050"}],"wp:attachment":[{"href":"https:\/\/interiorposter.com\/cs\/wp-json\/wp\/v2\/media?parent=457778"}],"wp:term":[{"taxonomy":"product_brand","embeddable":true,"href":"https:\/\/interiorposter.com\/cs\/wp-json\/wp\/v2\/product_brand?post=457778"},{"taxonomy":"product_cat","embeddable":true,"href":"https:\/\/interiorposter.com\/cs\/wp-json\/wp\/v2\/product_cat?post=457778"},{"taxonomy":"product_tag","embeddable":true,"href":"https:\/\/interiorposter.com\/cs\/wp-json\/wp\/v2\/product_tag?post=457778"}],"curies":[{"name":"wp","href":"https:\/\/api.w.org\/{rel}","templated":true}]}}