{"id":457543,"date":"2026-04-02T07:56:34","date_gmt":"2026-04-02T05:56:34","guid":{"rendered":"https:\/\/interiorposter.com\/product\/obraz-na-plotnie-ptaki-na-tle-malarskiego-nieba\/"},"modified":"2026-04-05T00:13:52","modified_gmt":"2026-04-04T22:13:52","slug":"obraz-na-plotnie-ptaki-na-tle-malarskiego-nieba","status":"publish","type":"product","link":"https:\/\/interiorposter.com\/cs\/product\/obraz-na-plotnie-ptaki-na-tle-malarskiego-nieba\/","title":{"rendered":"Obraz na pl\u00e1tn\u011b Pt\u00e1ci na pozad\u00ed mal\u00ed\u0159sk\u00e9 oblohy"},"content":{"rendered":"<p>Obraz na pl\u00e1tn\u011b s motivem hejna pt\u00e1k\u016f vzn\u00e1\u0161ej\u00edc\u00edch se na pozad\u00ed v\u00fdrazn\u00e9 oblohy okouzl\u00ed svobodou, lehkost\u00ed a um\u011bleckou energi\u00ed. Dynamick\u00e1 kompozice v odst\u00ednech modr\u00e9, tmav\u011b modr\u00e9, b\u00edl\u00e9, fialov\u00e9 a jemn\u00e9 r\u016f\u017eov\u00e9 s lehk\u00fdmi doteky \u017elut\u00e9 vytv\u00e1\u0159\u00ed jedine\u010dnou dekoraci, kter\u00e1 do interi\u00e9ru vnese prostor, sv\u011btlo a v\u00fdrazn\u00fd charakter. Je to stylov\u00e1 volba do ob\u00fdvac\u00edho pokoje, lo\u017enice, kancel\u00e1\u0159e, hotelu nebo restaurace, ide\u00e1ln\u00ed pro modern\u00ed, mal\u00ed\u0159sk\u00e9 a p\u0159\u00edrodou inspirovan\u00e9 interi\u00e9ry. Tento obraz na st\u011bnu p\u0159itahuje pohled, o\u017eivuje prostor a vytv\u00e1\u0159\u00ed atmosf\u00e9ru svobody, klidu a jemn\u00e9 elegance.<\/p>\n","protected":false},"excerpt":{"rendered":"<p>Um\u011bleck\u00fd obraz na pl\u00e1tn\u011b s pt\u00e1ky na pozad\u00ed modro fialov\u00e9 oblohy. P\u016fsobiv\u00e1 dekorace do ob\u00fdvac\u00edho pokoje, lo\u017enice nebo kancel\u00e1\u0159e, kter\u00e1 vnese lehkost, prostor a modern\u00ed atmosf\u00e9ru.<\/p>\n","protected":false},"featured_media":352839,"comment_status":"closed","ping_status":"closed","template":"","meta":[],"product_brand":[],"product_cat":[74,86,135,68,297,102,83,89,254],"product_tag":[702,698,186],"class_list":{"0":"post-457543","1":"product","2":"type-product","3":"status-publish","4":"has-post-thumbnail","6":"product_cat-hotel-cs","7":"product_cat-kancelar","8":"product_cat-krajiny","9":"product_cat-loznice","10":"product_cat-malirsky","11":"product_cat-minimalisticky","12":"product_cat-obyvaci-pokoj","13":"product_cat-restaurace","14":"product_cat-zvirata-a-priroda","15":"product_tag-horizontalni","16":"product_tag-moderni-obrazy","17":"product_tag-vicebarevny","18":"pa_size-finishing-30x20-standard-cs","19":"pa_size-finishing-30x20-na-ptnie-woskim-cs","20":"pa_size-finishing-30x20-premium-print-cs","21":"pa_size-finishing-30x20-akustyczny-cs","22":"pa_size-finishing-60x40-standard-cs","23":"pa_size-finishing-60x40-na-ptnie-woskim-cs","24":"pa_size-finishing-60x40-premium-print-cs","25":"pa_size-finishing-60x40-akustyczny-cs","26":"pa_size-finishing-60x40-w-ramie-drewnianej-naturalnej-cs","27":"pa_size-finishing-60x40-w-ramie-drewnianej-czarnej-cs","28":"pa_size-finishing-90x60-standard-cs","29":"pa_size-finishing-90x60-na-ptnie-woskim-cs","30":"pa_size-finishing-90x60-premium-print-cs","31":"pa_size-finishing-90x60-akustyczny-cs","32":"pa_size-finishing-90x60-w-ramie-drewnianej-naturalnej-cs","33":"pa_size-finishing-90x60-w-ramie-drewnianej-czarnej-cs","34":"pa_size-finishing-120x80-standard-cs","35":"pa_size-finishing-120x80-na-ptnie-woskim-cs","36":"pa_size-finishing-120x80-premium-print-cs","37":"pa_size-finishing-120x80-akustyczny-cs","38":"pa_size-finishing-120x80-w-ramie-drewnianej-naturalnej-cs","39":"pa_size-finishing-120x80-w-ramie-drewnianej-czarnej-cs","41":"first","42":"instock","43":"purchasable","44":"product-type-variable","45":"has-default-attributes"},"aioseo_notices":[],"_links":{"self":[{"href":"https:\/\/interiorposter.com\/cs\/wp-json\/wp\/v2\/product\/457543","targetHints":{"allow":["GET"]}}],"collection":[{"href":"https:\/\/interiorposter.com\/cs\/wp-json\/wp\/v2\/product"}],"about":[{"href":"https:\/\/interiorposter.com\/cs\/wp-json\/wp\/v2\/types\/product"}],"replies":[{"embeddable":true,"href":"https:\/\/interiorposter.com\/cs\/wp-json\/wp\/v2\/comments?post=457543"}],"wp:featuredmedia":[{"embeddable":true,"href":"https:\/\/interiorposter.com\/cs\/wp-json\/wp\/v2\/media\/352839"}],"wp:attachment":[{"href":"https:\/\/interiorposter.com\/cs\/wp-json\/wp\/v2\/media?parent=457543"}],"wp:term":[{"taxonomy":"product_brand","embeddable":true,"href":"https:\/\/interiorposter.com\/cs\/wp-json\/wp\/v2\/product_brand?post=457543"},{"taxonomy":"product_cat","embeddable":true,"href":"https:\/\/interiorposter.com\/cs\/wp-json\/wp\/v2\/product_cat?post=457543"},{"taxonomy":"product_tag","embeddable":true,"href":"https:\/\/interiorposter.com\/cs\/wp-json\/wp\/v2\/product_tag?post=457543"}],"curies":[{"name":"wp","href":"https:\/\/api.w.org\/{rel}","templated":true}]}}