{"id":456715,"date":"2026-04-02T07:53:38","date_gmt":"2026-04-02T05:53:38","guid":{"rendered":"https:\/\/interiorposter.com\/product\/uliczka-paryza-obraz-na-plotnie-inspirowany-stylem-vincenta-van-gogha\/"},"modified":"2026-04-05T00:03:12","modified_gmt":"2026-04-04T22:03:12","slug":"uliczka-paryza-obraz-na-plotnie-inspirowany-stylem-vincenta-van-gogha","status":"publish","type":"product","link":"https:\/\/interiorposter.com\/cs\/product\/uliczka-paryza-obraz-na-plotnie-inspirowany-stylem-vincenta-van-gogha\/","title":{"rendered":"Pa\u0159\u00ed\u017esk\u00e1 uli\u010dka &#8211; obraz na pl\u00e1tn\u011b inspirovan\u00fd stylem Vincenta van Gogha"},"content":{"rendered":"<p>Obraz na pl\u00e1tn\u011b s motivem malebn\u00e9 uli\u010dky s kav\u00e1rnami zalit\u00e9 ve\u010dern\u00edm sv\u011btlem okouzl\u00ed um\u011bleck\u00fdm charakterem a jedine\u010dnou atmosf\u00e9rou no\u010dn\u00edho m\u011bsta. Hlubok\u00e9 odst\u00edny tmav\u011b modr\u00e9, modr\u00e9 a \u010dern\u00e9, dopln\u011bn\u00e9 teplou z\u00e1\u0159\u00ed lamp a zlatav\u00fdch oken, vytv\u00e1\u0159ej\u00ed p\u016fsobivou kompozici plnou emoc\u00ed, elegance a m\u011bstsk\u00e9ho p\u016fvabu. Je to stylov\u00e1 dekorace do ob\u00fdvac\u00edho pokoje, kancel\u00e1\u0159e, restaurace, hotelu nebo p\u0159eds\u00edn\u011b, ide\u00e1ln\u00ed pro modern\u00ed, um\u011blecky lad\u011bn\u00e9 a m\u011bstem inspirovan\u00e9 interi\u00e9ry. Tento obraz na st\u011bnu p\u0159itahuje pozornost, vytv\u00e1\u0159\u00ed n\u00e1ladovou atmosf\u00e9ru a dod\u00e1v\u00e1 prostoru v\u00fdraznost, teplo i jedine\u010dn\u00fd charakter.<\/p>\n","protected":false},"excerpt":{"rendered":"<p>N\u00e1ladov\u00fd obraz na pl\u00e1tn\u011b s no\u010dn\u00ed uli\u010dkou, kav\u00e1rnami a hv\u011bzdnou oblohou v tmav\u011b modr\u00fdch a zlat\u00fdch t\u00f3nech. Stylov\u00e1 dekorace do ob\u00fdvac\u00edho pokoje, kancel\u00e1\u0159e nebo restaurace, kter\u00e1 vnese eleganci, teplo a m\u011bstskou atmosf\u00e9ru.<\/p>\n","protected":false},"featured_media":352686,"comment_status":"closed","ping_status":"closed","template":"","meta":[],"product_brand":[],"product_cat":[74,289,86,135,303,297,120,83,71,89],"product_tag":[702,698,271,186],"class_list":{"0":"post-456715","1":"product","2":"type-product","3":"status-publish","4":"has-post-thumbnail","6":"product_cat-hotel-cs","7":"product_cat-ilustrace","8":"product_cat-kancelar","9":"product_cat-krajiny","10":"product_cat-lide","11":"product_cat-malirsky","12":"product_cat-mesta-a-mosty","13":"product_cat-obyvaci-pokoj","14":"product_cat-predsin","15":"product_cat-restaurace","16":"product_tag-horizontalni","17":"product_tag-moderni-obrazy","18":"product_tag-tmave","19":"product_tag-vicebarevny","20":"pa_size-finishing-30x20-standard-cs","21":"pa_size-finishing-30x20-na-ptnie-woskim-cs","22":"pa_size-finishing-30x20-premium-print-cs","23":"pa_size-finishing-30x20-akustyczny-cs","24":"pa_size-finishing-60x40-standard-cs","25":"pa_size-finishing-60x40-na-ptnie-woskim-cs","26":"pa_size-finishing-60x40-premium-print-cs","27":"pa_size-finishing-60x40-akustyczny-cs","28":"pa_size-finishing-60x40-w-ramie-drewnianej-naturalnej-cs","29":"pa_size-finishing-60x40-w-ramie-drewnianej-czarnej-cs","30":"pa_size-finishing-90x60-standard-cs","31":"pa_size-finishing-90x60-na-ptnie-woskim-cs","32":"pa_size-finishing-90x60-premium-print-cs","33":"pa_size-finishing-90x60-akustyczny-cs","34":"pa_size-finishing-90x60-w-ramie-drewnianej-naturalnej-cs","35":"pa_size-finishing-90x60-w-ramie-drewnianej-czarnej-cs","36":"pa_size-finishing-120x80-standard-cs","37":"pa_size-finishing-120x80-na-ptnie-woskim-cs","38":"pa_size-finishing-120x80-premium-print-cs","39":"pa_size-finishing-120x80-akustyczny-cs","40":"pa_size-finishing-120x80-w-ramie-drewnianej-naturalnej-cs","41":"pa_size-finishing-120x80-w-ramie-drewnianej-czarnej-cs","43":"first","44":"instock","45":"purchasable","46":"product-type-variable","47":"has-default-attributes"},"aioseo_notices":[],"_links":{"self":[{"href":"https:\/\/interiorposter.com\/cs\/wp-json\/wp\/v2\/product\/456715","targetHints":{"allow":["GET"]}}],"collection":[{"href":"https:\/\/interiorposter.com\/cs\/wp-json\/wp\/v2\/product"}],"about":[{"href":"https:\/\/interiorposter.com\/cs\/wp-json\/wp\/v2\/types\/product"}],"replies":[{"embeddable":true,"href":"https:\/\/interiorposter.com\/cs\/wp-json\/wp\/v2\/comments?post=456715"}],"wp:featuredmedia":[{"embeddable":true,"href":"https:\/\/interiorposter.com\/cs\/wp-json\/wp\/v2\/media\/352686"}],"wp:attachment":[{"href":"https:\/\/interiorposter.com\/cs\/wp-json\/wp\/v2\/media?parent=456715"}],"wp:term":[{"taxonomy":"product_brand","embeddable":true,"href":"https:\/\/interiorposter.com\/cs\/wp-json\/wp\/v2\/product_brand?post=456715"},{"taxonomy":"product_cat","embeddable":true,"href":"https:\/\/interiorposter.com\/cs\/wp-json\/wp\/v2\/product_cat?post=456715"},{"taxonomy":"product_tag","embeddable":true,"href":"https:\/\/interiorposter.com\/cs\/wp-json\/wp\/v2\/product_tag?post=456715"}],"curies":[{"name":"wp","href":"https:\/\/api.w.org\/{rel}","templated":true}]}}