{"id":456236,"date":"2026-04-02T07:45:54","date_gmt":"2026-04-02T05:45:54","guid":{"rendered":"https:\/\/interiorposter.com\/product\/obraz-na-plotnie-stonehenge-pod-dramatycznym-niebem\/"},"modified":"2026-04-04T23:43:54","modified_gmt":"2026-04-04T21:43:54","slug":"obraz-na-plotnie-stonehenge-pod-dramatycznym-niebem","status":"publish","type":"product","link":"https:\/\/interiorposter.com\/cs\/product\/obraz-na-plotnie-stonehenge-pod-dramatycznym-niebem\/","title":{"rendered":"Obraz na pl\u00e1tn\u011b Stonehenge pod dramatickou oblohou"},"content":{"rendered":"<p>Obraz na pl\u00e1tn\u011b s motivem Stonehenge upout\u00e1 pohled sv\u00fdm monument\u00e1ln\u00edm charakterem a mimo\u0159\u00e1dn\u011b p\u016fsobivou atmosf\u00e9rou. Historick\u00e1 kamenn\u00e1 stavba v kontrastu s rozlehlou dramatickou oblohou v odst\u00ednech hn\u011bd\u00e9, b\u00e9\u017eov\u00e9 a tlumen\u00e9 zelen\u00e9 vytv\u00e1\u0159\u00ed v\u00fdraznou kompozici plnou tajemstv\u00ed a s\u00edly. Je to efektn\u00ed dekorace do ob\u00fdvac\u00edho pokoje, kancel\u00e1\u0159e, p\u0159eds\u00edn\u011b, hotelu nebo restaurace, ide\u00e1ln\u00ed pro modern\u00ed, industri\u00e1ln\u00ed a cestov\u00e1n\u00edm inspirovan\u00e9 interi\u00e9ry. Tento obraz na st\u011bnu dod\u00e1 prostoru hloubku, v\u00fdrazn\u00fd charakter a jedine\u010dnou atmosf\u00e9ru a stane se dekorac\u00ed, kter\u00e1 p\u0159itahuje pozornost a vyvol\u00e1v\u00e1 emoce.<\/p>\n","protected":false},"excerpt":{"rendered":"<p>V\u00fdrazn\u00fd obraz na pl\u00e1tn\u011b se Stonehenge pod dramatickou oblohou v b\u00e9\u017eovo hn\u011bd\u00e9 tonaci. Efektn\u00ed dekorace do ob\u00fdvac\u00edho pokoje, kancel\u00e1\u0159e nebo hotelu, kter\u00e1 vnese tajemnou atmosf\u00e9ru a siln\u00fd charakter.<\/p>\n","protected":false},"featured_media":352155,"comment_status":"closed","ping_status":"closed","template":"","meta":[],"product_brand":[],"product_cat":[108,74,289,86,207,135,105,83,71,89],"product_tag":[698,704,186],"class_list":{"0":"post-456236","1":"product","2":"type-product","3":"status-publish","4":"has-post-thumbnail","6":"product_cat-fotografie","7":"product_cat-hotel-cs","8":"product_cat-ilustrace","9":"product_cat-kancelar","10":"product_cat-konceptualni-umeni","11":"product_cat-krajiny","12":"product_cat-moderni","13":"product_cat-obyvaci-pokoj","14":"product_cat-predsin","15":"product_cat-restaurace","16":"product_tag-moderni-obrazy","17":"product_tag-vertikalni","18":"product_tag-vicebarevny","19":"pa_size-finishing-20x30-standard-cs","20":"pa_size-finishing-20x30-na-ptnie-woskim-cs","21":"pa_size-finishing-20x30-premium-print-cs","22":"pa_size-finishing-20x30-akustyczny-cs","23":"pa_size-finishing-40x60-standard-cs","24":"pa_size-finishing-40x60-na-ptnie-woskim-cs","25":"pa_size-finishing-40x60-premium-print-cs","26":"pa_size-finishing-40x60-akustyczny-cs","27":"pa_size-finishing-40x60-w-ramie-drewnianej-naturalnej-cs","28":"pa_size-finishing-40x60-w-ramie-drewnianej-czarnej-cs","29":"pa_size-finishing-60x90-standard-cs","30":"pa_size-finishing-60x90-na-ptnie-woskim-cs","31":"pa_size-finishing-60x90-premium-print-cs","32":"pa_size-finishing-60x90-akustyczny-cs","33":"pa_size-finishing-60x90-w-ramie-drewnianej-naturalnej-cs","34":"pa_size-finishing-60x90-w-ramie-drewnianej-czarnej-cs","35":"pa_size-finishing-80x120-standard-cs","36":"pa_size-finishing-80x120-na-ptnie-woskim-cs","37":"pa_size-finishing-80x120-premium-print-cs","38":"pa_size-finishing-80x120-akustyczny-cs","39":"pa_size-finishing-80x120-w-ramie-drewnianej-naturalnej-cs","40":"pa_size-finishing-80x120-w-ramie-drewnianej-czarnej-cs","42":"first","43":"instock","44":"purchasable","45":"product-type-variable","46":"has-default-attributes"},"aioseo_notices":[],"_links":{"self":[{"href":"https:\/\/interiorposter.com\/cs\/wp-json\/wp\/v2\/product\/456236","targetHints":{"allow":["GET"]}}],"collection":[{"href":"https:\/\/interiorposter.com\/cs\/wp-json\/wp\/v2\/product"}],"about":[{"href":"https:\/\/interiorposter.com\/cs\/wp-json\/wp\/v2\/types\/product"}],"replies":[{"embeddable":true,"href":"https:\/\/interiorposter.com\/cs\/wp-json\/wp\/v2\/comments?post=456236"}],"wp:featuredmedia":[{"embeddable":true,"href":"https:\/\/interiorposter.com\/cs\/wp-json\/wp\/v2\/media\/352155"}],"wp:attachment":[{"href":"https:\/\/interiorposter.com\/cs\/wp-json\/wp\/v2\/media?parent=456236"}],"wp:term":[{"taxonomy":"product_brand","embeddable":true,"href":"https:\/\/interiorposter.com\/cs\/wp-json\/wp\/v2\/product_brand?post=456236"},{"taxonomy":"product_cat","embeddable":true,"href":"https:\/\/interiorposter.com\/cs\/wp-json\/wp\/v2\/product_cat?post=456236"},{"taxonomy":"product_tag","embeddable":true,"href":"https:\/\/interiorposter.com\/cs\/wp-json\/wp\/v2\/product_tag?post=456236"}],"curies":[{"name":"wp","href":"https:\/\/api.w.org\/{rel}","templated":true}]}}