{"id":455977,"date":"2026-04-02T07:28:41","date_gmt":"2026-04-02T05:28:41","guid":{"rendered":"https:\/\/interiorposter.com\/product\/obraz-na-plotnie-klasyczny-pejzaz-z-willa-i-jeziorem\/"},"modified":"2026-04-04T23:37:38","modified_gmt":"2026-04-04T21:37:38","slug":"obraz-na-plotnie-klasyczny-pejzaz-z-willa-i-jeziorem","status":"publish","type":"product","link":"https:\/\/interiorposter.com\/cs\/product\/obraz-na-plotnie-klasyczny-pejzaz-z-willa-i-jeziorem\/","title":{"rendered":"Obraz na pl\u00e1tn\u011b Klasick\u00e1 krajina s vilou a jezerem"},"content":{"rendered":"<p>Obraz na pl\u00e1tn\u011b s motivem elegantn\u00ed vily u klidn\u00e9 vody okouzl\u00ed klasick\u00fdm p\u016fvabem a atmosf\u00e9rou zklidn\u011bn\u00ed. Jemn\u00e1 kompozice v odst\u00ednech \u0161ed\u00e9, lomen\u00e9 b\u00edl\u00e9 a jemn\u00e9 b\u00e9\u017eov\u00e9 vytv\u00e1\u0159\u00ed nad\u010dasovou dekoraci, kter\u00e1 kr\u00e1sn\u011b podtrhne charakter interi\u00e9ru. Pohled na lo\u010fku, \u0161t\u00edhl\u00e9 stromy a romantickou architekturu vnese do prostoru harmonii, lehkost a vyt\u0159\u00edben\u00fd styl. Je to skv\u011bl\u00e1 volba do ob\u00fdvac\u00edho pokoje, lo\u017enice, kancel\u00e1\u0159e, hotelu nebo restaurace, zejm\u00e9na pro klasick\u00e9, elegantn\u00ed a p\u0159\u00edrodou inspirovan\u00e9 interi\u00e9ry. Tento obraz na st\u011bnu dod\u00e1 interi\u00e9ru klid, noblesu a vyt\u0159\u00edbenou atmosf\u00e9ru.<\/p>\n","protected":false},"excerpt":{"rendered":"<p>Elegantn\u00ed obraz na pl\u00e1tn\u011b s klasickou krajinou, vilou a lo\u010fkou na jeze\u0159e v \u0161edo b\u00e9\u017eov\u00fdch t\u00f3nech. Stylov\u00e1 dekorace do ob\u00fdvac\u00edho pokoje, lo\u017enice nebo kancel\u00e1\u0159e, kter\u00e1 vnese harmonii a nad\u010dasov\u00fd p\u016fvab.<\/p>\n","protected":false},"featured_media":351041,"comment_status":"closed","ping_status":"closed","template":"","meta":[],"product_brand":[],"product_cat":[99,74,86,135,68,297,141,83,89,123],"product_tag":[702,698,180],"class_list":{"0":"post-455977","1":"product","2":"type-product","3":"status-publish","4":"has-post-thumbnail","6":"product_cat-glamour-cs","7":"product_cat-hotel-cs","8":"product_cat-kancelar","9":"product_cat-krajiny","10":"product_cat-loznice","11":"product_cat-malirsky","12":"product_cat-more-a-pobrezi","13":"product_cat-obyvaci-pokoj","14":"product_cat-restaurace","15":"product_cat-rostliny-a-kvetiny","16":"product_tag-horizontalni","17":"product_tag-moderni-obrazy","18":"product_tag-seda","19":"pa_size-finishing-30x20-standard-cs","20":"pa_size-finishing-30x20-na-ptnie-woskim-cs","21":"pa_size-finishing-30x20-premium-print-cs","22":"pa_size-finishing-30x20-akustyczny-cs","23":"pa_size-finishing-60x40-standard-cs","24":"pa_size-finishing-60x40-na-ptnie-woskim-cs","25":"pa_size-finishing-60x40-premium-print-cs","26":"pa_size-finishing-60x40-akustyczny-cs","27":"pa_size-finishing-60x40-w-ramie-drewnianej-naturalnej-cs","28":"pa_size-finishing-60x40-w-ramie-drewnianej-czarnej-cs","29":"pa_size-finishing-90x60-standard-cs","30":"pa_size-finishing-90x60-na-ptnie-woskim-cs","31":"pa_size-finishing-90x60-premium-print-cs","32":"pa_size-finishing-90x60-akustyczny-cs","33":"pa_size-finishing-90x60-w-ramie-drewnianej-naturalnej-cs","34":"pa_size-finishing-90x60-w-ramie-drewnianej-czarnej-cs","35":"pa_size-finishing-120x80-standard-cs","36":"pa_size-finishing-120x80-na-ptnie-woskim-cs","37":"pa_size-finishing-120x80-premium-print-cs","38":"pa_size-finishing-120x80-akustyczny-cs","39":"pa_size-finishing-120x80-w-ramie-drewnianej-naturalnej-cs","40":"pa_size-finishing-120x80-w-ramie-drewnianej-czarnej-cs","42":"first","43":"instock","44":"purchasable","45":"product-type-variable","46":"has-default-attributes"},"aioseo_notices":[],"_links":{"self":[{"href":"https:\/\/interiorposter.com\/cs\/wp-json\/wp\/v2\/product\/455977","targetHints":{"allow":["GET"]}}],"collection":[{"href":"https:\/\/interiorposter.com\/cs\/wp-json\/wp\/v2\/product"}],"about":[{"href":"https:\/\/interiorposter.com\/cs\/wp-json\/wp\/v2\/types\/product"}],"replies":[{"embeddable":true,"href":"https:\/\/interiorposter.com\/cs\/wp-json\/wp\/v2\/comments?post=455977"}],"wp:featuredmedia":[{"embeddable":true,"href":"https:\/\/interiorposter.com\/cs\/wp-json\/wp\/v2\/media\/351041"}],"wp:attachment":[{"href":"https:\/\/interiorposter.com\/cs\/wp-json\/wp\/v2\/media?parent=455977"}],"wp:term":[{"taxonomy":"product_brand","embeddable":true,"href":"https:\/\/interiorposter.com\/cs\/wp-json\/wp\/v2\/product_brand?post=455977"},{"taxonomy":"product_cat","embeddable":true,"href":"https:\/\/interiorposter.com\/cs\/wp-json\/wp\/v2\/product_cat?post=455977"},{"taxonomy":"product_tag","embeddable":true,"href":"https:\/\/interiorposter.com\/cs\/wp-json\/wp\/v2\/product_tag?post=455977"}],"curies":[{"name":"wp","href":"https:\/\/api.w.org\/{rel}","templated":true}]}}