{"id":455855,"date":"2026-04-02T07:12:14","date_gmt":"2026-04-02T05:12:14","guid":{"rendered":"https:\/\/interiorposter.com\/product\/obraz-na-plotnie-kwiaty-na-wydmach-nad-morzem\/"},"modified":"2026-04-04T23:33:14","modified_gmt":"2026-04-04T21:33:14","slug":"obraz-na-plotnie-kwiaty-na-wydmach-nad-morzem","status":"publish","type":"product","link":"https:\/\/interiorposter.com\/cs\/product\/obraz-na-plotnie-kwiaty-na-wydmach-nad-morzem\/","title":{"rendered":"Obraz na pl\u00e1tn\u011b Kv\u011btiny na dun\u00e1ch u mo\u0159e"},"content":{"rendered":"<p>Obraz na pl\u00e1tn\u011b s motivem barevn\u00fdch kv\u011btin rostouc\u00edch na p\u0159\u00edmo\u0159sk\u00fdch dun\u00e1ch okouzl\u00ed sv\u011b\u017eest\u00ed, sv\u011btlem a mal\u00ed\u0159sk\u00fdm p\u016fvabem letn\u00ed krajiny. Spojen\u00ed mod\u0159i mo\u0159e, tepl\u00fdch p\u00edskov\u00fdch t\u00f3n\u016f, zelen\u011b trav a pestr\u00fdch kv\u011bt\u016f vytv\u00e1\u0159\u00ed radostnou kompozici plnou energie, kter\u00e1 kr\u00e1sn\u011b o\u017eiv\u00ed interi\u00e9r. Je to v\u00fdjime\u010dn\u00e1 dekorace do ob\u00fdvac\u00edho pokoje, lo\u017enice, p\u0159eds\u00edn\u011b, hotelu nebo restaurace, ide\u00e1ln\u00ed pro modern\u00ed, romantick\u00e9 a p\u0159\u00edrodou inspirovan\u00e9 interi\u00e9ry. Tento obraz na st\u011bnu vnese do prostoru lehkost, pr\u00e1zdninovou atmosf\u00e9ru a veselou n\u00e1ladu a stane se v\u00fdrazn\u00fdm akcentem pln\u00fdm barev a pozitivn\u00edch emoc\u00ed.<\/p>\n","protected":false},"excerpt":{"rendered":"<p>Mal\u00ed\u0159sk\u00fd obraz na pl\u00e1tn\u011b s barevn\u00fdmi kv\u011btinami na dun\u00e1ch u mo\u0159e. Radostn\u00e1 dekorace do ob\u00fdvac\u00edho pokoje, lo\u017enice nebo hotelu, kter\u00e1 vnese sv\u011btlo, sv\u011b\u017eest a letn\u00ed atmosf\u00e9ru.<\/p>\n","protected":false},"featured_media":350044,"comment_status":"closed","ping_status":"closed","template":"","meta":[],"product_brand":[],"product_cat":[74,135,68,297,141,83,71,89,123],"product_tag":[702,698,186],"class_list":{"0":"post-455855","1":"product","2":"type-product","3":"status-publish","4":"has-post-thumbnail","6":"product_cat-hotel-cs","7":"product_cat-krajiny","8":"product_cat-loznice","9":"product_cat-malirsky","10":"product_cat-more-a-pobrezi","11":"product_cat-obyvaci-pokoj","12":"product_cat-predsin","13":"product_cat-restaurace","14":"product_cat-rostliny-a-kvetiny","15":"product_tag-horizontalni","16":"product_tag-moderni-obrazy","17":"product_tag-vicebarevny","18":"pa_size-finishing-30x20-standard-cs","19":"pa_size-finishing-30x20-na-ptnie-woskim-cs","20":"pa_size-finishing-30x20-premium-print-cs","21":"pa_size-finishing-30x20-akustyczny-cs","22":"pa_size-finishing-60x40-standard-cs","23":"pa_size-finishing-60x40-na-ptnie-woskim-cs","24":"pa_size-finishing-60x40-premium-print-cs","25":"pa_size-finishing-60x40-akustyczny-cs","26":"pa_size-finishing-60x40-w-ramie-drewnianej-naturalnej-cs","27":"pa_size-finishing-60x40-w-ramie-drewnianej-czarnej-cs","28":"pa_size-finishing-90x60-standard-cs","29":"pa_size-finishing-90x60-na-ptnie-woskim-cs","30":"pa_size-finishing-90x60-premium-print-cs","31":"pa_size-finishing-90x60-akustyczny-cs","32":"pa_size-finishing-90x60-w-ramie-drewnianej-naturalnej-cs","33":"pa_size-finishing-90x60-w-ramie-drewnianej-czarnej-cs","34":"pa_size-finishing-120x80-standard-cs","35":"pa_size-finishing-120x80-na-ptnie-woskim-cs","36":"pa_size-finishing-120x80-premium-print-cs","37":"pa_size-finishing-120x80-akustyczny-cs","38":"pa_size-finishing-120x80-w-ramie-drewnianej-naturalnej-cs","39":"pa_size-finishing-120x80-w-ramie-drewnianej-czarnej-cs","41":"first","42":"instock","43":"purchasable","44":"product-type-variable","45":"has-default-attributes"},"aioseo_notices":[],"_links":{"self":[{"href":"https:\/\/interiorposter.com\/cs\/wp-json\/wp\/v2\/product\/455855","targetHints":{"allow":["GET"]}}],"collection":[{"href":"https:\/\/interiorposter.com\/cs\/wp-json\/wp\/v2\/product"}],"about":[{"href":"https:\/\/interiorposter.com\/cs\/wp-json\/wp\/v2\/types\/product"}],"replies":[{"embeddable":true,"href":"https:\/\/interiorposter.com\/cs\/wp-json\/wp\/v2\/comments?post=455855"}],"wp:featuredmedia":[{"embeddable":true,"href":"https:\/\/interiorposter.com\/cs\/wp-json\/wp\/v2\/media\/350044"}],"wp:attachment":[{"href":"https:\/\/interiorposter.com\/cs\/wp-json\/wp\/v2\/media?parent=455855"}],"wp:term":[{"taxonomy":"product_brand","embeddable":true,"href":"https:\/\/interiorposter.com\/cs\/wp-json\/wp\/v2\/product_brand?post=455855"},{"taxonomy":"product_cat","embeddable":true,"href":"https:\/\/interiorposter.com\/cs\/wp-json\/wp\/v2\/product_cat?post=455855"},{"taxonomy":"product_tag","embeddable":true,"href":"https:\/\/interiorposter.com\/cs\/wp-json\/wp\/v2\/product_tag?post=455855"}],"curies":[{"name":"wp","href":"https:\/\/api.w.org\/{rel}","templated":true}]}}