{"id":455489,"date":"2026-04-02T07:08:07","date_gmt":"2026-04-02T05:08:07","guid":{"rendered":"https:\/\/interiorposter.com\/product\/obraz-na-plotnie-kobieta-w-ogrodzie-nad-morzem\/"},"modified":"2026-04-04T23:20:54","modified_gmt":"2026-04-04T21:20:54","slug":"obraz-na-plotnie-kobieta-w-ogrodzie-nad-morzem","status":"publish","type":"product","link":"https:\/\/interiorposter.com\/cs\/product\/obraz-na-plotnie-kobieta-w-ogrodzie-nad-morzem\/","title":{"rendered":"Obraz na pl\u00e1tn\u011b \u017dena v zahrad\u011b u mo\u0159e"},"content":{"rendered":"<p>Obraz na pl\u00e1tn\u011b s motivem \u017eeny proch\u00e1zej\u00edc\u00ed rozkvetlou zahradou u mo\u0159e okouzl\u00ed mal\u00ed\u0159skou lehkost\u00ed a romantickou atmosf\u00e9rou. Kompozice pln\u00e1 sv\u011btla spojuje mod\u0159 vody, sv\u011b\u017e\u00ed zele\u0148 a barevn\u00e9 kv\u011bty a vytv\u00e1\u0159\u00ed dekoraci, kter\u00e1 do interi\u00e9ru vnese sv\u011b\u017eest, eleganci a um\u011bleck\u00fd p\u016fvab. Je to v\u00fdjime\u010dn\u00e1 volba do ob\u00fdvac\u00edho pokoje, lo\u017enice, hotelu nebo restaurace, ide\u00e1ln\u00ed pro klasick\u00e9, \u017eensk\u00e9 a p\u0159\u00edrodou inspirovan\u00e9 interi\u00e9ry. Tento obraz na st\u011bnu kr\u00e1sn\u011b o\u017eiv\u00ed prostor, dod\u00e1 mu barvu a vytvo\u0159\u00ed atmosf\u00e9ru klidu, letn\u00ed volnosti a nad\u010dasov\u00e9 kr\u00e1sy.<\/p>\n","protected":false},"excerpt":{"rendered":"<p>Mal\u00ed\u0159sk\u00fd obraz na pl\u00e1tn\u011b se \u017eenou v rozkvetl\u00e9 zahrad\u011b u mo\u0159e. Romantick\u00e1 dekorace do ob\u00fdvac\u00edho pokoje, lo\u017enice nebo hotelu, kter\u00e1 vnese sv\u011btlo, barvy a elegantn\u00ed atmosf\u00e9ru.<\/p>\n","protected":false},"featured_media":349788,"comment_status":"closed","ping_status":"closed","template":"","meta":[],"product_brand":[],"product_cat":[74,135,303,68,297,141,83,89,123],"product_tag":[702,698,186],"class_list":{"0":"post-455489","1":"product","2":"type-product","3":"status-publish","4":"has-post-thumbnail","6":"product_cat-hotel-cs","7":"product_cat-krajiny","8":"product_cat-lide","9":"product_cat-loznice","10":"product_cat-malirsky","11":"product_cat-more-a-pobrezi","12":"product_cat-obyvaci-pokoj","13":"product_cat-restaurace","14":"product_cat-rostliny-a-kvetiny","15":"product_tag-horizontalni","16":"product_tag-moderni-obrazy","17":"product_tag-vicebarevny","18":"pa_size-finishing-30x20-standard-cs","19":"pa_size-finishing-30x20-na-ptnie-woskim-cs","20":"pa_size-finishing-30x20-premium-print-cs","21":"pa_size-finishing-30x20-akustyczny-cs","22":"pa_size-finishing-60x40-standard-cs","23":"pa_size-finishing-60x40-na-ptnie-woskim-cs","24":"pa_size-finishing-60x40-premium-print-cs","25":"pa_size-finishing-60x40-akustyczny-cs","26":"pa_size-finishing-60x40-w-ramie-drewnianej-naturalnej-cs","27":"pa_size-finishing-60x40-w-ramie-drewnianej-czarnej-cs","28":"pa_size-finishing-90x60-standard-cs","29":"pa_size-finishing-90x60-na-ptnie-woskim-cs","30":"pa_size-finishing-90x60-premium-print-cs","31":"pa_size-finishing-90x60-akustyczny-cs","32":"pa_size-finishing-90x60-w-ramie-drewnianej-naturalnej-cs","33":"pa_size-finishing-90x60-w-ramie-drewnianej-czarnej-cs","34":"pa_size-finishing-120x80-standard-cs","35":"pa_size-finishing-120x80-na-ptnie-woskim-cs","36":"pa_size-finishing-120x80-premium-print-cs","37":"pa_size-finishing-120x80-akustyczny-cs","38":"pa_size-finishing-120x80-w-ramie-drewnianej-naturalnej-cs","39":"pa_size-finishing-120x80-w-ramie-drewnianej-czarnej-cs","41":"first","42":"instock","43":"purchasable","44":"product-type-variable","45":"has-default-attributes"},"aioseo_notices":[],"_links":{"self":[{"href":"https:\/\/interiorposter.com\/cs\/wp-json\/wp\/v2\/product\/455489","targetHints":{"allow":["GET"]}}],"collection":[{"href":"https:\/\/interiorposter.com\/cs\/wp-json\/wp\/v2\/product"}],"about":[{"href":"https:\/\/interiorposter.com\/cs\/wp-json\/wp\/v2\/types\/product"}],"replies":[{"embeddable":true,"href":"https:\/\/interiorposter.com\/cs\/wp-json\/wp\/v2\/comments?post=455489"}],"wp:featuredmedia":[{"embeddable":true,"href":"https:\/\/interiorposter.com\/cs\/wp-json\/wp\/v2\/media\/349788"}],"wp:attachment":[{"href":"https:\/\/interiorposter.com\/cs\/wp-json\/wp\/v2\/media?parent=455489"}],"wp:term":[{"taxonomy":"product_brand","embeddable":true,"href":"https:\/\/interiorposter.com\/cs\/wp-json\/wp\/v2\/product_brand?post=455489"},{"taxonomy":"product_cat","embeddable":true,"href":"https:\/\/interiorposter.com\/cs\/wp-json\/wp\/v2\/product_cat?post=455489"},{"taxonomy":"product_tag","embeddable":true,"href":"https:\/\/interiorposter.com\/cs\/wp-json\/wp\/v2\/product_tag?post=455489"}],"curies":[{"name":"wp","href":"https:\/\/api.w.org\/{rel}","templated":true}]}}