{"id":454773,"date":"2026-04-02T06:58:13","date_gmt":"2026-04-02T04:58:13","guid":{"rendered":"https:\/\/interiorposter.com\/product\/obraz-na-plotnie-gorskie-wybrzeze-w-blekitnej-tonacji\/"},"modified":"2026-04-04T23:03:06","modified_gmt":"2026-04-04T21:03:06","slug":"obraz-na-plotnie-gorskie-wybrzeze-w-blekitnej-tonacji","status":"publish","type":"product","link":"https:\/\/interiorposter.com\/cs\/product\/obraz-na-plotnie-gorskie-wybrzeze-w-blekitnej-tonacji\/","title":{"rendered":"Obraz na pl\u00e1tn\u011b Horsk\u00e9 pob\u0159e\u017e\u00ed v modr\u00fdch t\u00f3nech"},"content":{"rendered":"<p>Obraz na pl\u00e1tn\u011b s motivem malebn\u00e9ho horsk\u00e9ho pob\u0159e\u017e\u00ed okouzl\u00ed klidem, eleganc\u00ed a nad\u010dasov\u00fdm p\u016fvabem inspirovan\u00fdm klasickou malbou. Jemn\u00e1 kompozice v odst\u00ednech modr\u00e9, \u0161ed\u00e9 a lomen\u00e9 b\u00edl\u00e9 vnese do interi\u00e9ru harmonii a pocit lehkosti. Pohled na klidnou z\u00e1toku, hory a \u0161t\u00edhl\u00e9 stromy vytv\u00e1\u0159\u00ed vyt\u0159\u00edbenou dekoraci, kter\u00e1 kr\u00e1sn\u011b podtrhne charakter ob\u00fdvac\u00edho pokoje, lo\u017enice, kancel\u00e1\u0159e, hotelu nebo restaurace. Tento obraz na st\u011bnu se skv\u011ble hod\u00ed do modern\u00edch, klasick\u00fdch i st\u0159edomo\u0159sk\u00fdch interi\u00e9r\u016f a dod\u00e1 prostoru klid, sv\u011btlo a um\u011bleckou atmosf\u00e9ru.<\/p>\n","protected":false},"excerpt":{"rendered":"<p>Elegantn\u00ed obraz na pl\u00e1tn\u011b s horsk\u00fdm pob\u0159e\u017e\u00edm v modr\u00fdch a \u0161ed\u00fdch t\u00f3nech. Stylov\u00e1 dekorace do ob\u00fdvac\u00edho pokoje, lo\u017enice nebo kancel\u00e1\u0159e, kter\u00e1 vnese harmonii, lehkost a mal\u00ed\u0159sk\u00fd charakter.<\/p>\n","protected":false},"featured_media":349216,"comment_status":"closed","ping_status":"closed","template":"","meta":[],"product_brand":[],"product_cat":[74,86,135,68,297,141,83,89,123,111],"product_tag":[702,698,186],"class_list":{"0":"post-454773","1":"product","2":"type-product","3":"status-publish","4":"has-post-thumbnail","6":"product_cat-hotel-cs","7":"product_cat-kancelar","8":"product_cat-krajiny","9":"product_cat-loznice","10":"product_cat-malirsky","11":"product_cat-more-a-pobrezi","12":"product_cat-obyvaci-pokoj","13":"product_cat-restaurace","14":"product_cat-rostliny-a-kvetiny","15":"product_cat-skandinavsky","16":"product_tag-horizontalni","17":"product_tag-moderni-obrazy","18":"product_tag-vicebarevny","19":"pa_size-finishing-30x20-standard-cs","20":"pa_size-finishing-30x20-na-ptnie-woskim-cs","21":"pa_size-finishing-30x20-premium-print-cs","22":"pa_size-finishing-30x20-akustyczny-cs","23":"pa_size-finishing-60x40-standard-cs","24":"pa_size-finishing-60x40-na-ptnie-woskim-cs","25":"pa_size-finishing-60x40-premium-print-cs","26":"pa_size-finishing-60x40-akustyczny-cs","27":"pa_size-finishing-60x40-w-ramie-drewnianej-naturalnej-cs","28":"pa_size-finishing-60x40-w-ramie-drewnianej-czarnej-cs","29":"pa_size-finishing-90x60-standard-cs","30":"pa_size-finishing-90x60-na-ptnie-woskim-cs","31":"pa_size-finishing-90x60-premium-print-cs","32":"pa_size-finishing-90x60-akustyczny-cs","33":"pa_size-finishing-90x60-w-ramie-drewnianej-naturalnej-cs","34":"pa_size-finishing-90x60-w-ramie-drewnianej-czarnej-cs","35":"pa_size-finishing-120x80-standard-cs","36":"pa_size-finishing-120x80-na-ptnie-woskim-cs","37":"pa_size-finishing-120x80-premium-print-cs","38":"pa_size-finishing-120x80-akustyczny-cs","39":"pa_size-finishing-120x80-w-ramie-drewnianej-naturalnej-cs","40":"pa_size-finishing-120x80-w-ramie-drewnianej-czarnej-cs","42":"first","43":"instock","44":"purchasable","45":"product-type-variable","46":"has-default-attributes"},"aioseo_notices":[],"_links":{"self":[{"href":"https:\/\/interiorposter.com\/cs\/wp-json\/wp\/v2\/product\/454773","targetHints":{"allow":["GET"]}}],"collection":[{"href":"https:\/\/interiorposter.com\/cs\/wp-json\/wp\/v2\/product"}],"about":[{"href":"https:\/\/interiorposter.com\/cs\/wp-json\/wp\/v2\/types\/product"}],"replies":[{"embeddable":true,"href":"https:\/\/interiorposter.com\/cs\/wp-json\/wp\/v2\/comments?post=454773"}],"wp:featuredmedia":[{"embeddable":true,"href":"https:\/\/interiorposter.com\/cs\/wp-json\/wp\/v2\/media\/349216"}],"wp:attachment":[{"href":"https:\/\/interiorposter.com\/cs\/wp-json\/wp\/v2\/media?parent=454773"}],"wp:term":[{"taxonomy":"product_brand","embeddable":true,"href":"https:\/\/interiorposter.com\/cs\/wp-json\/wp\/v2\/product_brand?post=454773"},{"taxonomy":"product_cat","embeddable":true,"href":"https:\/\/interiorposter.com\/cs\/wp-json\/wp\/v2\/product_cat?post=454773"},{"taxonomy":"product_tag","embeddable":true,"href":"https:\/\/interiorposter.com\/cs\/wp-json\/wp\/v2\/product_tag?post=454773"}],"curies":[{"name":"wp","href":"https:\/\/api.w.org\/{rel}","templated":true}]}}