{"id":454517,"date":"2026-04-02T06:55:18","date_gmt":"2026-04-02T04:55:18","guid":{"rendered":"https:\/\/interiorposter.com\/product\/obraz-na-plotnie-stylizowana-fala-w-vintage-klimacie\/"},"modified":"2026-04-04T22:56:22","modified_gmt":"2026-04-04T20:56:22","slug":"obraz-na-plotnie-stylizowana-fala-w-vintage-klimacie","status":"publish","type":"product","link":"https:\/\/interiorposter.com\/cs\/product\/obraz-na-plotnie-stylizowana-fala-w-vintage-klimacie\/","title":{"rendered":"Obraz na pl\u00e1tn\u011b Stylizovan\u00e1 vlna ve vintage duchu"},"content":{"rendered":"<p>Obraz na pl\u00e1tn\u011b s motivem dynamick\u00e9 stylizovan\u00e9 vlny upout\u00e1 pohled dekorativn\u00ed kresbou a um\u011bleck\u00fdm charakterem inspirovan\u00fdm starou grafikou. Spojen\u00ed b\u00e9\u017eov\u00e9, lomen\u00e9 b\u00edl\u00e9, tlumen\u00e9 hn\u011bd\u00e9 a chladn\u00fdch modr\u00fdch akcent\u016f vytv\u00e1\u0159\u00ed p\u016fsobivou kompozici, kter\u00e1 dod\u00e1 interi\u00e9ru v\u00fdraz, a p\u0159itom si zachov\u00e1v\u00e1 elegantn\u00ed a decentn\u00ed vzhled. Je to skv\u011bl\u00e1 dekorace do ob\u00fdvac\u00edho pokoje, kancel\u00e1\u0159e, p\u0159eds\u00edn\u011b, hotelu nebo restaurace, zejm\u00e9na do modern\u00edch, industri\u00e1ln\u00edch a um\u011blecky lad\u011bn\u00fdch interi\u00e9r\u016f. Tento obraz na st\u011bnu vnese do prostoru energii, rytmus a nad\u010dasovou atmosf\u00e9ru mo\u0159e v neobvykl\u00e9m ilustrativn\u00edm proveden\u00ed.<\/p>\n","protected":false},"excerpt":{"rendered":"<p>P\u016fsobiv\u00fd obraz na pl\u00e1tn\u011b se stylizovanou vlnou v b\u00e9\u017eovo modr\u00e9 tonaci. Um\u011bleck\u00e1 dekorace do ob\u00fdvac\u00edho pokoje, kancel\u00e1\u0159e nebo restaurace, kter\u00e1 vnese energii, charakter a mo\u0159skou atmosf\u00e9ru.<\/p>\n","protected":false},"featured_media":349053,"comment_status":"closed","ping_status":"closed","template":"","meta":[],"product_brand":[],"product_cat":[74,289,86,207,141,83,71,89],"product_tag":[702,698,186],"class_list":{"0":"post-454517","1":"product","2":"type-product","3":"status-publish","4":"has-post-thumbnail","6":"product_cat-hotel-cs","7":"product_cat-ilustrace","8":"product_cat-kancelar","9":"product_cat-konceptualni-umeni","10":"product_cat-more-a-pobrezi","11":"product_cat-obyvaci-pokoj","12":"product_cat-predsin","13":"product_cat-restaurace","14":"product_tag-horizontalni","15":"product_tag-moderni-obrazy","16":"product_tag-vicebarevny","17":"pa_size-finishing-30x20-standard-cs","18":"pa_size-finishing-30x20-na-ptnie-woskim-cs","19":"pa_size-finishing-30x20-premium-print-cs","20":"pa_size-finishing-30x20-akustyczny-cs","21":"pa_size-finishing-60x40-standard-cs","22":"pa_size-finishing-60x40-na-ptnie-woskim-cs","23":"pa_size-finishing-60x40-premium-print-cs","24":"pa_size-finishing-60x40-akustyczny-cs","25":"pa_size-finishing-60x40-w-ramie-drewnianej-naturalnej-cs","26":"pa_size-finishing-60x40-w-ramie-drewnianej-czarnej-cs","27":"pa_size-finishing-90x60-standard-cs","28":"pa_size-finishing-90x60-na-ptnie-woskim-cs","29":"pa_size-finishing-90x60-premium-print-cs","30":"pa_size-finishing-90x60-akustyczny-cs","31":"pa_size-finishing-90x60-w-ramie-drewnianej-naturalnej-cs","32":"pa_size-finishing-90x60-w-ramie-drewnianej-czarnej-cs","33":"pa_size-finishing-120x80-standard-cs","34":"pa_size-finishing-120x80-na-ptnie-woskim-cs","35":"pa_size-finishing-120x80-premium-print-cs","36":"pa_size-finishing-120x80-akustyczny-cs","37":"pa_size-finishing-120x80-w-ramie-drewnianej-naturalnej-cs","38":"pa_size-finishing-120x80-w-ramie-drewnianej-czarnej-cs","40":"first","41":"instock","42":"purchasable","43":"product-type-variable","44":"has-default-attributes"},"aioseo_notices":[],"_links":{"self":[{"href":"https:\/\/interiorposter.com\/cs\/wp-json\/wp\/v2\/product\/454517","targetHints":{"allow":["GET"]}}],"collection":[{"href":"https:\/\/interiorposter.com\/cs\/wp-json\/wp\/v2\/product"}],"about":[{"href":"https:\/\/interiorposter.com\/cs\/wp-json\/wp\/v2\/types\/product"}],"replies":[{"embeddable":true,"href":"https:\/\/interiorposter.com\/cs\/wp-json\/wp\/v2\/comments?post=454517"}],"wp:featuredmedia":[{"embeddable":true,"href":"https:\/\/interiorposter.com\/cs\/wp-json\/wp\/v2\/media\/349053"}],"wp:attachment":[{"href":"https:\/\/interiorposter.com\/cs\/wp-json\/wp\/v2\/media?parent=454517"}],"wp:term":[{"taxonomy":"product_brand","embeddable":true,"href":"https:\/\/interiorposter.com\/cs\/wp-json\/wp\/v2\/product_brand?post=454517"},{"taxonomy":"product_cat","embeddable":true,"href":"https:\/\/interiorposter.com\/cs\/wp-json\/wp\/v2\/product_cat?post=454517"},{"taxonomy":"product_tag","embeddable":true,"href":"https:\/\/interiorposter.com\/cs\/wp-json\/wp\/v2\/product_tag?post=454517"}],"curies":[{"name":"wp","href":"https:\/\/api.w.org\/{rel}","templated":true}]}}