{"id":454147,"date":"2026-04-02T06:49:11","date_gmt":"2026-04-02T04:49:11","guid":{"rendered":"https:\/\/interiorposter.com\/product\/obraz-na-plotnie-kolorowy-pejzaz-nad-woda\/"},"modified":"2026-04-04T22:49:19","modified_gmt":"2026-04-04T20:49:19","slug":"obraz-na-plotnie-kolorowy-pejzaz-nad-woda","status":"publish","type":"product","link":"https:\/\/interiorposter.com\/cs\/product\/obraz-na-plotnie-kolorowy-pejzaz-nad-woda\/","title":{"rendered":"Obraz na pl\u00e1tn\u011b Barevn\u00e1 krajina u vody"},"content":{"rendered":"<p>Obraz na pl\u00e1tn\u011b s motivem mal\u00ed\u0159sk\u00e9 krajiny u vody upout\u00e1 pohled v\u00fdraznou um\u011bleckou barevnost\u00ed a lehkou kompozic\u00ed plnou sv\u011btla. Spojen\u00ed odst\u00edn\u016f fialov\u00e9, modr\u00e9, tyrkysov\u00e9, r\u016f\u017eov\u00e9, zelen\u00e9 a tepl\u00fdch akcent\u016f oran\u017eov\u00e9 vytv\u00e1\u0159\u00ed jedine\u010dnou dekoraci, kter\u00e1 rozjasn\u00ed interi\u00e9r a dod\u00e1 mu modern\u00ed a kreativn\u00ed charakter. Je to skv\u011bl\u00e1 volba do ob\u00fdvac\u00edho pokoje, lo\u017enice, kancel\u00e1\u0159e, hotelu nebo restaurace, zejm\u00e9na tam, kde hraje roli efektn\u00ed dekorace na st\u011bnu a neot\u0159el\u00e1 atmosf\u00e9ra. Tento obraz na st\u011bnu kr\u00e1sn\u011b prosv\u011btl\u00ed prostor, dod\u00e1 mu energii a stane se v\u00fdrazn\u00fdm akcentem inspirovan\u00fdm p\u0159\u00edrodou a mal\u00ed\u0159skou volnost\u00ed.<\/p>\n","protected":false},"excerpt":{"rendered":"<p>Efektn\u00ed obraz na pl\u00e1tn\u011b s barevnou krajinou u vody v odst\u00ednech fialov\u00e9, modr\u00e9, r\u016f\u017eov\u00e9 a zelen\u00e9. Um\u011bleck\u00e1 dekorace do ob\u00fdvac\u00edho pokoje, lo\u017enice nebo kancel\u00e1\u0159e, kter\u00e1 vnese energii, sv\u011btlo a modern\u00ed styl.<\/p>\n","protected":false},"featured_media":348631,"comment_status":"closed","ping_status":"closed","template":"","meta":[],"product_brand":[],"product_cat":[74,289,86,135,68,297,105,83,89,123,254],"product_tag":[702,698,186],"class_list":{"0":"post-454147","1":"product","2":"type-product","3":"status-publish","4":"has-post-thumbnail","6":"product_cat-hotel-cs","7":"product_cat-ilustrace","8":"product_cat-kancelar","9":"product_cat-krajiny","10":"product_cat-loznice","11":"product_cat-malirsky","12":"product_cat-moderni","13":"product_cat-obyvaci-pokoj","14":"product_cat-restaurace","15":"product_cat-rostliny-a-kvetiny","16":"product_cat-zvirata-a-priroda","17":"product_tag-horizontalni","18":"product_tag-moderni-obrazy","19":"product_tag-vicebarevny","20":"pa_size-finishing-30x20-standard-cs","21":"pa_size-finishing-30x20-na-ptnie-woskim-cs","22":"pa_size-finishing-30x20-premium-print-cs","23":"pa_size-finishing-30x20-akustyczny-cs","24":"pa_size-finishing-60x40-standard-cs","25":"pa_size-finishing-60x40-na-ptnie-woskim-cs","26":"pa_size-finishing-60x40-premium-print-cs","27":"pa_size-finishing-60x40-akustyczny-cs","28":"pa_size-finishing-60x40-w-ramie-drewnianej-naturalnej-cs","29":"pa_size-finishing-60x40-w-ramie-drewnianej-czarnej-cs","30":"pa_size-finishing-90x60-standard-cs","31":"pa_size-finishing-90x60-na-ptnie-woskim-cs","32":"pa_size-finishing-90x60-premium-print-cs","33":"pa_size-finishing-90x60-akustyczny-cs","34":"pa_size-finishing-90x60-w-ramie-drewnianej-naturalnej-cs","35":"pa_size-finishing-90x60-w-ramie-drewnianej-czarnej-cs","36":"pa_size-finishing-120x80-standard-cs","37":"pa_size-finishing-120x80-na-ptnie-woskim-cs","38":"pa_size-finishing-120x80-premium-print-cs","39":"pa_size-finishing-120x80-akustyczny-cs","40":"pa_size-finishing-120x80-w-ramie-drewnianej-naturalnej-cs","41":"pa_size-finishing-120x80-w-ramie-drewnianej-czarnej-cs","43":"first","44":"instock","45":"purchasable","46":"product-type-variable","47":"has-default-attributes"},"aioseo_notices":[],"_links":{"self":[{"href":"https:\/\/interiorposter.com\/cs\/wp-json\/wp\/v2\/product\/454147","targetHints":{"allow":["GET"]}}],"collection":[{"href":"https:\/\/interiorposter.com\/cs\/wp-json\/wp\/v2\/product"}],"about":[{"href":"https:\/\/interiorposter.com\/cs\/wp-json\/wp\/v2\/types\/product"}],"replies":[{"embeddable":true,"href":"https:\/\/interiorposter.com\/cs\/wp-json\/wp\/v2\/comments?post=454147"}],"wp:featuredmedia":[{"embeddable":true,"href":"https:\/\/interiorposter.com\/cs\/wp-json\/wp\/v2\/media\/348631"}],"wp:attachment":[{"href":"https:\/\/interiorposter.com\/cs\/wp-json\/wp\/v2\/media?parent=454147"}],"wp:term":[{"taxonomy":"product_brand","embeddable":true,"href":"https:\/\/interiorposter.com\/cs\/wp-json\/wp\/v2\/product_brand?post=454147"},{"taxonomy":"product_cat","embeddable":true,"href":"https:\/\/interiorposter.com\/cs\/wp-json\/wp\/v2\/product_cat?post=454147"},{"taxonomy":"product_tag","embeddable":true,"href":"https:\/\/interiorposter.com\/cs\/wp-json\/wp\/v2\/product_tag?post=454147"}],"curies":[{"name":"wp","href":"https:\/\/api.w.org\/{rel}","templated":true}]}}