{"id":453830,"date":"2026-04-02T06:46:10","date_gmt":"2026-04-02T04:46:10","guid":{"rendered":"https:\/\/interiorposter.com\/product\/obraz-na-plotnie-jezioro-w-malarskiej-mgielce\/"},"modified":"2026-04-04T22:43:01","modified_gmt":"2026-04-04T20:43:01","slug":"obraz-na-plotnie-jezioro-w-malarskiej-mgielce","status":"publish","type":"product","link":"https:\/\/interiorposter.com\/cs\/product\/obraz-na-plotnie-jezioro-w-malarskiej-mgielce\/","title":{"rendered":"Obraz na pl\u00e1tn\u011b Jezero v mal\u00ed\u0159sk\u00e9m oparu"},"content":{"rendered":"<p>Obraz na pl\u00e1tn\u011b s motivem klidn\u00e9ho jezera obklopen\u00e9ho tmavou lini\u00ed strom\u016f okouzl\u00ed svou jemnou mal\u00ed\u0159skou formou a atmosf\u00e9rou zklidn\u011bn\u00ed. Prol\u00ednaj\u00edc\u00ed se odst\u00edny b\u00e9\u017eov\u00e9, \u0161ed\u00e9, lomen\u00e9 b\u00edl\u00e9 a tlumen\u00e9 hn\u011bd\u00e9 vytv\u00e1\u0159ej\u00ed elegantn\u00ed kompozici, kter\u00e1 vnese do interi\u00e9ru harmonii a nad\u010dasov\u00fd styl. Je to dekorace ide\u00e1ln\u00ed do ob\u00fdvac\u00edho pokoje, lo\u017enice, kancel\u00e1\u0159e, hotelu nebo restaurace, zejm\u00e9na do modern\u00edch, minimalistick\u00fdch a skandin\u00e1vsk\u00fdch interi\u00e9r\u016f. Takov\u00fd obraz na st\u011bnu kr\u00e1sn\u011b vytv\u00e1\u0159\u00ed klidnou atmosf\u00e9ru, opticky uspo\u0159\u00e1d\u00e1 prostor a st\u00e1v\u00e1 se stylov\u00fdm akcentem inspirovan\u00fdm p\u0159\u00edrodou.<\/p>\n","protected":false},"excerpt":{"rendered":"<p>Elegantn\u00ed obraz na pl\u00e1tn\u011b s motivem jezera a linie strom\u016f v tlumen\u00fdch b\u00e9\u017eov\u00fdch, \u0161ed\u00fdch a hn\u011bd\u00fdch t\u00f3nech. Jemn\u00e1 dekorace do ob\u00fdvac\u00edho pokoje, lo\u017enice nebo kancel\u00e1\u0159e, kter\u00e1 vnese harmonii a klidnou atmosf\u00e9ru.<\/p>\n","protected":false},"featured_media":348420,"comment_status":"closed","ping_status":"closed","template":"","meta":[],"product_brand":[],"product_cat":[74,86,135,68,297,102,105,83,89,111],"product_tag":[702,698,180,186],"class_list":{"0":"post-453830","1":"product","2":"type-product","3":"status-publish","4":"has-post-thumbnail","6":"product_cat-hotel-cs","7":"product_cat-kancelar","8":"product_cat-krajiny","9":"product_cat-loznice","10":"product_cat-malirsky","11":"product_cat-minimalisticky","12":"product_cat-moderni","13":"product_cat-obyvaci-pokoj","14":"product_cat-restaurace","15":"product_cat-skandinavsky","16":"product_tag-horizontalni","17":"product_tag-moderni-obrazy","18":"product_tag-seda","19":"product_tag-vicebarevny","20":"pa_size-finishing-30x20-standard-cs","21":"pa_size-finishing-30x20-na-ptnie-woskim-cs","22":"pa_size-finishing-30x20-premium-print-cs","23":"pa_size-finishing-30x20-akustyczny-cs","24":"pa_size-finishing-60x40-standard-cs","25":"pa_size-finishing-60x40-na-ptnie-woskim-cs","26":"pa_size-finishing-60x40-premium-print-cs","27":"pa_size-finishing-60x40-akustyczny-cs","28":"pa_size-finishing-60x40-w-ramie-drewnianej-naturalnej-cs","29":"pa_size-finishing-60x40-w-ramie-drewnianej-czarnej-cs","30":"pa_size-finishing-90x60-standard-cs","31":"pa_size-finishing-90x60-na-ptnie-woskim-cs","32":"pa_size-finishing-90x60-premium-print-cs","33":"pa_size-finishing-90x60-akustyczny-cs","34":"pa_size-finishing-90x60-w-ramie-drewnianej-naturalnej-cs","35":"pa_size-finishing-90x60-w-ramie-drewnianej-czarnej-cs","36":"pa_size-finishing-120x80-standard-cs","37":"pa_size-finishing-120x80-na-ptnie-woskim-cs","38":"pa_size-finishing-120x80-premium-print-cs","39":"pa_size-finishing-120x80-akustyczny-cs","40":"pa_size-finishing-120x80-w-ramie-drewnianej-naturalnej-cs","41":"pa_size-finishing-120x80-w-ramie-drewnianej-czarnej-cs","43":"first","44":"instock","45":"purchasable","46":"product-type-variable","47":"has-default-attributes"},"aioseo_notices":[],"_links":{"self":[{"href":"https:\/\/interiorposter.com\/cs\/wp-json\/wp\/v2\/product\/453830","targetHints":{"allow":["GET"]}}],"collection":[{"href":"https:\/\/interiorposter.com\/cs\/wp-json\/wp\/v2\/product"}],"about":[{"href":"https:\/\/interiorposter.com\/cs\/wp-json\/wp\/v2\/types\/product"}],"replies":[{"embeddable":true,"href":"https:\/\/interiorposter.com\/cs\/wp-json\/wp\/v2\/comments?post=453830"}],"wp:featuredmedia":[{"embeddable":true,"href":"https:\/\/interiorposter.com\/cs\/wp-json\/wp\/v2\/media\/348420"}],"wp:attachment":[{"href":"https:\/\/interiorposter.com\/cs\/wp-json\/wp\/v2\/media?parent=453830"}],"wp:term":[{"taxonomy":"product_brand","embeddable":true,"href":"https:\/\/interiorposter.com\/cs\/wp-json\/wp\/v2\/product_brand?post=453830"},{"taxonomy":"product_cat","embeddable":true,"href":"https:\/\/interiorposter.com\/cs\/wp-json\/wp\/v2\/product_cat?post=453830"},{"taxonomy":"product_tag","embeddable":true,"href":"https:\/\/interiorposter.com\/cs\/wp-json\/wp\/v2\/product_tag?post=453830"}],"curies":[{"name":"wp","href":"https:\/\/api.w.org\/{rel}","templated":true}]}}