{"id":453602,"date":"2026-04-02T06:43:02","date_gmt":"2026-04-02T04:43:02","guid":{"rendered":"https:\/\/interiorposter.com\/product\/obraz-na-plotnie-ksiezyc-nad-laka-o-zmierzchu\/"},"modified":"2026-04-04T22:37:45","modified_gmt":"2026-04-04T20:37:45","slug":"obraz-na-plotnie-ksiezyc-nad-laka-o-zmierzchu","status":"publish","type":"product","link":"https:\/\/interiorposter.com\/cs\/product\/obraz-na-plotnie-ksiezyc-nad-laka-o-zmierzchu\/","title":{"rendered":"Obraz na pl\u00e1tn\u011b M\u011bs\u00edc nad loukou za soumraku"},"content":{"rendered":"<p>Obraz na pl\u00e1tn\u011b s motivem \u00fapl\u0148ku vzn\u00e1\u0161ej\u00edc\u00edho se nad jemnou loukou okouzl\u00ed svou n\u00e1ladovou atmosf\u00e9rou a jemnou magi\u00ed ve\u010dern\u00ed krajiny. Spojen\u00ed fialov\u00fdch, r\u016f\u017eov\u00fdch, tmav\u011b modr\u00fdch a sv\u011btl\u00fdch st\u0159\u00edb\u0159it\u00fdch t\u00f3n\u016f vytv\u00e1\u0159\u00ed jedine\u010dnou kompozici, kter\u00e1 upout\u00e1 pohled a dod\u00e1 interi\u00e9ru romantick\u00fd a klidn\u00fd charakter. Je to p\u016fsobiv\u00e1 dekorace do ob\u00fdvac\u00edho pokoje, lo\u017enice, p\u0159eds\u00edn\u011b, kancel\u00e1\u0159e, hotelu nebo restaurace, ide\u00e1ln\u00ed pro modern\u00ed, minimalistick\u00e9 i um\u011blecky lad\u011bn\u00e9 interi\u00e9ry. Tento obraz na st\u011bnu kr\u00e1sn\u011b dotv\u00e1\u0159\u00ed atmosf\u00e9ru prostoru a vnese do n\u011bj n\u00e1dech tajemstv\u00ed, lehkosti a zklidn\u011bn\u00ed.<\/p>\n","protected":false},"excerpt":{"rendered":"<p>N\u00e1ladov\u00fd obraz na pl\u00e1tn\u011b s \u00fapl\u0148kem nad loukou v odst\u00ednech fialov\u00e9, r\u016f\u017eov\u00e9 a tmav\u011b modr\u00e9. Stylov\u00e1 dekorace do ob\u00fdvac\u00edho pokoje, lo\u017enice nebo kancel\u00e1\u0159e, kter\u00e1 vnese klid, magii a jedine\u010dnou atmosf\u00e9ru.<\/p>\n","protected":false},"featured_media":348201,"comment_status":"closed","ping_status":"closed","template":"","meta":[],"product_brand":[],"product_cat":[74,289,86,207,135,68,102,105,265,83,71,89,123],"product_tag":[698,271,704,186],"class_list":{"0":"post-453602","1":"product","2":"type-product","3":"status-publish","4":"has-post-thumbnail","6":"product_cat-hotel-cs","7":"product_cat-ilustrace","8":"product_cat-kancelar","9":"product_cat-konceptualni-umeni","10":"product_cat-krajiny","11":"product_cat-loznice","12":"product_cat-minimalisticky","13":"product_cat-moderni","14":"product_cat-nocni","15":"product_cat-obyvaci-pokoj","16":"product_cat-predsin","17":"product_cat-restaurace","18":"product_cat-rostliny-a-kvetiny","19":"product_tag-moderni-obrazy","20":"product_tag-tmave","21":"product_tag-vertikalni","22":"product_tag-vicebarevny","23":"pa_size-finishing-20x30-standard-cs","24":"pa_size-finishing-20x30-na-ptnie-woskim-cs","25":"pa_size-finishing-20x30-premium-print-cs","26":"pa_size-finishing-20x30-akustyczny-cs","27":"pa_size-finishing-40x60-standard-cs","28":"pa_size-finishing-40x60-na-ptnie-woskim-cs","29":"pa_size-finishing-40x60-premium-print-cs","30":"pa_size-finishing-40x60-akustyczny-cs","31":"pa_size-finishing-40x60-w-ramie-drewnianej-naturalnej-cs","32":"pa_size-finishing-40x60-w-ramie-drewnianej-czarnej-cs","33":"pa_size-finishing-60x90-standard-cs","34":"pa_size-finishing-60x90-na-ptnie-woskim-cs","35":"pa_size-finishing-60x90-premium-print-cs","36":"pa_size-finishing-60x90-akustyczny-cs","37":"pa_size-finishing-60x90-w-ramie-drewnianej-naturalnej-cs","38":"pa_size-finishing-60x90-w-ramie-drewnianej-czarnej-cs","39":"pa_size-finishing-80x120-standard-cs","40":"pa_size-finishing-80x120-na-ptnie-woskim-cs","41":"pa_size-finishing-80x120-premium-print-cs","42":"pa_size-finishing-80x120-akustyczny-cs","43":"pa_size-finishing-80x120-w-ramie-drewnianej-naturalnej-cs","44":"pa_size-finishing-80x120-w-ramie-drewnianej-czarnej-cs","46":"first","47":"instock","48":"purchasable","49":"product-type-variable","50":"has-default-attributes"},"aioseo_notices":[],"_links":{"self":[{"href":"https:\/\/interiorposter.com\/cs\/wp-json\/wp\/v2\/product\/453602","targetHints":{"allow":["GET"]}}],"collection":[{"href":"https:\/\/interiorposter.com\/cs\/wp-json\/wp\/v2\/product"}],"about":[{"href":"https:\/\/interiorposter.com\/cs\/wp-json\/wp\/v2\/types\/product"}],"replies":[{"embeddable":true,"href":"https:\/\/interiorposter.com\/cs\/wp-json\/wp\/v2\/comments?post=453602"}],"wp:featuredmedia":[{"embeddable":true,"href":"https:\/\/interiorposter.com\/cs\/wp-json\/wp\/v2\/media\/348201"}],"wp:attachment":[{"href":"https:\/\/interiorposter.com\/cs\/wp-json\/wp\/v2\/media?parent=453602"}],"wp:term":[{"taxonomy":"product_brand","embeddable":true,"href":"https:\/\/interiorposter.com\/cs\/wp-json\/wp\/v2\/product_brand?post=453602"},{"taxonomy":"product_cat","embeddable":true,"href":"https:\/\/interiorposter.com\/cs\/wp-json\/wp\/v2\/product_cat?post=453602"},{"taxonomy":"product_tag","embeddable":true,"href":"https:\/\/interiorposter.com\/cs\/wp-json\/wp\/v2\/product_tag?post=453602"}],"curies":[{"name":"wp","href":"https:\/\/api.w.org\/{rel}","templated":true}]}}