{"id":453224,"date":"2026-04-02T06:40:02","date_gmt":"2026-04-02T04:40:02","guid":{"rendered":"https:\/\/interiorposter.com\/product\/obraz-na-plotnie-samotne-drzewo-w-pastelowym-pejzazu\/"},"modified":"2026-04-04T22:32:11","modified_gmt":"2026-04-04T20:32:11","slug":"obraz-na-plotnie-samotne-drzewo-w-pastelowym-pejzazu","status":"publish","type":"product","link":"https:\/\/interiorposter.com\/cs\/product\/obraz-na-plotnie-samotne-drzewo-w-pastelowym-pejzazu\/","title":{"rendered":"Obraz na pl\u00e1tn\u011b Osam\u011bl\u00fd strom v pastelov\u00e9 krajin\u011b"},"content":{"rendered":"<p>Obraz na pl\u00e1tn\u011b s motivem osam\u011bl\u00e9ho stromu odr\u00e1\u017eej\u00edc\u00edho se na klidn\u00e9 hladin\u011b vody okouzl\u00ed lehkost\u00ed, tichem a jemnou eleganc\u00ed. Delik\u00e1tn\u00ed kompozice v odst\u00ednech pudrov\u011b r\u016f\u017eov\u00e9, sv\u011btle b\u00e9\u017eov\u00e9, \u0161ed\u00e9 a jemn\u011b modr\u00e9 vnese do interi\u00e9ru harmonii i pocit prostoru. Je to v\u00fdjime\u010dn\u00e1 dekorace do ob\u00fdvac\u00edho pokoje, lo\u017enice, p\u0159eds\u00edn\u011b, kancel\u00e1\u0159e nebo hotelu, ide\u00e1ln\u00ed pro modern\u00ed, minimalistick\u00e9 a skandin\u00e1vsk\u00e9 interi\u00e9ry. Tento obraz na st\u011bnu pom\u00e1h\u00e1 vytvo\u0159it klidnou a vyt\u0159\u00edbenou atmosf\u00e9ru a st\u00e1v\u00e1 se kr\u00e1sn\u00fdm akcentem pro prostory inspirovan\u00e9 p\u0159\u00edrodou a jemnou barevnost\u00ed.<\/p>\n","protected":false},"excerpt":{"rendered":"<p>Jemn\u00fd obraz na pl\u00e1tn\u011b s osam\u011bl\u00fdm stromem a jeho odrazem ve vod\u011b v pastelov\u00fdch odst\u00ednech r\u016f\u017eov\u00e9, b\u00e9\u017eov\u00e9 a modr\u00e9. Elegantn\u00ed dekorace do ob\u00fdvac\u00edho pokoje, lo\u017enice nebo kancel\u00e1\u0159e, kter\u00e1 vnese klid a lehkost.<\/p>\n","protected":false},"featured_media":347982,"comment_status":"closed","ping_status":"closed","template":"","meta":[],"product_brand":[],"product_cat":[74,86,135,68,297,102,105,83,71,123,111],"product_tag":[698,277,274,704],"class_list":{"0":"post-453224","1":"product","2":"type-product","3":"status-publish","4":"has-post-thumbnail","6":"product_cat-hotel-cs","7":"product_cat-kancelar","8":"product_cat-krajiny","9":"product_cat-loznice","10":"product_cat-malirsky","11":"product_cat-minimalisticky","12":"product_cat-moderni","13":"product_cat-obyvaci-pokoj","14":"product_cat-predsin","15":"product_cat-rostliny-a-kvetiny","16":"product_cat-skandinavsky","17":"product_tag-moderni-obrazy","18":"product_tag-pastelove","19":"product_tag-svetle","20":"product_tag-vertikalni","21":"pa_size-finishing-20x30-standard-cs","22":"pa_size-finishing-20x30-na-ptnie-woskim-cs","23":"pa_size-finishing-20x30-premium-print-cs","24":"pa_size-finishing-20x30-akustyczny-cs","25":"pa_size-finishing-40x60-standard-cs","26":"pa_size-finishing-40x60-na-ptnie-woskim-cs","27":"pa_size-finishing-40x60-premium-print-cs","28":"pa_size-finishing-40x60-akustyczny-cs","29":"pa_size-finishing-40x60-w-ramie-drewnianej-naturalnej-cs","30":"pa_size-finishing-40x60-w-ramie-drewnianej-czarnej-cs","31":"pa_size-finishing-60x90-standard-cs","32":"pa_size-finishing-60x90-na-ptnie-woskim-cs","33":"pa_size-finishing-60x90-premium-print-cs","34":"pa_size-finishing-60x90-akustyczny-cs","35":"pa_size-finishing-60x90-w-ramie-drewnianej-naturalnej-cs","36":"pa_size-finishing-60x90-w-ramie-drewnianej-czarnej-cs","37":"pa_size-finishing-80x120-standard-cs","38":"pa_size-finishing-80x120-na-ptnie-woskim-cs","39":"pa_size-finishing-80x120-premium-print-cs","40":"pa_size-finishing-80x120-akustyczny-cs","41":"pa_size-finishing-80x120-w-ramie-drewnianej-naturalnej-cs","42":"pa_size-finishing-80x120-w-ramie-drewnianej-czarnej-cs","44":"first","45":"instock","46":"purchasable","47":"product-type-variable","48":"has-default-attributes"},"aioseo_notices":[],"_links":{"self":[{"href":"https:\/\/interiorposter.com\/cs\/wp-json\/wp\/v2\/product\/453224","targetHints":{"allow":["GET"]}}],"collection":[{"href":"https:\/\/interiorposter.com\/cs\/wp-json\/wp\/v2\/product"}],"about":[{"href":"https:\/\/interiorposter.com\/cs\/wp-json\/wp\/v2\/types\/product"}],"replies":[{"embeddable":true,"href":"https:\/\/interiorposter.com\/cs\/wp-json\/wp\/v2\/comments?post=453224"}],"wp:featuredmedia":[{"embeddable":true,"href":"https:\/\/interiorposter.com\/cs\/wp-json\/wp\/v2\/media\/347982"}],"wp:attachment":[{"href":"https:\/\/interiorposter.com\/cs\/wp-json\/wp\/v2\/media?parent=453224"}],"wp:term":[{"taxonomy":"product_brand","embeddable":true,"href":"https:\/\/interiorposter.com\/cs\/wp-json\/wp\/v2\/product_brand?post=453224"},{"taxonomy":"product_cat","embeddable":true,"href":"https:\/\/interiorposter.com\/cs\/wp-json\/wp\/v2\/product_cat?post=453224"},{"taxonomy":"product_tag","embeddable":true,"href":"https:\/\/interiorposter.com\/cs\/wp-json\/wp\/v2\/product_tag?post=453224"}],"curies":[{"name":"wp","href":"https:\/\/api.w.org\/{rel}","templated":true}]}}