{"id":452976,"date":"2026-04-02T06:37:07","date_gmt":"2026-04-02T04:37:07","guid":{"rendered":"https:\/\/interiorposter.com\/product\/szeroki-obraz-na-plotnie-mglisty-las-nad-jeziorem\/"},"modified":"2026-04-04T22:24:24","modified_gmt":"2026-04-04T20:24:24","slug":"szeroki-obraz-na-plotnie-mglisty-las-nad-jeziorem","status":"publish","type":"product","link":"https:\/\/interiorposter.com\/cs\/product\/szeroki-obraz-na-plotnie-mglisty-las-nad-jeziorem\/","title":{"rendered":"\u0160irok\u00fd obraz na pl\u00e1tn\u011b Mlhav\u00fd les u jezera"},"content":{"rendered":"<p>\u0160irok\u00fd obraz na pl\u00e1tn\u011b s motivem mlhav\u00e9ho lesa odr\u00e1\u017eej\u00edc\u00edho se na klidn\u00e9 hladin\u011b jezera vnese do interi\u00e9ru atmosf\u00e9ru ticha, harmonie a p\u0159irozen\u00e9 elegance. Jemn\u00e9 p\u0159echody \u0161ed\u00e9, lomen\u00e9 b\u00edl\u00e9, b\u00e9\u017eov\u00e9 a tlumen\u00e9 zelen\u00e9 vytv\u00e1\u0159ej\u00ed sv\u011btlou a subtiln\u00ed kompozici, kter\u00e1 kr\u00e1sn\u011b podtrhne charakter modern\u00edch interi\u00e9r\u016f. Takov\u00fd obraz do ob\u00fdvac\u00edho pokoje se skv\u011ble hod\u00ed tak\u00e9 do lo\u017enice, kancel\u00e1\u0159e, p\u0159eds\u00edn\u011b, hotelu nebo restaurace a dod\u00e1 prostoru lehkost i vyt\u0159\u00edbenou atmosf\u00e9ru. Je to stylov\u00e1 dekorace na st\u011bnu pro v\u0161echny, kdo oce\u0148uj\u00ed p\u0159\u00edrodu, klid a nad\u010dasovou kr\u00e1su.<\/p>\n","protected":false},"excerpt":{"rendered":"<p>\u0160irok\u00fd obraz na pl\u00e1tn\u011b s mlhav\u00fdm lesem u jezera v \u0161edo b\u00e9\u017eov\u00fdch t\u00f3nech. Elegantn\u00ed dekorace do ob\u00fdvac\u00edho pokoje, lo\u017enice nebo kancel\u00e1\u0159e, kter\u00e1 vnese klid, harmonii a p\u0159\u00edrodn\u00ed atmosf\u00e9ru.<\/p>\n","protected":false},"featured_media":347771,"comment_status":"closed","ping_status":"closed","template":"","meta":[],"product_brand":[],"product_cat":[108,74,86,135,68,297,105,83,71,89,123,111,254],"product_tag":[702,698,915,180],"class_list":{"0":"post-452976","1":"product","2":"type-product","3":"status-publish","4":"has-post-thumbnail","6":"product_cat-fotografie","7":"product_cat-hotel-cs","8":"product_cat-kancelar","9":"product_cat-krajiny","10":"product_cat-loznice","11":"product_cat-malirsky","12":"product_cat-moderni","13":"product_cat-obyvaci-pokoj","14":"product_cat-predsin","15":"product_cat-restaurace","16":"product_cat-rostliny-a-kvetiny","17":"product_cat-skandinavsky","18":"product_cat-zvirata-a-priroda","19":"product_tag-horizontalni","20":"product_tag-moderni-obrazy","21":"product_tag-panoramaticke","22":"product_tag-seda","23":"pa_size-finishing-120x40-akustyczny-cs","24":"pa_size-finishing-120x40-na-ptnie-woskim-cs","25":"pa_size-finishing-120x40-premium-print-cs","26":"pa_size-finishing-120x40-standard-cs","27":"pa_size-finishing-120x40-w-ramie-drewnianej-czarnej-cs","28":"pa_size-finishing-120x40-w-ramie-drewnianej-naturalnej-cs","29":"pa_size-finishing-135x45-akustyczny-cs","30":"pa_size-finishing-135x45-na-ptnie-woskim-cs","31":"pa_size-finishing-135x45-premium-print-cs","32":"pa_size-finishing-135x45-standard-cs","33":"pa_size-finishing-150x50-akustyczny-cs","34":"pa_size-finishing-150x50-na-ptnie-woskim-cs","35":"pa_size-finishing-150x50-premium-print-cs","36":"pa_size-finishing-150x50-standard-cs","37":"pa_size-finishing-150x50-w-ramie-drewnianej-czarnej-cs","38":"pa_size-finishing-150x50-w-ramie-drewnianej-naturalnej-cs","39":"pa_size-finishing-90x30-akustyczny-cs","40":"pa_size-finishing-90x30-na-ptnie-woskim-cs","41":"pa_size-finishing-90x30-premium-print-cs","42":"pa_size-finishing-90x30-standard-cs","43":"pa_size-finishing-90x30-w-ramie-drewnianej-czarnej-cs","44":"pa_size-finishing-90x30-w-ramie-drewnianej-naturalnej-cs","46":"first","47":"instock","48":"purchasable","49":"product-type-variable","50":"has-default-attributes"},"aioseo_notices":[],"_links":{"self":[{"href":"https:\/\/interiorposter.com\/cs\/wp-json\/wp\/v2\/product\/452976","targetHints":{"allow":["GET"]}}],"collection":[{"href":"https:\/\/interiorposter.com\/cs\/wp-json\/wp\/v2\/product"}],"about":[{"href":"https:\/\/interiorposter.com\/cs\/wp-json\/wp\/v2\/types\/product"}],"replies":[{"embeddable":true,"href":"https:\/\/interiorposter.com\/cs\/wp-json\/wp\/v2\/comments?post=452976"}],"wp:featuredmedia":[{"embeddable":true,"href":"https:\/\/interiorposter.com\/cs\/wp-json\/wp\/v2\/media\/347771"}],"wp:attachment":[{"href":"https:\/\/interiorposter.com\/cs\/wp-json\/wp\/v2\/media?parent=452976"}],"wp:term":[{"taxonomy":"product_brand","embeddable":true,"href":"https:\/\/interiorposter.com\/cs\/wp-json\/wp\/v2\/product_brand?post=452976"},{"taxonomy":"product_cat","embeddable":true,"href":"https:\/\/interiorposter.com\/cs\/wp-json\/wp\/v2\/product_cat?post=452976"},{"taxonomy":"product_tag","embeddable":true,"href":"https:\/\/interiorposter.com\/cs\/wp-json\/wp\/v2\/product_tag?post=452976"}],"curies":[{"name":"wp","href":"https:\/\/api.w.org\/{rel}","templated":true}]}}