{"id":452827,"date":"2026-04-02T06:19:30","date_gmt":"2026-04-02T04:19:30","guid":{"rendered":"https:\/\/interiorposter.com\/product\/obraz-na-plotnie-pustynne-wydmy-w-bezowych-tonach\/"},"modified":"2026-04-04T22:18:44","modified_gmt":"2026-04-04T20:18:44","slug":"obraz-na-plotnie-pustynne-wydmy-w-bezowych-tonach","status":"publish","type":"product","link":"https:\/\/interiorposter.com\/cs\/product\/obraz-na-plotnie-pustynne-wydmy-w-bezowych-tonach\/","title":{"rendered":"Obraz na pl\u00e1tn\u011b Pou\u0161tn\u00ed duny v b\u00e9\u017eov\u00fdch t\u00f3nech"},"content":{"rendered":"<p>Obraz na pl\u00e1tn\u011b s motivem jemn\u00fdch pou\u0161tn\u00edch dun okouzl\u00ed klidem, lehkost\u00ed a nen\u00e1padnou eleganc\u00ed. Plynul\u00e9 linie p\u00edsku a jemn\u00e9 p\u0159echody b\u00e9\u017eov\u00e9, p\u00edskov\u011b hn\u011bd\u00e9 a sv\u011btl\u00fdch nude odst\u00edn\u016f vytv\u00e1\u0159ej\u00ed harmonickou kompozici, kter\u00e1 interi\u00e9r opticky zklid\u0148uje a dod\u00e1v\u00e1 mu modern\u00ed charakter. Je to stylov\u00e1 dekorace do ob\u00fdvac\u00edho pokoje, lo\u017enice, p\u0159eds\u00edn\u011b, kancel\u00e1\u0159e, hotelu nebo restaurace, ide\u00e1ln\u00ed pro minimalistick\u00e9, skandin\u00e1vsk\u00e9 a modern\u00ed interi\u00e9ry. Tento obraz na st\u011bnu kr\u00e1sn\u011b z\u00fatuln\u00ed prostor, vnese atmosf\u00e9ru relaxace a stane se elegantn\u00edm akcentem inspirovan\u00fdm p\u0159\u00edrodou.<\/p>\n","protected":false},"excerpt":{"rendered":"<p>Jemn\u00fd obraz na pl\u00e1tn\u011b s motivem pou\u0161tn\u00edch dun v b\u00e9\u017eov\u00fdch a p\u00edskov\u00fdch t\u00f3nech. Elegantn\u00ed dekorace do ob\u00fdvac\u00edho pokoje, lo\u017enice nebo kancel\u00e1\u0159e, kter\u00e1 vnese klid, lehkost a modern\u00ed styl.<\/p>\n","protected":false},"featured_media":346489,"comment_status":"closed","ping_status":"closed","template":"","meta":[],"product_brand":[],"product_cat":[108,74,86,135,68,102,105,83,71,89,111,254],"product_tag":[698,277,274,704],"class_list":{"0":"post-452827","1":"product","2":"type-product","3":"status-publish","4":"has-post-thumbnail","6":"product_cat-fotografie","7":"product_cat-hotel-cs","8":"product_cat-kancelar","9":"product_cat-krajiny","10":"product_cat-loznice","11":"product_cat-minimalisticky","12":"product_cat-moderni","13":"product_cat-obyvaci-pokoj","14":"product_cat-predsin","15":"product_cat-restaurace","16":"product_cat-skandinavsky","17":"product_cat-zvirata-a-priroda","18":"product_tag-moderni-obrazy","19":"product_tag-pastelove","20":"product_tag-svetle","21":"product_tag-vertikalni","22":"pa_size-finishing-20x30-standard-cs","23":"pa_size-finishing-20x30-na-ptnie-woskim-cs","24":"pa_size-finishing-20x30-premium-print-cs","25":"pa_size-finishing-20x30-akustyczny-cs","26":"pa_size-finishing-40x60-standard-cs","27":"pa_size-finishing-40x60-na-ptnie-woskim-cs","28":"pa_size-finishing-40x60-premium-print-cs","29":"pa_size-finishing-40x60-akustyczny-cs","30":"pa_size-finishing-40x60-w-ramie-drewnianej-naturalnej-cs","31":"pa_size-finishing-40x60-w-ramie-drewnianej-czarnej-cs","32":"pa_size-finishing-60x90-standard-cs","33":"pa_size-finishing-60x90-na-ptnie-woskim-cs","34":"pa_size-finishing-60x90-premium-print-cs","35":"pa_size-finishing-60x90-akustyczny-cs","36":"pa_size-finishing-60x90-w-ramie-drewnianej-naturalnej-cs","37":"pa_size-finishing-60x90-w-ramie-drewnianej-czarnej-cs","38":"pa_size-finishing-80x120-standard-cs","39":"pa_size-finishing-80x120-na-ptnie-woskim-cs","40":"pa_size-finishing-80x120-premium-print-cs","41":"pa_size-finishing-80x120-akustyczny-cs","42":"pa_size-finishing-80x120-w-ramie-drewnianej-naturalnej-cs","43":"pa_size-finishing-80x120-w-ramie-drewnianej-czarnej-cs","45":"first","46":"instock","47":"product-type-variable","48":"has-default-attributes"},"aioseo_notices":[],"_links":{"self":[{"href":"https:\/\/interiorposter.com\/cs\/wp-json\/wp\/v2\/product\/452827","targetHints":{"allow":["GET"]}}],"collection":[{"href":"https:\/\/interiorposter.com\/cs\/wp-json\/wp\/v2\/product"}],"about":[{"href":"https:\/\/interiorposter.com\/cs\/wp-json\/wp\/v2\/types\/product"}],"replies":[{"embeddable":true,"href":"https:\/\/interiorposter.com\/cs\/wp-json\/wp\/v2\/comments?post=452827"}],"wp:featuredmedia":[{"embeddable":true,"href":"https:\/\/interiorposter.com\/cs\/wp-json\/wp\/v2\/media\/346489"}],"wp:attachment":[{"href":"https:\/\/interiorposter.com\/cs\/wp-json\/wp\/v2\/media?parent=452827"}],"wp:term":[{"taxonomy":"product_brand","embeddable":true,"href":"https:\/\/interiorposter.com\/cs\/wp-json\/wp\/v2\/product_brand?post=452827"},{"taxonomy":"product_cat","embeddable":true,"href":"https:\/\/interiorposter.com\/cs\/wp-json\/wp\/v2\/product_cat?post=452827"},{"taxonomy":"product_tag","embeddable":true,"href":"https:\/\/interiorposter.com\/cs\/wp-json\/wp\/v2\/product_tag?post=452827"}],"curies":[{"name":"wp","href":"https:\/\/api.w.org\/{rel}","templated":true}]}}