{"id":452522,"date":"2026-04-02T05:55:38","date_gmt":"2026-04-02T03:55:38","guid":{"rendered":"https:\/\/interiorposter.com\/product\/obraz-na-plotnie-falochron-o-swicie-nad-morzem\/"},"modified":"2026-04-04T22:13:14","modified_gmt":"2026-04-04T20:13:14","slug":"obraz-na-plotnie-falochron-o-swicie-nad-morzem","status":"publish","type":"product","link":"https:\/\/interiorposter.com\/cs\/product\/obraz-na-plotnie-falochron-o-swicie-nad-morzem\/","title":{"rendered":"Obraz na pl\u00e1tn\u011b Vlnolam za sv\u00edt\u00e1n\u00ed u mo\u0159e"},"content":{"rendered":"<p>Obraz na pl\u00e1tn\u011b s motivem d\u0159ev\u011bn\u00fdch k\u016fl\u016f vlnolamu pono\u0159en\u00fdch do klidn\u00e9 vody zaujme svou minimalistickou formou a v\u00fdjime\u010dn\u011b uklid\u0148uj\u00edc\u00ed atmosf\u00e9rou. Jemn\u00e9 p\u0159echody b\u00e9\u017eov\u00e9, hn\u011bd\u00e9 a \u0161ed\u00e9 vytv\u00e1\u0159ej\u00ed elegantn\u00ed, sv\u011btlou kompozici inspirovanou mo\u0159em a pob\u0159e\u017e\u00edm. Je to dekorace, kter\u00e1 kr\u00e1sn\u011b podtrhne charakter ob\u00fdvac\u00edho pokoje, lo\u017enice, p\u0159eds\u00edn\u011b, kancel\u00e1\u0159e, hotelu nebo restaurace a vnese do interi\u00e9ru harmonii i jemnou hloubku. Tento obraz na st\u011bnu se skv\u011ble hod\u00ed do modern\u00edch, skandin\u00e1vsk\u00fdch i minimalistick\u00fdch interi\u00e9r\u016f a dod\u00e1v\u00e1 prostoru klid, eleganci a nad\u010dasov\u00fd styl.<\/p>\n","protected":false},"excerpt":{"rendered":"<p>Elegantn\u00ed obraz na pl\u00e1tn\u011b s motivem d\u0159ev\u011bn\u00fdch k\u016fl\u016f vlnolamu u klidn\u00e9ho mo\u0159e v b\u00e9\u017eovo hn\u011bd\u00fdch t\u00f3nech. Stylov\u00e1 dekorace do ob\u00fdvac\u00edho pokoje, lo\u017enice nebo kancel\u00e1\u0159e, kter\u00e1 vnese harmonii a uklid\u0148uj\u00edc\u00ed atmosf\u00e9ru.<\/p>\n","protected":false},"featured_media":344745,"comment_status":"closed","ping_status":"closed","template":"","meta":[],"product_brand":[],"product_cat":[108,74,132,86,135,68,102,105,141,83,71,89,111],"product_tag":[698,704,186],"class_list":{"0":"post-452522","1":"product","2":"type-product","3":"status-publish","4":"has-post-thumbnail","6":"product_cat-fotografie","7":"product_cat-hotel-cs","8":"product_cat-industrialni","9":"product_cat-kancelar","10":"product_cat-krajiny","11":"product_cat-loznice","12":"product_cat-minimalisticky","13":"product_cat-moderni","14":"product_cat-more-a-pobrezi","15":"product_cat-obyvaci-pokoj","16":"product_cat-predsin","17":"product_cat-restaurace","18":"product_cat-skandinavsky","19":"product_tag-moderni-obrazy","20":"product_tag-vertikalni","21":"product_tag-vicebarevny","22":"pa_size-finishing-20x30-standard-cs","23":"pa_size-finishing-20x30-na-ptnie-woskim-cs","24":"pa_size-finishing-20x30-premium-print-cs","25":"pa_size-finishing-20x30-akustyczny-cs","26":"pa_size-finishing-40x60-standard-cs","27":"pa_size-finishing-40x60-na-ptnie-woskim-cs","28":"pa_size-finishing-40x60-premium-print-cs","29":"pa_size-finishing-40x60-akustyczny-cs","30":"pa_size-finishing-40x60-w-ramie-drewnianej-naturalnej-cs","31":"pa_size-finishing-40x60-w-ramie-drewnianej-czarnej-cs","32":"pa_size-finishing-60x90-standard-cs","33":"pa_size-finishing-60x90-na-ptnie-woskim-cs","34":"pa_size-finishing-60x90-premium-print-cs","35":"pa_size-finishing-60x90-akustyczny-cs","36":"pa_size-finishing-60x90-w-ramie-drewnianej-naturalnej-cs","37":"pa_size-finishing-60x90-w-ramie-drewnianej-czarnej-cs","38":"pa_size-finishing-80x120-standard-cs","39":"pa_size-finishing-80x120-na-ptnie-woskim-cs","40":"pa_size-finishing-80x120-premium-print-cs","41":"pa_size-finishing-80x120-akustyczny-cs","42":"pa_size-finishing-80x120-w-ramie-drewnianej-naturalnej-cs","43":"pa_size-finishing-80x120-w-ramie-drewnianej-czarnej-cs","45":"first","46":"instock","47":"purchasable","48":"product-type-variable","49":"has-default-attributes"},"aioseo_notices":[],"_links":{"self":[{"href":"https:\/\/interiorposter.com\/cs\/wp-json\/wp\/v2\/product\/452522","targetHints":{"allow":["GET"]}}],"collection":[{"href":"https:\/\/interiorposter.com\/cs\/wp-json\/wp\/v2\/product"}],"about":[{"href":"https:\/\/interiorposter.com\/cs\/wp-json\/wp\/v2\/types\/product"}],"replies":[{"embeddable":true,"href":"https:\/\/interiorposter.com\/cs\/wp-json\/wp\/v2\/comments?post=452522"}],"wp:featuredmedia":[{"embeddable":true,"href":"https:\/\/interiorposter.com\/cs\/wp-json\/wp\/v2\/media\/344745"}],"wp:attachment":[{"href":"https:\/\/interiorposter.com\/cs\/wp-json\/wp\/v2\/media?parent=452522"}],"wp:term":[{"taxonomy":"product_brand","embeddable":true,"href":"https:\/\/interiorposter.com\/cs\/wp-json\/wp\/v2\/product_brand?post=452522"},{"taxonomy":"product_cat","embeddable":true,"href":"https:\/\/interiorposter.com\/cs\/wp-json\/wp\/v2\/product_cat?post=452522"},{"taxonomy":"product_tag","embeddable":true,"href":"https:\/\/interiorposter.com\/cs\/wp-json\/wp\/v2\/product_tag?post=452522"}],"curies":[{"name":"wp","href":"https:\/\/api.w.org\/{rel}","templated":true}]}}