{"id":452130,"date":"2026-04-04T03:05:04","date_gmt":"2026-04-04T01:05:04","guid":{"rendered":"https:\/\/interiorposter.com\/product\/obraz-na-plotnie-mglisty-las-w-bezach-i-brazach\/"},"modified":"2026-04-04T21:58:19","modified_gmt":"2026-04-04T19:58:19","slug":"obraz-na-plotnie-mglisty-las-w-bezach-i-brazach","status":"publish","type":"product","link":"https:\/\/interiorposter.com\/cs\/product\/obraz-na-plotnie-mglisty-las-w-bezach-i-brazach\/","title":{"rendered":"Obraz na pl\u00e1tn\u011b Mlhav\u00fd les v b\u00e9\u017eov\u00e9 a hn\u011bd\u00e9"},"content":{"rendered":"<p>Obraz na pl\u00e1tn\u011b s motivem mlhav\u00e9ho lesa okouzl\u00ed jemnou atmosf\u00e9rou klidu a p\u0159irozen\u00e9 elegance. Lehce se prol\u00ednaj\u00edc\u00ed stromy, tr\u00e1vy a m\u011bkk\u00e9 sv\u011btlo vytv\u00e1\u0159ej\u00ed kompozici, kter\u00e1 do interi\u00e9ru vnese harmonii a pocit lehkosti. B\u00e9\u017eovo hn\u011bd\u00e1 paleta s n\u00e1dechem \u0161ed\u00e9 se skv\u011ble hod\u00ed do ob\u00fdvac\u00edho pokoje, lo\u017enice, p\u0159eds\u00edn\u011b, kancel\u00e1\u0159e, hotelu nebo restaurace. Je to skv\u011bl\u00e1 volba pro ka\u017ed\u00e9ho, kdo hled\u00e1 stylovou dekoraci na st\u011bnu spojuj\u00edc\u00ed p\u0159\u00edrodu s nad\u010dasov\u00fdm charakterem. Tento obraz do ob\u00fdvac\u00edho pokoje kr\u00e1sn\u011b z\u00fatuln\u00ed prostor a pom\u016f\u017ee vytvo\u0159it p\u0159\u00edjemnou a uklid\u0148uj\u00edc\u00ed atmosf\u00e9ru.<\/p>\n","protected":false},"excerpt":{"rendered":"<p>Jemn\u00fd obraz na pl\u00e1tn\u011b s motivem mlhav\u00e9ho lesa v b\u00e9\u017eov\u00fdch, hn\u011bd\u00fdch a \u0161ed\u00fdch t\u00f3nech. Elegantn\u00ed dekorace na st\u011bnu do ob\u00fdvac\u00edho pokoje, lo\u017enice nebo kancel\u00e1\u0159e, kter\u00e1 vnese klid a p\u0159\u00edrodn\u00ed atmosf\u00e9ru.<\/p>\n","protected":false},"featured_media":424468,"comment_status":"closed","ping_status":"closed","template":"","meta":[],"product_brand":[],"product_cat":[108,74,86,135,68,297,105,83,71,89,123,111,254],"product_tag":[702,698,186],"class_list":{"0":"post-452130","1":"product","2":"type-product","3":"status-publish","4":"has-post-thumbnail","6":"product_cat-fotografie","7":"product_cat-hotel-cs","8":"product_cat-kancelar","9":"product_cat-krajiny","10":"product_cat-loznice","11":"product_cat-malirsky","12":"product_cat-moderni","13":"product_cat-obyvaci-pokoj","14":"product_cat-predsin","15":"product_cat-restaurace","16":"product_cat-rostliny-a-kvetiny","17":"product_cat-skandinavsky","18":"product_cat-zvirata-a-priroda","19":"product_tag-horizontalni","20":"product_tag-moderni-obrazy","21":"product_tag-vicebarevny","22":"pa_size-finishing-30x20-standard-cs","23":"pa_size-finishing-30x20-na-ptnie-woskim-cs","24":"pa_size-finishing-30x20-premium-print-cs","25":"pa_size-finishing-30x20-akustyczny-cs","26":"pa_size-finishing-60x40-standard-cs","27":"pa_size-finishing-60x40-na-ptnie-woskim-cs","28":"pa_size-finishing-60x40-premium-print-cs","29":"pa_size-finishing-60x40-akustyczny-cs","30":"pa_size-finishing-60x40-w-ramie-drewnianej-naturalnej-cs","31":"pa_size-finishing-60x40-w-ramie-drewnianej-czarnej-cs","32":"pa_size-finishing-90x60-standard-cs","33":"pa_size-finishing-90x60-na-ptnie-woskim-cs","34":"pa_size-finishing-90x60-premium-print-cs","35":"pa_size-finishing-90x60-akustyczny-cs","36":"pa_size-finishing-90x60-w-ramie-drewnianej-naturalnej-cs","37":"pa_size-finishing-90x60-w-ramie-drewnianej-czarnej-cs","38":"pa_size-finishing-120x80-standard-cs","39":"pa_size-finishing-120x80-na-ptnie-woskim-cs","40":"pa_size-finishing-120x80-premium-print-cs","41":"pa_size-finishing-120x80-akustyczny-cs","42":"pa_size-finishing-120x80-w-ramie-drewnianej-naturalnej-cs","43":"pa_size-finishing-120x80-w-ramie-drewnianej-czarnej-cs","45":"first","46":"instock","47":"purchasable","48":"product-type-variable","49":"has-default-attributes"},"aioseo_notices":[],"_links":{"self":[{"href":"https:\/\/interiorposter.com\/cs\/wp-json\/wp\/v2\/product\/452130","targetHints":{"allow":["GET"]}}],"collection":[{"href":"https:\/\/interiorposter.com\/cs\/wp-json\/wp\/v2\/product"}],"about":[{"href":"https:\/\/interiorposter.com\/cs\/wp-json\/wp\/v2\/types\/product"}],"replies":[{"embeddable":true,"href":"https:\/\/interiorposter.com\/cs\/wp-json\/wp\/v2\/comments?post=452130"}],"wp:featuredmedia":[{"embeddable":true,"href":"https:\/\/interiorposter.com\/cs\/wp-json\/wp\/v2\/media\/424468"}],"wp:attachment":[{"href":"https:\/\/interiorposter.com\/cs\/wp-json\/wp\/v2\/media?parent=452130"}],"wp:term":[{"taxonomy":"product_brand","embeddable":true,"href":"https:\/\/interiorposter.com\/cs\/wp-json\/wp\/v2\/product_brand?post=452130"},{"taxonomy":"product_cat","embeddable":true,"href":"https:\/\/interiorposter.com\/cs\/wp-json\/wp\/v2\/product_cat?post=452130"},{"taxonomy":"product_tag","embeddable":true,"href":"https:\/\/interiorposter.com\/cs\/wp-json\/wp\/v2\/product_tag?post=452130"}],"curies":[{"name":"wp","href":"https:\/\/api.w.org\/{rel}","templated":true}]}}