{"id":424972,"date":"2026-04-02T03:52:24","date_gmt":"2026-04-02T01:52:24","guid":{"rendered":"https:\/\/interiorposter.com\/product\/obraz-na-plotnie-refleksy-na-tafli-wody\/"},"modified":"2026-04-04T03:18:55","modified_gmt":"2026-04-04T01:18:55","slug":"obraz-na-plotnie-refleksy-na-tafli-wody","status":"publish","type":"product","link":"https:\/\/interiorposter.com\/cs\/product\/obraz-na-plotnie-refleksy-na-tafli-wody\/","title":{"rendered":"Obraz na pl\u00e1tn\u011b Odlesky na vodn\u00ed hladin\u011b"},"content":{"rendered":"<p>Jemn\u00fd obraz na pl\u00e1tn\u011b zobrazuj\u00edc\u00ed vodn\u00ed hladinu s jemn\u00fdmi odlesky a roz\u0161i\u0159uj\u00edc\u00edmi se kruhy vnese do interi\u00e9ru klid, lehkost a elegantn\u00ed harmonii. Sv\u011btl\u00e1, tlumen\u00e1 kompozice zalo\u017een\u00e1 na odst\u00ednech b\u00edl\u00e9, \u0161ed\u00e9 a jemn\u011b ztlumen\u00e9 \u010dern\u00e9 vytv\u00e1\u0159\u00ed modern\u00ed dekoraci s uklid\u0148uj\u00edc\u00edm charakterem. Je to stylov\u00fd obraz do ob\u00fdvac\u00edho pokoje, lo\u017enice, koupelny, hotelu nebo kancel\u00e1\u0159e, ide\u00e1ln\u00ed pro minimalistick\u00e9, modern\u00ed a spa stylem inspirovan\u00e9 interi\u00e9ry. Motiv vody kr\u00e1sn\u011b navozuje atmosf\u00e9ru relaxace a obraz na st\u011bn\u011b jemn\u011b podtrhuje klidn\u00fd a elegantn\u00ed charakter prostoru.<\/p>\n","protected":false},"excerpt":{"rendered":"<p>Sv\u011btl\u00fd obraz na pl\u00e1tn\u011b s vodn\u00ed hladinou, odlesky a jemn\u00fdmi kruhy. Elegantn\u00ed dekorace do ob\u00fdvac\u00edho pokoje, lo\u017enice, koupelny a modern\u00edch interi\u00e9r\u016f ur\u010den\u00fdch k relaxaci.<\/p>\n","protected":false},"featured_media":335288,"comment_status":"closed","ping_status":"closed","template":"","meta":[],"product_brand":[],"product_cat":[108,210,74,132,86,65,68,102,141,83],"product_tag":[698,180,704],"class_list":{"0":"post-424972","1":"product","2":"type-product","3":"status-publish","4":"has-post-thumbnail","6":"product_cat-fotografie","7":"product_cat-geometricke","8":"product_cat-hotel-cs","9":"product_cat-industrialni","10":"product_cat-kancelar","11":"product_cat-koupelna","12":"product_cat-loznice","13":"product_cat-minimalisticky","14":"product_cat-more-a-pobrezi","15":"product_cat-obyvaci-pokoj","16":"product_tag-moderni-obrazy","17":"product_tag-seda","18":"product_tag-vertikalni","19":"pa_size-finishing-20x30-standard-cs","20":"pa_size-finishing-20x30-na-ptnie-woskim-cs","21":"pa_size-finishing-20x30-premium-print-cs","22":"pa_size-finishing-20x30-akustyczny-cs","23":"pa_size-finishing-40x60-standard-cs","24":"pa_size-finishing-40x60-na-ptnie-woskim-cs","25":"pa_size-finishing-40x60-premium-print-cs","26":"pa_size-finishing-40x60-akustyczny-cs","27":"pa_size-finishing-40x60-w-ramie-drewnianej-naturalnej-cs","28":"pa_size-finishing-40x60-w-ramie-drewnianej-czarnej-cs","29":"pa_size-finishing-60x90-standard-cs","30":"pa_size-finishing-60x90-na-ptnie-woskim-cs","31":"pa_size-finishing-60x90-premium-print-cs","32":"pa_size-finishing-60x90-akustyczny-cs","33":"pa_size-finishing-60x90-w-ramie-drewnianej-naturalnej-cs","34":"pa_size-finishing-60x90-w-ramie-drewnianej-czarnej-cs","35":"pa_size-finishing-80x120-standard-cs","36":"pa_size-finishing-80x120-na-ptnie-woskim-cs","37":"pa_size-finishing-80x120-premium-print-cs","38":"pa_size-finishing-80x120-akustyczny-cs","39":"pa_size-finishing-80x120-w-ramie-drewnianej-naturalnej-cs","40":"pa_size-finishing-80x120-w-ramie-drewnianej-czarnej-cs","42":"first","43":"instock","44":"purchasable","45":"product-type-variable","46":"has-default-attributes"},"aioseo_notices":[],"_links":{"self":[{"href":"https:\/\/interiorposter.com\/cs\/wp-json\/wp\/v2\/product\/424972","targetHints":{"allow":["GET"]}}],"collection":[{"href":"https:\/\/interiorposter.com\/cs\/wp-json\/wp\/v2\/product"}],"about":[{"href":"https:\/\/interiorposter.com\/cs\/wp-json\/wp\/v2\/types\/product"}],"replies":[{"embeddable":true,"href":"https:\/\/interiorposter.com\/cs\/wp-json\/wp\/v2\/comments?post=424972"}],"wp:featuredmedia":[{"embeddable":true,"href":"https:\/\/interiorposter.com\/cs\/wp-json\/wp\/v2\/media\/335288"}],"wp:attachment":[{"href":"https:\/\/interiorposter.com\/cs\/wp-json\/wp\/v2\/media?parent=424972"}],"wp:term":[{"taxonomy":"product_brand","embeddable":true,"href":"https:\/\/interiorposter.com\/cs\/wp-json\/wp\/v2\/product_brand?post=424972"},{"taxonomy":"product_cat","embeddable":true,"href":"https:\/\/interiorposter.com\/cs\/wp-json\/wp\/v2\/product_cat?post=424972"},{"taxonomy":"product_tag","embeddable":true,"href":"https:\/\/interiorposter.com\/cs\/wp-json\/wp\/v2\/product_tag?post=424972"}],"curies":[{"name":"wp","href":"https:\/\/api.w.org\/{rel}","templated":true}]}}